{"id":10803,"date":"2023-09-06T11:42:11","date_gmt":"2023-09-06T09:42:11","guid":{"rendered":"https:\/\/www.oxino.com\/politica-de-cookies\/"},"modified":"2024-06-04T13:11:32","modified_gmt":"2024-06-04T11:11:32","slug":"politica-de-cookies","status":"publish","type":"page","link":"https:\/\/www.oxino.com\/pt-pt\/politica-de-cookies\/","title":{"rendered":"POL\u00cdTICA DE COOKIES\u200b"},"content":{"rendered":"\t\t<div data-elementor-type=\"wp-page\" data-elementor-id=\"10803\" class=\"elementor elementor-10803 elementor-8569\">\n\t\t\t\t\t\t<section class=\"elementor-section elementor-top-section elementor-element elementor-element-8aa1641 elementor-section-boxed elementor-section-height-default elementor-section-height-default qodef-elementor-content-no\" data-id=\"8aa1641\" data-element_type=\"section\">\n\t\t\t\t\t\t<div class=\"elementor-container elementor-column-gap-default\">\n\t\t\t\t\t<div class=\"elementor-column elementor-col-100 elementor-top-column elementor-element elementor-element-504bd34\" data-id=\"504bd34\" data-element_type=\"column\">\n\t\t\t<div class=\"elementor-widget-wrap elementor-element-populated\">\n\t\t\t\t\t\t<div class=\"elementor-element elementor-element-696519a elementor-widget elementor-widget-heading\" data-id=\"696519a\" data-element_type=\"widget\" data-widget_type=\"heading.default\">\n\t\t\t\t<div class=\"elementor-widget-container\">\n\t\t\t<style>\/*! elementor - v3.21.0 - 22-05-2024 *\/\n.elementor-heading-title{padding:0;margin:0;line-height:1}.elementor-widget-heading .elementor-heading-title[class*=elementor-size-]>a{color:inherit;font-size:inherit;line-height:inherit}.elementor-widget-heading .elementor-heading-title.elementor-size-small{font-size:15px}.elementor-widget-heading .elementor-heading-title.elementor-size-medium{font-size:19px}.elementor-widget-heading .elementor-heading-title.elementor-size-large{font-size:29px}.elementor-widget-heading .elementor-heading-title.elementor-size-xl{font-size:39px}.elementor-widget-heading .elementor-heading-title.elementor-size-xxl{font-size:59px}<\/style><h2 class=\"elementor-heading-title elementor-size-default\">POL\u00cdTICA DE COOKIES\u200b\n<\/h2>\t\t<\/div>\n\t\t\t\t<\/div>\n\t\t\t\t<div class=\"elementor-element elementor-element-05f639b elementor-widget elementor-widget-text-editor\" data-id=\"05f639b\" data-element_type=\"widget\" data-widget_type=\"text-editor.default\">\n\t\t\t\t<div class=\"elementor-widget-container\">\n\t\t\t<style>\/*! elementor - v3.21.0 - 22-05-2024 *\/\n.elementor-widget-text-editor.elementor-drop-cap-view-stacked .elementor-drop-cap{background-color:#69727d;color:#fff}.elementor-widget-text-editor.elementor-drop-cap-view-framed .elementor-drop-cap{color:#69727d;border:3px solid;background-color:transparent}.elementor-widget-text-editor:not(.elementor-drop-cap-view-default) .elementor-drop-cap{margin-top:8px}.elementor-widget-text-editor:not(.elementor-drop-cap-view-default) .elementor-drop-cap-letter{width:1em;height:1em}.elementor-widget-text-editor .elementor-drop-cap{float:left;text-align:center;line-height:1;font-size:50px}.elementor-widget-text-editor .elementor-drop-cap-letter{display:inline-block}<\/style>\t\t\t\t<p dir=\"ltr\" style=\"line-height: 1.38; margin-top: 12pt; margin-bottom: 12pt;\"><span style=\"color: #000000; font-family: Arial, sans-serif;\"><span style=\"font-size: 14.6667px; white-space-collapse: preserve;\"><b>DADOS DE IDENTIFICA\u00c7\u00c3O DO PROPRIET\u00c1RIO<\/b><\/span><\/span><\/p>\n<p><\/p>\n<p>O s\u00edtio Web <b>www.oxino.com<\/b>, que utiliza cookies, \u00e9 propriedade da Werku Tools SA (doravante, Werku), com domic\u00edlio na Carretera N-VI km 586, Oleiros, La Coru\u00f1a, Espanha, c\u00f3digo fiscal europeu ESA15098205, inscrita no Registo Comercial de La Coru\u00f1a, Espanha, Tomo 477, Livro 256 da Sec\u00e7\u00e3o 3 de Sociedades, F\u00f3lio 60, folha 2767 e inscri\u00e7\u00e3o 1. Endere\u00e7o de correio eletr\u00f3nico <b>info@oxino.com.<\/b><\/p>\n<p><b>UTILIZADOR<\/b><\/p>\n<p>O acesso e\/ou utiliza\u00e7\u00e3o do site www.oxino.com atribui a condi\u00e7\u00e3o de utilizador (doravante, Utilizador).<\/p>\n<p><b>UTILIZA\u00c7\u00c3O DE COOKIES<\/b><\/p>\n<p>Os cookies s\u00e3o ficheiros que se descarregam no computador do Utilizador ao aceder \u00e0 p\u00e1gina web <b>www.oxino.com<\/b>. Os cookies permitem \u00e0 Werku, entre outras coisas, armazenar e recuperar informa\u00e7\u00e3o sobre os h\u00e1bitos de navega\u00e7\u00e3o do Utilizador ou do seu computador. Al\u00e9m disso, os cookies melhoram o processo de navega\u00e7\u00e3o do Utilizador, uma vez que permitem que o s\u00edtio Web www.oxino.com ofere\u00e7a informa\u00e7\u00f5es que podem ser do interesse do Utilizador, em fun\u00e7\u00e3o da sua utiliza\u00e7\u00e3o do s\u00edtio Web <b>www.oxino.com.<\/b><\/p>\n<p><\/p>\n<p><span style=\"color: #000000; font-family: Arial, sans-serif;\">Se o Utilizador n\u00e3o desejar receber cookies, pode configurar o seu navegador de Internet para apagar os cookies do disco r\u00edgido do seu computador, bloque\u00e1-los ou avis\u00e1-lo se estiverem instalados. Para continuar sem alterar as defini\u00e7\u00f5es de cookies, o Utilizador deve simplesmente continuar a navegar no s\u00edtio Web<b> www.oxino.com<\/b>.<\/span><\/p>\n<p dir=\"ltr\" style=\"line-height: 1.38; margin-top: 12pt; margin-bottom: 12pt;\"><span style=\"color: #000000; font-family: Arial, sans-serif;\"><span style=\"font-size: 14.6667px; white-space-collapse: preserve;\"><b>CONSENTIMENTO<\/b><\/span><\/span><\/p>\n<p>Os cookies do s\u00edtio Web <b>www.oxino.com<\/b> n\u00e3o armazenam dados pessoais nem informa\u00e7\u00f5es que possam identificar o Utilizador, salvo se o Utilizador desejar registar-se voluntariamente para utilizar os servi\u00e7os que o s\u00edtio Web<b> www.oxino.com<\/b> disponibiliza ou para receber informa\u00e7\u00f5es sobre promo\u00e7\u00f5es e conte\u00fados de interesse.<\/p>\n<p>Ao navegar no site <b>www.oxino.com <\/b>pela primeira vez, aparecer\u00e1 um banner explicando o uso de cookies. Ao continuar a navegar, o Utilizador est\u00e1 a consentir a utiliza\u00e7\u00e3o dos referidos cookies e nas condi\u00e7\u00f5es constantes da presente Pol\u00edtica de Cookies. Este consentimento \u00e9 v\u00e1lido por um per\u00edodo de 13 meses. Em caso de desacordo, o Utilizador deve enviar uma reclama\u00e7\u00e3o por correio eletr\u00f3nico para<b> info@oxino.com.<\/b><\/p>\n<p><b>TIPOS E OBJECTIVOS DOS COOKIES<\/b><\/p>\n<p>Os cookies, consoante a sua perman\u00eancia, podem ser classificados em dois tipos:<\/p>\n<p>1) Cookies de sess\u00e3o: expiram quando o Utilizador fecha o navegador.<br>2) Cookies persistentes: Expiram quando a finalidade para a qual s\u00e3o utilizados \u00e9 cumprida (por exemplo, para que o Utilizador continue a ser identificado no s\u00edtio Web <b>www.oxino.com<\/b> e nos seus servi\u00e7os ou quando s\u00e3o eliminados manualmente).<\/p>\n<p><span style=\"color: #000000; font-family: Arial, sans-serif;\">Os cookies, consoante a sua finalidade, podem ser classificados em seis tipos:<\/span><\/p>\n<p dir=\"ltr\" style=\"line-height: 1.38; margin-top: 12pt; margin-bottom: 12pt;\"><span style=\"background-color: transparent; font-variant-numeric: normal; font-variant-east-asian: normal; font-variant-alternates: normal; font-variant-position: normal; vertical-align: baseline;\"><span style=\"color: #000000; font-family: Arial, sans-serif;\"><span style=\"font-size: 14.6667px; white-space-collapse: preserve;\">1) Cookies de desempenho (t\u00e9cnicos e de personaliza\u00e7\u00e3o): Guardam as prefer\u00eancias das ferramentas presentes nos servi\u00e7os, para que o Utilizador n\u00e3o tenha de reconfigurar o servi\u00e7o de cada vez que visita o s\u00edtio <b>www.oxino.com<\/b>. A t\u00edtulo de exemplo, incluem as defini\u00e7\u00f5es de volume dos leitores de som e as velocidades de transmiss\u00e3o de v\u00eddeo compat\u00edveis com o navegador. <\/span><\/span><\/span><\/p><p dir=\"ltr\" style=\"line-height: 1.38; margin-top: 12pt; margin-bottom: 12pt;\"><span style=\"background-color: transparent; font-variant-numeric: normal; font-variant-east-asian: normal; font-variant-alternates: normal; font-variant-position: normal; vertical-align: baseline;\"><span style=\"color: #000000; font-family: Arial, sans-serif;\"><span style=\"font-size: 14.6667px; white-space-collapse: preserve;\">2) Cookies de geolocaliza\u00e7\u00e3o: Localizam em que pa\u00eds se encontra o Utilizador quando solicita um servi\u00e7o. Estes cookies s\u00e3o an\u00f3nimos e apenas s\u00e3o utilizados para ajudar a direcionar o conte\u00fado para a localiza\u00e7\u00e3o do Utilizador. <\/span><\/span><\/span><\/p><p dir=\"ltr\" style=\"line-height: 1.38; margin-top: 12pt; margin-bottom: 12pt;\"><span style=\"background-color: transparent; font-variant-numeric: normal; font-variant-east-asian: normal; font-variant-alternates: normal; font-variant-position: normal; vertical-align: baseline;\"><span style=\"color: #000000; font-family: Arial, sans-serif;\"><span style=\"font-size: 14.6667px; white-space-collapse: preserve;\">3) Cookies de registo (t\u00e9cnicos e de personaliza\u00e7\u00e3o): Identificam o Utilizador ap\u00f3s o seu registo ou posterior in\u00edcio de sess\u00e3o, com os seguintes poss\u00edveis objectivos &#8211; Manter o Utilizador identificado para que, se fechar um servi\u00e7o, continue a ser identificado ao reabrir o navegador ou o computador e noutro momento, facilitando assim a sua navega\u00e7\u00e3o sem ter de se identificar novamente. Esta funcionalidade pode ser eliminada se o Utilizador clicar na fun\u00e7\u00e3o \u201cfechar sess\u00e3o\u201d, de modo a que estes cookies sejam eliminados e, da pr\u00f3xima vez que o Utilizador entrar no servi\u00e7o, ter\u00e1 de iniciar sess\u00e3o para ser identificado. &#8211; Verificar se o Utilizador est\u00e1 autorizado a aceder a determinados servi\u00e7os (por exemplo, para participar num concurso).<\/span><\/span><\/span><\/p><p dir=\"ltr\" style=\"line-height: 1.38; margin-top: 12pt; margin-bottom: 12pt;\"><span style=\"background-color: transparent; font-variant-numeric: normal; font-variant-east-asian: normal; font-variant-alternates: normal; font-variant-position: normal; vertical-align: baseline; font-size: 14.6667px; white-space-collapse: preserve;\"><span style=\"color: #000000; font-family: Arial, sans-serif;\">4) Cookies anal\u00edticos: Cada visita do Utilizador a um servi\u00e7o ou informa\u00e7\u00e3o do s\u00edtio Web<b> www.oxino.com<\/b>, ou a uma ferramenta de um fornecedor externo (Google Analytics, Comscore e ferramentas semelhantes que podem ser acrescentadas a esta lista se variarem em rela\u00e7\u00e3o \u00e0s actuais) gera um cookie anal\u00edtico no computador do Utilizador. Este cookie, que s\u00f3 \u00e9 gerado durante a visita, ser\u00e1 utilizado em futuras visitas aos servi\u00e7os do s\u00edtio Web <b>www.oxino.com<\/b> para identificar anonimamente o visitante, com os seguintes objectivos<br>&#8211; Permitir a identifica\u00e7\u00e3o an\u00f3nima do Utilizador atrav\u00e9s de cookies (identifica navegadores e dispositivos, n\u00e3o pessoas) e, portanto, a contagem aproximada do n\u00famero de visitantes e a sua tend\u00eancia ao longo do tempo.<br>&#8211; Identificar anonimamente os conte\u00fados mais visitados e, por conseguinte, mais atractivos para o Utilizador.<br>&#8211; Saber se o Utilizador \u00e9 um visitante novo ou recorrente. A menos que o Utilizador decida registar-se em qualquer servi\u00e7o ou conte\u00fado do s\u00edtio Web <b>www.oxino.com<\/b>, os cookies nunca ser\u00e3o associados a quaisquer dados pessoais que possam identificar o Utilizador. Estes cookies ser\u00e3o utilizados apenas para fins estat\u00edsticos que ajudem a otimizar a experi\u00eancia do Utilizador.<br><\/span><\/span><span style=\"color: #000000; font-family: Arial, sans-serif;\"><span style=\"font-size: 14.6667px; white-space-collapse: preserve;\">5) Cookies publicit\u00e1rios pr\u00f3prios: S\u00e3o utilizados para gerir o propriet\u00e1rio se o utilizador visitou o an\u00fancio. Tamb\u00e9m permitem a gest\u00e3o de espa\u00e7os publicit\u00e1rios, armazenando dados sobre o comportamento de navega\u00e7\u00e3o do Utilizador, com o fim de oferecer publicidade. <\/span><\/span><\/p><p dir=\"ltr\" style=\"line-height: 1.38; margin-top: 12pt; margin-bottom: 12pt;\"><span style=\"color: #000000; font-family: Arial, sans-serif;\"><span style=\"font-size: 14.6667px; white-space-collapse: preserve;\">6) Cookies de publicidade de terceiros: Para al\u00e9m da publicidade gerida pela Werku nos seus conte\u00fados ou servi\u00e7os, a Werku pode oferecer aos seus anunciantes a possibilidade de veicular publicidade atrav\u00e9s de terceiros. Desta forma, estes terceiros podem armazenar os cookies enviados a partir dos conte\u00fados do s\u00edtio Web<b> www.oxino.com<\/b>, provenientes dos navegadores do Utilizador, bem como aceder aos dados armazenados nos mesmos. Os terceiros que geram estes cookies t\u00eam as suas pr\u00f3prias pol\u00edticas de privacidade.<\/span><\/span><\/p>\n<p dir=\"ltr\" style=\"line-height: 1.38; margin-top: 12pt; margin-bottom: 12pt;\"><font color=\"#000000\" face=\"Arial, sans-serif\"><span style=\"font-size: 14.6667px; white-space-collapse: preserve;\"><b>BLOQUEIO OU ELIMINA\u00c7\u00c3O DOS COOKIES INSTALADOS<\/b><\/span><\/font><\/p>\n<p><b><font color=\"#000000\" face=\"Arial, sans-serif\"><\/font><\/b><\/p>\n<p><b><font color=\"#000000\" face=\"Arial, sans-serif\"><\/font><\/b><\/p><font color=\"#000000\" face=\"Arial, sans-serif\"><b>\n<\/b><p>O Utilizador pode permitir, bloquear ou eliminar os cookies instalados no seu equipamento atrav\u00e9s da configura\u00e7\u00e3o das op\u00e7\u00f5es do seu navegador. O Utilizador pode encontrar informa\u00e7\u00f5es sobre como faz\u00ea-lo, em rela\u00e7\u00e3o aos navegadores mais comuns, nos seguintes links:<\/p>\n<p>Explorer: <b>https:\/\/support.microsoft.com\/es-es\/kb\/278835<\/b><br>Chrome:<b> http:\/\/support.google.com\/chrome\/bin\/answer.py?h1=es&amp;answer=95647<\/b><br>Firefox: <b>https:\/\/support.mozilla.org\/es\/kb\/Borrar%20cookies<\/b><br>Safari: <b>http:\/\/support.apple.com\/kb\/ph5042<\/b><\/p>\n<p>A desativa\u00e7\u00e3o dos cookies pode impedir ou dificultar a navega\u00e7\u00e3o ou a presta\u00e7\u00e3o dos servi\u00e7os oferecidos no s\u00edtio Web <b>www.oxino.com.<\/b><\/p>\n<p><b>MODIFICA\u00c7\u00d5ES<\/b><\/p>\n<p>A Werku poder\u00e1 modificar a Pol\u00edtica de Cookies do s\u00edtio web <b>www.oxino.com<\/b> em fun\u00e7\u00e3o de exig\u00eancias legais ou com o fim de adaptar a referida Pol\u00edtica de Cookies \u00e0s instru\u00e7\u00f5es emitidas pela Ag\u00eancia Espanhola de Prote\u00e7\u00e3o de Dados.<\/p>\n<\/font><p><font color=\"#000000\" face=\"Arial, sans-serif\"><\/font><\/p>\n<p><font color=\"#000000\" face=\"Arial, sans-serif\"><\/font><\/p>\n<p><font color=\"#000000\" face=\"Arial, sans-serif\">Por este motivo, aconselha-se o Utilizador a rever periodicamente a presente Pol\u00edtica de Cookies. N\u00e3o obstante, em caso de altera\u00e7\u00f5es significativas \u00e0 presente Pol\u00edtica de Cookies, a Werku comunicar\u00e1 essas altera\u00e7\u00f5es ao Utilizador no s\u00edtio Web www.oxino.com ou atrav\u00e9s de correio eletr\u00f3nico para o Utilizador registado.<\/font><br><\/p>\n<p dir=\"ltr\" style=\"line-height: 1.38; margin-top: 12pt; margin-bottom: 12pt;\"><font color=\"#000000\" face=\"Arial, sans-serif\"><span style=\"font-size: 14.6667px; white-space-collapse: preserve;\"><b>L\u00cdNGUA<\/b><\/span><\/font><\/p>\n<p><font color=\"#000000\" face=\"Arial, sans-serif\"><\/font><\/p><font color=\"#000000\" face=\"Arial, sans-serif\">\n<p>A presente Pol\u00edtica de Cookies foi publicada em v\u00e1rias l\u00ednguas. A vers\u00e3o inglesa \u00e9 a original e prevalece sobre as tradu\u00e7\u00f5es.<\/p>\n<p><b>LEGISLA\u00c7\u00c3O APLIC\u00c1VEL E JURISDI\u00c7\u00c3O<\/b><\/p>\n<p>A rela\u00e7\u00e3o entre a Werku e o Utilizador ser\u00e1 regida pela legisla\u00e7\u00e3o espanhola em vigor. Todos os lit\u00edgios e reclama\u00e7\u00f5es derivados da presente Pol\u00edtica de Cookies ser\u00e3o resolvidos pelos tribunais competentes.<\/p>\n<\/font><p><font color=\"#000000\" face=\"Arial, sans-serif\"><\/font><\/p>\n<p><font color=\"#000000\" face=\"Arial, sans-serif\">A presente Pol\u00edtica de Cookies foi actualizada em 17 de mar\u00e7o de 2021 para se adaptar ao Regulamento (UE) 2016\/679 do Parlamento Europeu e do Conselho, de 27 de abril de 2016, relativo \u00e0 prote\u00e7\u00e3o das pessoas singulares no que diz respeito ao tratamento de dados pessoais e \u00e0 livre circula\u00e7\u00e3o desses dados (RGPD).<\/font><br><\/p>\t\t\t\t\t\t<\/div>\n\t\t\t\t<\/div>\n\t\t\t\t\t<\/div>\n\t\t<\/div>\n\t\t\t\t\t<\/div>\n\t\t<\/section>\n\t\t\t\t<section class=\"elementor-section elementor-top-section elementor-element elementor-element-7f61a335 elementor-section-full_width elementor-section-stretched elementor-section-height-default elementor-section-height-default qodef-elementor-content-no\" data-id=\"7f61a335\" data-element_type=\"section\" data-settings=\"{&quot;stretch_section&quot;:&quot;section-stretched&quot;}\">\n\t\t\t\t\t\t<div class=\"elementor-container elementor-column-gap-default\">\n\t\t\t\t\t<div class=\"elementor-column elementor-col-100 elementor-top-column elementor-element elementor-element-15ddcd17\" data-id=\"15ddcd17\" data-element_type=\"column\">\n\t\t\t<div class=\"elementor-widget-wrap elementor-element-populated\">\n\t\t\t\t\t\t<div class=\"elementor-element elementor-element-e298656 elementor-widget elementor-widget-text-editor\" data-id=\"e298656\" data-element_type=\"widget\" data-widget_type=\"text-editor.default\">\n\t\t\t\t<div class=\"elementor-widget-container\">\n\t\t\t\t\t\t\t<p><span style=\"font-weight: 400;\"><a href=\"https:\/\/www.oxino.com\/pt-pt\/aviso-legal\/\">Aviso Legal<\/a> \u00b7 <a href=\"https:\/\/www.oxino.com\/pt-pt\/politica-de-cookies\/\">Pol\u00edtica de Cookies<\/a> \u00b7 <a href=\"https:\/\/www.oxino.com\/pt-pt\/politica-de-privacidade\/\">Pol\u00edtica de Privacidade<\/a> \u00b7 <a href=\"https:\/\/www.oxino.com\/pt-pt\/tratamento-de-dados-pessoais\/\">Tratamento de Dados Pessoais<\/a> \u00b7 <a href=\"https:\/\/www.oxino.com\/pt-pt\/termos-de-venda\/\">Termos de Venda<\/a><\/span><\/p><p><span style=\"font-weight: 400;\">Copyright 2021 \u00b7 Werku Tools SA \u00b7 Carretera N-VI km 586 \u00b7 15176 Oleiros \u00b7 La Coru\u00f1a \u00b7 Espa\u00f1a \u00b7 info@werku.com\u00a0<\/span><\/p>\t\t\t\t\t\t<\/div>\n\t\t\t\t<\/div>\n\t\t\t\t\t<\/div>\n\t\t<\/div>\n\t\t\t\t\t<\/div>\n\t\t<\/section>\n\t\t\t\t<\/div>\n\t\t","protected":false},"excerpt":{"rendered":"<p>POL\u00cdTICA DE COOKIES\u200b DADOS DE IDENTIFICA\u00c7\u00c3O DO PROPRIET\u00c1RIO O s\u00edtio Web www.oxino.com, que utiliza cookies, \u00e9 propriedade da Werku Tools SA (doravante, Werku), com domic\u00edlio na Carretera N-VI km 586, Oleiros, La Coru\u00f1a, Espanha, c\u00f3digo fiscal europeu ESA15098205, inscrita no Registo Comercial de La Coru\u00f1a, Espanha, Tomo 477, Livro 256 da Sec\u00e7\u00e3o 3 de Sociedades, [&hellip;]<\/p>\n","protected":false},"author":1,"featured_media":0,"parent":0,"menu_order":0,"comment_status":"closed","ping_status":"closed","template":"","meta":{"footnotes":""},"class_list":["post-10803","page","type-page","status-publish","hentry"],"yoast_head":"<!-- This site is optimized with the Yoast SEO plugin v23.1 - https:\/\/yoast.com\/wordpress\/plugins\/seo\/ -->\n<title>POL\u00cdTICA DE COOKIES\u200b - Oxi...no<\/title>\n<meta name=\"robots\" content=\"index, follow, max-snippet:-1, max-image-preview:large, max-video-preview:-1\" \/>\n<link rel=\"canonical\" href=\"https:\/\/www.oxino.com\/politica-de-cookies\/\" \/>\n<meta property=\"og:locale\" content=\"pt_PT\" \/>\n<meta property=\"og:type\" content=\"article\" \/>\n<meta property=\"og:title\" content=\"POL\u00cdTICA DE COOKIES\u200b - Oxi...no\" \/>\n<meta property=\"og:description\" content=\"POL\u00cdTICA DE COOKIES\u200b DADOS DE IDENTIFICA\u00c7\u00c3O DO PROPRIET\u00c1RIO O s\u00edtio Web www.oxino.com, que utiliza cookies, \u00e9 propriedade da Werku Tools SA (doravante, Werku), com domic\u00edlio na Carretera N-VI km 586, Oleiros, La Coru\u00f1a, Espanha, c\u00f3digo fiscal europeu ESA15098205, inscrita no Registo Comercial de La Coru\u00f1a, Espanha, Tomo 477, Livro 256 da Sec\u00e7\u00e3o 3 de Sociedades, [&hellip;]\" \/>\n<meta property=\"og:url\" content=\"https:\/\/www.oxino.com\/politica-de-cookies\/\" \/>\n<meta property=\"og:site_name\" content=\"Oxi...no\" \/>\n<meta property=\"article:modified_time\" content=\"2024-06-04T11:11:32+00:00\" \/>\n<meta name=\"twitter:card\" content=\"summary_large_image\" \/>\n<meta name=\"twitter:label1\" content=\"Tempo estimado de leitura\" \/>\n\t<meta name=\"twitter:data1\" content=\"7 minutos\" \/>\n<script type=\"application\/ld+json\" class=\"yoast-schema-graph\">{\"@context\":\"https:\/\/schema.org\",\"@graph\":[{\"@type\":\"WebPage\",\"@id\":\"https:\/\/www.oxino.com\/politica-de-cookies\/\",\"url\":\"https:\/\/www.oxino.com\/politica-de-cookies\/\",\"name\":\"POL\u00cdTICA DE COOKIES\u200b - Oxi...no\",\"isPartOf\":{\"@id\":\"https:\/\/www.oxino.com\/#website\"},\"datePublished\":\"2023-09-06T09:42:11+00:00\",\"dateModified\":\"2024-06-04T11:11:32+00:00\",\"breadcrumb\":{\"@id\":\"https:\/\/www.oxino.com\/politica-de-cookies\/#breadcrumb\"},\"inLanguage\":\"pt-PT\",\"potentialAction\":[{\"@type\":\"ReadAction\",\"target\":[\"https:\/\/www.oxino.com\/politica-de-cookies\/\"]}]},{\"@type\":\"BreadcrumbList\",\"@id\":\"https:\/\/www.oxino.com\/politica-de-cookies\/#breadcrumb\",\"itemListElement\":[{\"@type\":\"ListItem\",\"position\":1,\"name\":\"Portada\",\"item\":\"https:\/\/www.oxino.com\/pt-pt\/\"},{\"@type\":\"ListItem\",\"position\":2,\"name\":\"POL\u00cdTICA DE COOKIES\u200b\"}]},{\"@type\":\"WebSite\",\"@id\":\"https:\/\/www.oxino.com\/#website\",\"url\":\"https:\/\/www.oxino.com\/\",\"name\":\"Oxi...no\",\"description\":\"\",\"publisher\":{\"@id\":\"https:\/\/www.oxino.com\/#organization\"},\"potentialAction\":[{\"@type\":\"SearchAction\",\"target\":{\"@type\":\"EntryPoint\",\"urlTemplate\":\"https:\/\/www.oxino.com\/?s={search_term_string}\"},\"query-input\":\"required name=search_term_string\"}],\"inLanguage\":\"pt-PT\"},{\"@type\":\"Organization\",\"@id\":\"https:\/\/www.oxino.com\/#organization\",\"name\":\"Oxi...no\",\"url\":\"https:\/\/www.oxino.com\/\",\"logo\":{\"@type\":\"ImageObject\",\"inLanguage\":\"pt-PT\",\"@id\":\"https:\/\/www.oxino.com\/#\/schema\/logo\/image\/\",\"url\":\"https:\/\/www.oxino.com\/wp-content\/uploads\/2024\/01\/cropped-Logo_OXINO_Fondo_Blanco.webp\",\"contentUrl\":\"https:\/\/www.oxino.com\/wp-content\/uploads\/2024\/01\/cropped-Logo_OXINO_Fondo_Blanco.webp\",\"width\":512,\"height\":512,\"caption\":\"Oxi...no\"},\"image\":{\"@id\":\"https:\/\/www.oxino.com\/#\/schema\/logo\/image\/\"},\"sameAs\":[\"https:\/\/www.linkedin.com\/company\/oxi-no\/\"]}]}<\/script>\n<!-- \/ Yoast SEO plugin. -->","yoast_head_json":{"title":"POL\u00cdTICA DE COOKIES\u200b - Oxi...no","robots":{"index":"index","follow":"follow","max-snippet":"max-snippet:-1","max-image-preview":"max-image-preview:large","max-video-preview":"max-video-preview:-1"},"canonical":"https:\/\/www.oxino.com\/politica-de-cookies\/","og_locale":"pt_PT","og_type":"article","og_title":"POL\u00cdTICA DE COOKIES\u200b - Oxi...no","og_description":"POL\u00cdTICA DE COOKIES\u200b DADOS DE IDENTIFICA\u00c7\u00c3O DO PROPRIET\u00c1RIO O s\u00edtio Web www.oxino.com, que utiliza cookies, \u00e9 propriedade da Werku Tools SA (doravante, Werku), com domic\u00edlio na Carretera N-VI km 586, Oleiros, La Coru\u00f1a, Espanha, c\u00f3digo fiscal europeu ESA15098205, inscrita no Registo Comercial de La Coru\u00f1a, Espanha, Tomo 477, Livro 256 da Sec\u00e7\u00e3o 3 de Sociedades, [&hellip;]","og_url":"https:\/\/www.oxino.com\/politica-de-cookies\/","og_site_name":"Oxi...no","article_modified_time":"2024-06-04T11:11:32+00:00","twitter_card":"summary_large_image","twitter_misc":{"Tempo estimado de leitura":"7 minutos"},"schema":{"@context":"https:\/\/schema.org","@graph":[{"@type":"WebPage","@id":"https:\/\/www.oxino.com\/politica-de-cookies\/","url":"https:\/\/www.oxino.com\/politica-de-cookies\/","name":"POL\u00cdTICA DE COOKIES\u200b - Oxi...no","isPartOf":{"@id":"https:\/\/www.oxino.com\/#website"},"datePublished":"2023-09-06T09:42:11+00:00","dateModified":"2024-06-04T11:11:32+00:00","breadcrumb":{"@id":"https:\/\/www.oxino.com\/politica-de-cookies\/#breadcrumb"},"inLanguage":"pt-PT","potentialAction":[{"@type":"ReadAction","target":["https:\/\/www.oxino.com\/politica-de-cookies\/"]}]},{"@type":"BreadcrumbList","@id":"https:\/\/www.oxino.com\/politica-de-cookies\/#breadcrumb","itemListElement":[{"@type":"ListItem","position":1,"name":"Portada","item":"https:\/\/www.oxino.com\/pt-pt\/"},{"@type":"ListItem","position":2,"name":"POL\u00cdTICA DE COOKIES\u200b"}]},{"@type":"WebSite","@id":"https:\/\/www.oxino.com\/#website","url":"https:\/\/www.oxino.com\/","name":"Oxi...no","description":"","publisher":{"@id":"https:\/\/www.oxino.com\/#organization"},"potentialAction":[{"@type":"SearchAction","target":{"@type":"EntryPoint","urlTemplate":"https:\/\/www.oxino.com\/?s={search_term_string}"},"query-input":"required name=search_term_string"}],"inLanguage":"pt-PT"},{"@type":"Organization","@id":"https:\/\/www.oxino.com\/#organization","name":"Oxi...no","url":"https:\/\/www.oxino.com\/","logo":{"@type":"ImageObject","inLanguage":"pt-PT","@id":"https:\/\/www.oxino.com\/#\/schema\/logo\/image\/","url":"https:\/\/www.oxino.com\/wp-content\/uploads\/2024\/01\/cropped-Logo_OXINO_Fondo_Blanco.webp","contentUrl":"https:\/\/www.oxino.com\/wp-content\/uploads\/2024\/01\/cropped-Logo_OXINO_Fondo_Blanco.webp","width":512,"height":512,"caption":"Oxi...no"},"image":{"@id":"https:\/\/www.oxino.com\/#\/schema\/logo\/image\/"},"sameAs":["https:\/\/www.linkedin.com\/company\/oxi-no\/"]}]}},"_links":{"self":[{"href":"https:\/\/www.oxino.com\/pt-pt\/wp-json\/wp\/v2\/pages\/10803","targetHints":{"allow":["GET"]}}],"collection":[{"href":"https:\/\/www.oxino.com\/pt-pt\/wp-json\/wp\/v2\/pages"}],"about":[{"href":"https:\/\/www.oxino.com\/pt-pt\/wp-json\/wp\/v2\/types\/page"}],"author":[{"embeddable":true,"href":"https:\/\/www.oxino.com\/pt-pt\/wp-json\/wp\/v2\/users\/1"}],"replies":[{"embeddable":true,"href":"https:\/\/www.oxino.com\/pt-pt\/wp-json\/wp\/v2\/comments?post=10803"}],"version-history":[{"count":12,"href":"https:\/\/www.oxino.com\/pt-pt\/wp-json\/wp\/v2\/pages\/10803\/revisions"}],"predecessor-version":[{"id":12404,"href":"https:\/\/www.oxino.com\/pt-pt\/wp-json\/wp\/v2\/pages\/10803\/revisions\/12404"}],"wp:attachment":[{"href":"https:\/\/www.oxino.com\/pt-pt\/wp-json\/wp\/v2\/media?parent=10803"}],"curies":[{"name":"wp","href":"https:\/\/api.w.org\/{rel}","templated":true}]}}