{"id":12260,"date":"2023-09-06T15:54:21","date_gmt":"2023-09-06T13:54:21","guid":{"rendered":"https:\/\/www.oxino.com\/aviso-legal\/"},"modified":"2024-06-04T13:18:55","modified_gmt":"2024-06-04T11:18:55","slug":"wettelijke-kennisgeving","status":"publish","type":"page","link":"https:\/\/www.oxino.com\/nl\/wettelijke-kennisgeving\/","title":{"rendered":"WETTELIJKE KENNISGEVING"},"content":{"rendered":"\t\t<div data-elementor-type=\"wp-page\" data-elementor-id=\"12260\" class=\"elementor elementor-12260 elementor-8614\">\n\t\t\t\t\t\t<section class=\"elementor-section elementor-top-section elementor-element elementor-element-8aa1641 elementor-section-boxed elementor-section-height-default elementor-section-height-default qodef-elementor-content-no\" data-id=\"8aa1641\" data-element_type=\"section\">\n\t\t\t\t\t\t<div class=\"elementor-container elementor-column-gap-default\">\n\t\t\t\t\t<div class=\"elementor-column elementor-col-100 elementor-top-column elementor-element elementor-element-504bd34\" data-id=\"504bd34\" data-element_type=\"column\">\n\t\t\t<div class=\"elementor-widget-wrap elementor-element-populated\">\n\t\t\t\t\t\t<div class=\"elementor-element elementor-element-696519a elementor-widget elementor-widget-heading\" data-id=\"696519a\" data-element_type=\"widget\" data-widget_type=\"heading.default\">\n\t\t\t\t<div class=\"elementor-widget-container\">\n\t\t\t<style>\/*! elementor - v3.21.0 - 22-05-2024 *\/\n.elementor-heading-title{padding:0;margin:0;line-height:1}.elementor-widget-heading .elementor-heading-title[class*=elementor-size-]>a{color:inherit;font-size:inherit;line-height:inherit}.elementor-widget-heading .elementor-heading-title.elementor-size-small{font-size:15px}.elementor-widget-heading .elementor-heading-title.elementor-size-medium{font-size:19px}.elementor-widget-heading .elementor-heading-title.elementor-size-large{font-size:29px}.elementor-widget-heading .elementor-heading-title.elementor-size-xl{font-size:39px}.elementor-widget-heading .elementor-heading-title.elementor-size-xxl{font-size:59px}<\/style><h2 class=\"elementor-heading-title elementor-size-default\">WETTELIJKE KENNISGEVING<\/h2>\t\t<\/div>\n\t\t\t\t<\/div>\n\t\t\t\t<div class=\"elementor-element elementor-element-05f639b elementor-widget elementor-widget-text-editor\" data-id=\"05f639b\" data-element_type=\"widget\" data-widget_type=\"text-editor.default\">\n\t\t\t\t<div class=\"elementor-widget-container\">\n\t\t\t<style>\/*! elementor - v3.21.0 - 22-05-2024 *\/\n.elementor-widget-text-editor.elementor-drop-cap-view-stacked .elementor-drop-cap{background-color:#69727d;color:#fff}.elementor-widget-text-editor.elementor-drop-cap-view-framed .elementor-drop-cap{color:#69727d;border:3px solid;background-color:transparent}.elementor-widget-text-editor:not(.elementor-drop-cap-view-default) .elementor-drop-cap{margin-top:8px}.elementor-widget-text-editor:not(.elementor-drop-cap-view-default) .elementor-drop-cap-letter{width:1em;height:1em}.elementor-widget-text-editor .elementor-drop-cap{float:left;text-align:center;line-height:1;font-size:50px}.elementor-widget-text-editor .elementor-drop-cap-letter{display:inline-block}<\/style>\t\t\t\t<p dir=\"ltr\" style=\"line-height: 1.38; margin-top: 12pt; margin-bottom: 12pt;\"><span style=\"font-size: 14.6667px; white-space-collapse: preserve;\"><b>DONN\u00c9ES D&#8217;IDENTIFICATION DU PROPRI\u00c9TAIRE<\/b><\/span><\/p>\n<p>De eigenaar van de website<b> www.oxino.com <\/b>is Werku Tools SA (ci-apr\u00e8s, Werku), gevestigd te Carretera N-VI km 586, Oleiros, La Coru\u00f1a, Spanje, Europese belastingcode ESA15098205, geregistreerd bij het handelsregister van La Coru\u00f1a, Spanje, deel 477, boek 256 de la section 3 des soci\u00e9t\u00e9s, folio 60, pagina 2767 en inscriptie 1. Adresse de courrier \u00e9lectronique<b> info@oxino.com<\/b>.<\/p>\n<p>Voor alle communicatie betreffende de website<b> www.oxino.com<\/b> zijn de Werku-co\u00f6rdinaten de volgende:<br>&#8211; Telefoon: +34 981 610 639<br>&#8211; Elektronische koerier:<b> info@oxino.com<\/b><\/p>\n<p><b>GEBRUIKSAANWIJZING<\/b><\/p>\n<p>De voorwaarden van deze juridische kennisgeving zijn bedoeld om het gebruik van de website <b>www.oxino.com<\/b>, die wij beschikbaar stellen aan het publiek, te reguleren. De toegang tot en\/of het gebruik van de website <b>www.oxino.com <\/b>brengt de gebruiksvoorwaarden (ci-apr\u00e8s, Utilisateur) met zich mee, voor het aanvaarden van dit gebruik en de huidige wettelijke bepalingen, die van toepassing onafhankelijk van de contractuele voorwaarden die, indien van toepassing, verplicht zijn.<\/p>\n<p><b>GEBRUIK<\/b><\/p>\n<p>De site <b>www.oxino.com <\/b>geeft u toegang tot een veelheid aan informatie, diensten, programma&#8217;s of geschenken op internet (ci-apr\u00e8s, inhoud) appartenant \u00e0 Werku of \u00e0 ses conc\u00e9dants.<\/p>\n<p>De gebruiker aanvaardt de verantwoordelijkheid voor het gebruik van de site<b> www.oxino.com<\/b>. Deze verantwoordelijkheid geldt voor de registratie die nodig is om toegang te krijgen tot bepaalde inhoud. Als u zich registreert, is het gebruik van de informatie-informatie en licenties. Als gevolg van deze registratie kan aan de gebruiker een pasbrief worden toegewezen zonder dat hij daarvoor verantwoordelijk is en ijverig en zelfverzekerd gebruik maakt.<\/p>\n<p>De gebruiker houdt zich bezig met een gebruik dat geschikt is voor contenus (bijvoorbeeld chats, discussieforums of nieuwe groepen), waarbij Werku voorstelt om de site<b> www.oxino.com<\/b> te doorkruisen en (notatie) om het volgende te gebruiken:<\/p>\n<p>1) Realiseer illegale, illegale en tegengestelde activiteiten op het gebied van de openbare orde en de openbare orde.<\/p>\n<p>2) Het verspreiden van informatie die racistisch, xenofoob, pornografisch, illegaal is, de verontschuldiging voor terrorisme mogelijk maakt of aandacht besteedt aan de rechten van de mens.<\/p>\n<p>3) Veroorzaakt de overheersing van fysieke en logistieke systemen op het werk, van deze viernisseurs of van de niveaus, introduceert of verspreidt informatie over virussen of over het lichaamssysteem of de logica die de veroorzaker is van de opgelopen letsels.<\/p>\n<p>4) Toegang krijgen tot en gebruik maken van de elektronische koerier en andere gebruikers en modifiers, of uw berichten afhandelen.&nbsp;<\/p>\n<p>5) Effectuer un commercial, politiek, publicitair gebruik of elk ander commercieel gebruik, notamment l&#8217;envoi de koeriers elektronische niet-sollicit\u00e9s.<\/p><p>Werku de vrijheid van commentaar en bijdragen met geweld en respect voor de menselijke waardigheid, met discriminatoire mensen, xenofoben, racisten, pornografie, die bedreigend zijn voor de jeunesse of de belangenbehartiging, de openbare orde of de veiligheid , als u een kijkje neemt, is het niet de moeite waard om de publicatie te gebruiken. In alle gevallen is Werku niet verantwoordelijk voor de meningen die door de Gebruikers worden geuit via de forums, chats of andere deelnametools.<\/p>\n<p><b>BESCHERMING VAN DONN\u00c9ES<\/b><\/p>\n<p>Alle vragen met betrekking tot het beschermingsbeleid van deze personen zijn opgenomen in het vertrouwelijkheidsbeleid van de website <b>www.oxino.com.<\/b><\/p>\n<p><b>EIGEN INTELLECTUELLE EN INDUSTRIELLE<\/b><\/p>\n<p>Werk of gebruik licenties van alle intellectuele en industri\u00eble eigendommen van de site www.oxino.com, ook als het gaat om elementen die inhoud bevatten (bijvoorbeeld afbeeldingen, foto&#8217;s, films, audio, video&#8217;s, logica, teksten , merken, logo&#8217;s, kleurencombinaties, structuren, concepties, selectie van gebruikte materialen, computerprogramma&#8217;s die nodig zijn voor hun functie, hun toegang en hun gebruik).<br><\/p>\n<p dir=\"ltr\" style=\"line-height: 1.38; margin-top: 12pt; margin-bottom: 12pt;\"><span style=\"font-size: 14.6667px; white-space-collapse: preserve;\"><b>ALLE RECHTEN VOORBEHOUDEN<\/b><\/span><\/p>\n<p>In overeenstemming met de bepalingen van de artikelen 8 en 32.1, tweede lid, van de Wet op de Intellectuele Eigendom, reproductie, distributie en openbare communicatie, inclusief het ter beschikking stellen, van de gehele of een deel van de Inhoud, voor commerci\u00eble doeleinden, op enige drager en door technische middelen, zijn uitdrukkelijk verboden zonder toestemming van Werku.&nbsp;<\/p>\n<p>De gebruiker verbindt zich ertoe de intellectuele en industri\u00eble eigendomsrechten van Werku te respecteren en kan de elementen van de site <b>www.oxino.com<\/b> bekijken en zelfs afdrukken, kopi\u00ebren en opslaan op de harde schijf van zijn computer of op een ander fysiek apparaat. medium, op voorwaarde dat dit uitsluitend en uitsluitend voor persoonlijk en priv\u00e9gebruik is. De gebruiker heeft niet het recht om enig beveiligingsapparaat of beveiligingssysteem dat op de site <b>www.oxino.com<\/b> is ge\u00efnstalleerd, te verwijderen, te wijzigen, te ontwijken of te manipuleren.<\/p>\n<p><b>UITSLUITING VAN GARANTIE EN AANSPRAKELIJKHEID<\/b><\/p>\n<p>De Gebruiker erkent dat het gebruik van de site<b> www.oxino.com <\/b>en de inhoud ervan onder zijn eigen verantwoordelijkheid gebeurt. In het bijzonder aanvaardt Werku bijvoorbeeld geen aansprakelijkheid op de volgende gebieden:<\/p>\n<p>1) Beschikbaarheid tijdens gebruik, de inhoud ervan en de kwaliteit of interoperabiliteit ervan.<br>2) Het doel dat de doelstellingen van de Gebruiker dient.<br>3) Schending van de huidige wetgeving door de Gebruiker of derden en in het bijzonder van intellectuele of industri\u00eble eigendomsrechten van andere mensen of entiteiten.<br>4) Het bestaan van kwaadaardige codes of enig ander schadelijk computerelement dat schade kan veroorzaken aan het computersysteem van de gebruiker of derden. In ieder geval is het de verantwoordelijkheid van de gebruiker om over adequate hulpmiddelen te beschikken voor de detectie en desinfectie van deze elementen.<br>5) Frauduleuze toegang tot de inhoud door ongeautoriseerde derden of, indien van toepassing, het vastleggen, verwijderen, wijzigen, wijzigen of manipuleren van berichten en communicatie van welke aard dan ook die deze derden kunnen uitvoeren.<br>6) De nauwkeurigheid, waarheidsgetrouwheid, actualiteit en bruikbaarheid van de inhoud en het daaropvolgende gebruik ervan door de gebruiker, hoewel Werku ernaar streeft en alle redelijke middelen gebruikt om actuele en betrouwbare informatie te verstrekken.<\/p>\n<p>7) Schade veroorzaakt aan computerapparatuur tijdens toegang en schade veroorzaakt aan de gebruiker als gevolg van storingen of ontkoppelingen van telecommunicatienetwerken die de dienst onderbreken.<\/p>\n<p>8) Schade of verlies voortvloeiend uit onvoorziene omstandigheden of overmacht.<\/p>\n<p>In het geval dat er forums of andere soortgelijke ruimtes zijn, moet er rekening mee worden gehouden dat de berichten alleen de mening weerspiegelen van de Gebruiker die ze verzendt, waarbij de Gebruiker de enige is die verantwoordelijk is voor deze berichten. Werku is in ieder geval niet verantwoordelijk voor berichten verzonden door de gebruiker.<\/p>\n<p><b>DUUR EN WIJZIGING<\/b><\/p>\n<p>Werku behoudt zich het recht voor om, zonder voorafgaande kennisgeving, de wijzigingen aan te brengen die zij passend acht aan de website <b>www.oxino.com<\/b>, waarbij zowel de inhoud die daarop wordt aangeboden als de manier waarop deze wordt gepresenteerd of gelokaliseerd kan worden gewijzigd, verwijderd of toegevoegd.<\/p>\n<p>De geldigheid van de voorwaarden van deze Juridische Kennisgeving zal afhangen van de blootstelling ervan en zal van kracht zijn totdat ze door anderen naar behoren worden gepubliceerd.<\/p>\n<p><b>VERBINDINGEN<\/b><\/p>\n<p>In het geval dat de site <b>www.oxino.com<\/b> links of hyperlinks naar andere internetsites bevat, oefent Werku geen controle uit over deze sites en hun inhoud. Werku is op geen enkele wijze verantwoordelijk voor de inhoud van een link die behoort tot een externe website en garandeert niet de technische beschikbaarheid, kwaliteit, betrouwbaarheid, juistheid, volledigheid, waarheidsgetrouwheid, geldigheid en grondwettigheid van enig materiaal of informatie vervat in een van deze hyperlinks of in andere internetsites. Evenzo impliceert de opname van deze externe verbindingen geen enkele vorm van associatie, fusie of deelname van Werku met de verbonden entiteiten.<\/p>\n<p><b>RECHT VAN UITSLUITING<\/b><\/p>\n<p>Werku behoudt zich het recht voor om op eigen verzoek of op verzoek van een derde de toegang tot de site <b>www.oxino.com <\/b>en\/of tot de aangeboden diensten te weigeren of in te trekken, zonder voorafgaande waarschuwing, aan elke Gebruiker die de de voorwaarden van deze juridische kennisgeving.<\/p>\n<p><b>ALGEMEEN<\/b><\/p>\n<p>Werku zal de schending van de voorwaarden van deze wettelijke kennisgeving, evenals elk misbruik van de website <b>www.oxino.com<\/b>, vervolgen door alle civiele en strafrechtelijke acties uit te voeren die daarmee mogelijk overeenkomen volgens de wet.<\/p>\n<p><b>TAAL<\/b><\/p>\n<p>Deze juridische kennisgeving is in verschillende talen gepubliceerd. De Spaanse versie is het origineel en prevaleert boven de vertalingen.<\/p>\n<p><b>TOEPASSELIJK RECHT EN JURISDICTIE<\/b><br><\/p>\n<p>De relatie tussen Werku en de Gebruiker wordt beheerst door de huidige Spaanse normen. Alle geschillen en claims die voortvloeien uit deze juridische kennisgeving zullen worden beslecht door de bevoegde rechtbanken en tribunalen.<br><\/p>\t\t\t\t\t\t<\/div>\n\t\t\t\t<\/div>\n\t\t\t\t\t<\/div>\n\t\t<\/div>\n\t\t\t\t\t<\/div>\n\t\t<\/section>\n\t\t\t\t<section class=\"elementor-section elementor-top-section elementor-element elementor-element-26e4a8be elementor-section-full_width elementor-section-stretched elementor-section-height-default elementor-section-height-default qodef-elementor-content-no\" data-id=\"26e4a8be\" data-element_type=\"section\" data-settings=\"{&quot;stretch_section&quot;:&quot;section-stretched&quot;}\">\n\t\t\t\t\t\t<div class=\"elementor-container elementor-column-gap-default\">\n\t\t\t\t\t<div class=\"elementor-column elementor-col-100 elementor-top-column elementor-element elementor-element-400937b4\" data-id=\"400937b4\" data-element_type=\"column\">\n\t\t\t<div class=\"elementor-widget-wrap elementor-element-populated\">\n\t\t\t\t\t\t<div class=\"elementor-element elementor-element-45ae7f0 elementor-widget elementor-widget-text-editor\" data-id=\"45ae7f0\" data-element_type=\"widget\" data-widget_type=\"text-editor.default\">\n\t\t\t\t<div class=\"elementor-widget-container\">\n\t\t\t\t\t\t\t<p><span style=\"font-weight: 400;\"><a href=\"https:\/\/www.oxino.com\/nl\/wettelijke-kennisgeving\/\">Wettelijke kennisgeving<\/a> \u00b7 <a href=\"https:\/\/www.oxino.com\/nl\/cookiebeleid\/\">Cookiebeleid<\/a> \u00b7 <a href=\"https:\/\/www.oxino.com\/nl\/privacybeleid\/\">Privacybeleid<\/a> \u00b7 <a href=\"https:\/\/www.oxino.com\/nl\/verwerking-van-persoonlijke-gegevens\/\">Verwerking van persoonlijke gegevens<\/a> \u00b7 <a href=\"https:\/\/www.oxino.com\/nl\/verkoopvoorwaarden\/\">Verkoopvoorwaarden<\/a><\/span><\/p><p><span style=\"font-weight: 400;\">Copyright 2021 \u00b7 Werku Tools SA \u00b7 Carretera N-VI km 586 \u00b7 15176 Oleiros \u00b7 La Coru\u00f1a \u00b7 Espa\u00f1a \u00b7 info@werku.com\u00a0<\/span><\/p>\t\t\t\t\t\t<\/div>\n\t\t\t\t<\/div>\n\t\t\t\t\t<\/div>\n\t\t<\/div>\n\t\t\t\t\t<\/div>\n\t\t<\/section>\n\t\t\t\t<\/div>\n\t\t","protected":false},"excerpt":{"rendered":"<p>WETTELIJKE KENNISGEVING DONN\u00c9ES D&#8217;IDENTIFICATION DU PROPRI\u00c9TAIRE De eigenaar van de website www.oxino.com is Werku Tools SA (ci-apr\u00e8s, Werku), gevestigd te Carretera N-VI km 586, Oleiros, La Coru\u00f1a, Spanje, Europese belastingcode ESA15098205, geregistreerd bij het handelsregister van La Coru\u00f1a, Spanje, deel 477, boek 256 de la section 3 des soci\u00e9t\u00e9s, folio 60, pagina 2767 en inscriptie [&hellip;]<\/p>\n","protected":false},"author":1,"featured_media":0,"parent":0,"menu_order":0,"comment_status":"closed","ping_status":"closed","template":"","meta":{"footnotes":""},"class_list":["post-12260","page","type-page","status-publish","hentry"],"yoast_head":"<!-- This site is optimized with the Yoast SEO plugin v23.1 - https:\/\/yoast.com\/wordpress\/plugins\/seo\/ -->\n<title>WETTELIJKE KENNISGEVING - Oxi...no<\/title>\n<meta name=\"robots\" content=\"index, follow, max-snippet:-1, max-image-preview:large, max-video-preview:-1\" \/>\n<link rel=\"canonical\" href=\"https:\/\/www.oxino.com\/nl\/wettelijke-kennisgeving\/\" \/>\n<meta property=\"og:locale\" content=\"nl_NL\" \/>\n<meta property=\"og:type\" content=\"article\" \/>\n<meta property=\"og:title\" content=\"WETTELIJKE KENNISGEVING - Oxi...no\" \/>\n<meta property=\"og:description\" content=\"WETTELIJKE KENNISGEVING DONN\u00c9ES D&#8217;IDENTIFICATION DU PROPRI\u00c9TAIRE De eigenaar van de website www.oxino.com is Werku Tools SA (ci-apr\u00e8s, Werku), gevestigd te Carretera N-VI km 586, Oleiros, La Coru\u00f1a, Spanje, Europese belastingcode ESA15098205, geregistreerd bij het handelsregister van La Coru\u00f1a, Spanje, deel 477, boek 256 de la section 3 des soci\u00e9t\u00e9s, folio 60, pagina 2767 en inscriptie [&hellip;]\" \/>\n<meta property=\"og:url\" content=\"https:\/\/www.oxino.com\/nl\/wettelijke-kennisgeving\/\" \/>\n<meta property=\"og:site_name\" content=\"Oxi...no\" \/>\n<meta property=\"article:modified_time\" content=\"2024-06-04T11:18:55+00:00\" \/>\n<meta name=\"twitter:card\" content=\"summary_large_image\" \/>\n<meta name=\"twitter:label1\" content=\"Geschatte leestijd\" \/>\n\t<meta name=\"twitter:data1\" content=\"7 minuten\" \/>\n<script type=\"application\/ld+json\" class=\"yoast-schema-graph\">{\"@context\":\"https:\/\/schema.org\",\"@graph\":[{\"@type\":\"WebPage\",\"@id\":\"https:\/\/www.oxino.com\/nl\/wettelijke-kennisgeving\/\",\"url\":\"https:\/\/www.oxino.com\/nl\/wettelijke-kennisgeving\/\",\"name\":\"WETTELIJKE KENNISGEVING - Oxi...no\",\"isPartOf\":{\"@id\":\"https:\/\/www.oxino.com\/#website\"},\"datePublished\":\"2023-09-06T13:54:21+00:00\",\"dateModified\":\"2024-06-04T11:18:55+00:00\",\"breadcrumb\":{\"@id\":\"https:\/\/www.oxino.com\/nl\/wettelijke-kennisgeving\/#breadcrumb\"},\"inLanguage\":\"nl-NL\",\"potentialAction\":[{\"@type\":\"ReadAction\",\"target\":[\"https:\/\/www.oxino.com\/nl\/wettelijke-kennisgeving\/\"]}]},{\"@type\":\"BreadcrumbList\",\"@id\":\"https:\/\/www.oxino.com\/nl\/wettelijke-kennisgeving\/#breadcrumb\",\"itemListElement\":[{\"@type\":\"ListItem\",\"position\":1,\"name\":\"Portada\",\"item\":\"https:\/\/www.oxino.com\/nl\/\"},{\"@type\":\"ListItem\",\"position\":2,\"name\":\"WETTELIJKE KENNISGEVING\"}]},{\"@type\":\"WebSite\",\"@id\":\"https:\/\/www.oxino.com\/#website\",\"url\":\"https:\/\/www.oxino.com\/\",\"name\":\"Oxi...no\",\"description\":\"\",\"publisher\":{\"@id\":\"https:\/\/www.oxino.com\/#organization\"},\"potentialAction\":[{\"@type\":\"SearchAction\",\"target\":{\"@type\":\"EntryPoint\",\"urlTemplate\":\"https:\/\/www.oxino.com\/?s={search_term_string}\"},\"query-input\":\"required name=search_term_string\"}],\"inLanguage\":\"nl-NL\"},{\"@type\":\"Organization\",\"@id\":\"https:\/\/www.oxino.com\/#organization\",\"name\":\"Oxi...no\",\"url\":\"https:\/\/www.oxino.com\/\",\"logo\":{\"@type\":\"ImageObject\",\"inLanguage\":\"nl-NL\",\"@id\":\"https:\/\/www.oxino.com\/#\/schema\/logo\/image\/\",\"url\":\"https:\/\/www.oxino.com\/wp-content\/uploads\/2024\/01\/cropped-Logo_OXINO_Fondo_Blanco.webp\",\"contentUrl\":\"https:\/\/www.oxino.com\/wp-content\/uploads\/2024\/01\/cropped-Logo_OXINO_Fondo_Blanco.webp\",\"width\":512,\"height\":512,\"caption\":\"Oxi...no\"},\"image\":{\"@id\":\"https:\/\/www.oxino.com\/#\/schema\/logo\/image\/\"},\"sameAs\":[\"https:\/\/www.linkedin.com\/company\/oxi-no\/\"]}]}<\/script>\n<!-- \/ Yoast SEO plugin. -->","yoast_head_json":{"title":"WETTELIJKE KENNISGEVING - Oxi...no","robots":{"index":"index","follow":"follow","max-snippet":"max-snippet:-1","max-image-preview":"max-image-preview:large","max-video-preview":"max-video-preview:-1"},"canonical":"https:\/\/www.oxino.com\/nl\/wettelijke-kennisgeving\/","og_locale":"nl_NL","og_type":"article","og_title":"WETTELIJKE KENNISGEVING - Oxi...no","og_description":"WETTELIJKE KENNISGEVING DONN\u00c9ES D&#8217;IDENTIFICATION DU PROPRI\u00c9TAIRE De eigenaar van de website www.oxino.com is Werku Tools SA (ci-apr\u00e8s, Werku), gevestigd te Carretera N-VI km 586, Oleiros, La Coru\u00f1a, Spanje, Europese belastingcode ESA15098205, geregistreerd bij het handelsregister van La Coru\u00f1a, Spanje, deel 477, boek 256 de la section 3 des soci\u00e9t\u00e9s, folio 60, pagina 2767 en inscriptie [&hellip;]","og_url":"https:\/\/www.oxino.com\/nl\/wettelijke-kennisgeving\/","og_site_name":"Oxi...no","article_modified_time":"2024-06-04T11:18:55+00:00","twitter_card":"summary_large_image","twitter_misc":{"Geschatte leestijd":"7 minuten"},"schema":{"@context":"https:\/\/schema.org","@graph":[{"@type":"WebPage","@id":"https:\/\/www.oxino.com\/nl\/wettelijke-kennisgeving\/","url":"https:\/\/www.oxino.com\/nl\/wettelijke-kennisgeving\/","name":"WETTELIJKE KENNISGEVING - Oxi...no","isPartOf":{"@id":"https:\/\/www.oxino.com\/#website"},"datePublished":"2023-09-06T13:54:21+00:00","dateModified":"2024-06-04T11:18:55+00:00","breadcrumb":{"@id":"https:\/\/www.oxino.com\/nl\/wettelijke-kennisgeving\/#breadcrumb"},"inLanguage":"nl-NL","potentialAction":[{"@type":"ReadAction","target":["https:\/\/www.oxino.com\/nl\/wettelijke-kennisgeving\/"]}]},{"@type":"BreadcrumbList","@id":"https:\/\/www.oxino.com\/nl\/wettelijke-kennisgeving\/#breadcrumb","itemListElement":[{"@type":"ListItem","position":1,"name":"Portada","item":"https:\/\/www.oxino.com\/nl\/"},{"@type":"ListItem","position":2,"name":"WETTELIJKE KENNISGEVING"}]},{"@type":"WebSite","@id":"https:\/\/www.oxino.com\/#website","url":"https:\/\/www.oxino.com\/","name":"Oxi...no","description":"","publisher":{"@id":"https:\/\/www.oxino.com\/#organization"},"potentialAction":[{"@type":"SearchAction","target":{"@type":"EntryPoint","urlTemplate":"https:\/\/www.oxino.com\/?s={search_term_string}"},"query-input":"required name=search_term_string"}],"inLanguage":"nl-NL"},{"@type":"Organization","@id":"https:\/\/www.oxino.com\/#organization","name":"Oxi...no","url":"https:\/\/www.oxino.com\/","logo":{"@type":"ImageObject","inLanguage":"nl-NL","@id":"https:\/\/www.oxino.com\/#\/schema\/logo\/image\/","url":"https:\/\/www.oxino.com\/wp-content\/uploads\/2024\/01\/cropped-Logo_OXINO_Fondo_Blanco.webp","contentUrl":"https:\/\/www.oxino.com\/wp-content\/uploads\/2024\/01\/cropped-Logo_OXINO_Fondo_Blanco.webp","width":512,"height":512,"caption":"Oxi...no"},"image":{"@id":"https:\/\/www.oxino.com\/#\/schema\/logo\/image\/"},"sameAs":["https:\/\/www.linkedin.com\/company\/oxi-no\/"]}]}},"_links":{"self":[{"href":"https:\/\/www.oxino.com\/nl\/wp-json\/wp\/v2\/pages\/12260","targetHints":{"allow":["GET"]}}],"collection":[{"href":"https:\/\/www.oxino.com\/nl\/wp-json\/wp\/v2\/pages"}],"about":[{"href":"https:\/\/www.oxino.com\/nl\/wp-json\/wp\/v2\/types\/page"}],"author":[{"embeddable":true,"href":"https:\/\/www.oxino.com\/nl\/wp-json\/wp\/v2\/users\/1"}],"replies":[{"embeddable":true,"href":"https:\/\/www.oxino.com\/nl\/wp-json\/wp\/v2\/comments?post=12260"}],"version-history":[{"count":18,"href":"https:\/\/www.oxino.com\/nl\/wp-json\/wp\/v2\/pages\/12260\/revisions"}],"predecessor-version":[{"id":12431,"href":"https:\/\/www.oxino.com\/nl\/wp-json\/wp\/v2\/pages\/12260\/revisions\/12431"}],"wp:attachment":[{"href":"https:\/\/www.oxino.com\/nl\/wp-json\/wp\/v2\/media?parent=12260"}],"curies":[{"name":"wp","href":"https:\/\/api.w.org\/{rel}","templated":true}]}}