{"id":12282,"date":"2023-09-06T15:54:21","date_gmt":"2023-09-06T13:54:21","guid":{"rendered":"https:\/\/www.oxino.com\/aviso-legal\/"},"modified":"2024-06-04T12:55:54","modified_gmt":"2024-06-04T10:55:54","slug":"avviso-legale","status":"publish","type":"page","link":"https:\/\/www.oxino.com\/it\/avviso-legale\/","title":{"rendered":"AVVISO LEGALE"},"content":{"rendered":"\t\t<div data-elementor-type=\"wp-page\" data-elementor-id=\"12282\" class=\"elementor elementor-12282 elementor-8614\">\n\t\t\t\t\t\t<section class=\"elementor-section elementor-top-section elementor-element elementor-element-8aa1641 elementor-section-boxed elementor-section-height-default elementor-section-height-default qodef-elementor-content-no\" data-id=\"8aa1641\" data-element_type=\"section\">\n\t\t\t\t\t\t<div class=\"elementor-container elementor-column-gap-default\">\n\t\t\t\t\t<div class=\"elementor-column elementor-col-100 elementor-top-column elementor-element elementor-element-504bd34\" data-id=\"504bd34\" data-element_type=\"column\">\n\t\t\t<div class=\"elementor-widget-wrap elementor-element-populated\">\n\t\t\t\t\t\t<div class=\"elementor-element elementor-element-696519a elementor-widget__width-initial elementor-widget elementor-widget-heading\" data-id=\"696519a\" data-element_type=\"widget\" data-widget_type=\"heading.default\">\n\t\t\t\t<div class=\"elementor-widget-container\">\n\t\t\t<style>\/*! elementor - v3.21.0 - 22-05-2024 *\/\n.elementor-heading-title{padding:0;margin:0;line-height:1}.elementor-widget-heading .elementor-heading-title[class*=elementor-size-]>a{color:inherit;font-size:inherit;line-height:inherit}.elementor-widget-heading .elementor-heading-title.elementor-size-small{font-size:15px}.elementor-widget-heading .elementor-heading-title.elementor-size-medium{font-size:19px}.elementor-widget-heading .elementor-heading-title.elementor-size-large{font-size:29px}.elementor-widget-heading .elementor-heading-title.elementor-size-xl{font-size:39px}.elementor-widget-heading .elementor-heading-title.elementor-size-xxl{font-size:59px}<\/style><h2 class=\"elementor-heading-title elementor-size-default\"><h2 data-elementor-setting-key=\"title\" data-pen-placeholder=\"Digita qui...\" style=\"background-color: rgb(255, 255, 255);\">AVVISO LEGALE<\/h2><\/h2>\t\t<\/div>\n\t\t\t\t<\/div>\n\t\t\t\t<div class=\"elementor-element elementor-element-05f639b elementor-widget__width-initial elementor-widget elementor-widget-text-editor\" data-id=\"05f639b\" data-element_type=\"widget\" data-widget_type=\"text-editor.default\">\n\t\t\t\t<div class=\"elementor-widget-container\">\n\t\t\t<style>\/*! elementor - v3.21.0 - 22-05-2024 *\/\n.elementor-widget-text-editor.elementor-drop-cap-view-stacked .elementor-drop-cap{background-color:#69727d;color:#fff}.elementor-widget-text-editor.elementor-drop-cap-view-framed .elementor-drop-cap{color:#69727d;border:3px solid;background-color:transparent}.elementor-widget-text-editor:not(.elementor-drop-cap-view-default) .elementor-drop-cap{margin-top:8px}.elementor-widget-text-editor:not(.elementor-drop-cap-view-default) .elementor-drop-cap-letter{width:1em;height:1em}.elementor-widget-text-editor .elementor-drop-cap{float:left;text-align:center;line-height:1;font-size:50px}.elementor-widget-text-editor .elementor-drop-cap-letter{display:inline-block}<\/style>\t\t\t\t<p dir=\"ltr\" style=\"line-height: 1.38; margin-top: 12pt; margin-bottom: 12pt;\"><span style=\"font-size: 14.6667px; white-space-collapse: preserve;\"><b>DATI IDENTIFICATIVI DEL TITOLARE<\/b><\/span><\/p>\n<p><\/p>\n<p>La societ\u00e0 proprietaria del sito web <b>www.oxino.com <\/b>\u00e8 Werku Tools SA (di seguito, Werku), con sede in Carretera N-VI km 586, Oleiros, La Coru\u00f1a, Spagna, codice fiscale europeo ESA15098205, iscritta al Registro delle Imprese di La Coru\u00f1a , Spagna, Volume 477, Libro 256 della Sezione 3 delle Imprese al Folio 60, pagina 2767 e registrazione 1. Indirizzo e-mail<b> info@oxino.com.<\/b><\/p>\n<p>Per qualsiasi comunicazione relativa al sito www.oxino.com i recapiti di Werku sono i seguenti:<br>&#8211; Telefono: +34 981 610 639<br>&#8211; E-mail:<b> info@oxino.com<\/b><\/p>\n<p><b>UTENTE<\/b><\/p>\n<p><\/p>\n<p>Le condizioni del presente Avviso Legale hanno lo scopo di regolare l&#8217;utilizzo del sito web www.oxino.com, che Werku mette a disposizione del pubblico. L&#8217;accesso e\/o l&#8217;utilizzo del sito web www.oxino.com attribuisce la condizione di utente (di seguito, Utente), che accetta, da tale accesso e\/o utilizzo, le condizioni del presente Avviso Legale, che si applicheranno indipendentemente dal contratto condizioni che potrebbero essere obbligatorie.<br><\/p>\n<p dir=\"ltr\" style=\"line-height: 1.38; margin-top: 12pt; margin-bottom: 12pt;\"><span style=\"font-size: 14.6667px; white-space-collapse: preserve;\"><b>UTILIZZO<\/b><\/span><\/p>\n<p><\/p>\n<p>Il sito web <b>www.oxino.com<\/b> fornisce l&#8217;accesso a una moltitudine di informazioni, servizi, programmi o dati su Internet (di seguito, Contenuti) appartenenti a Werku o ai suoi concessori di licenza.<\/p>\n<p>L&#8217;Utente si assume la responsabilit\u00e0 dell&#8217;utilizzo del sito web<b> www.oxino.com<\/b>. Questa responsabilit\u00e0 si estende alla registrazione necessaria per accedere a determinati Contenuti. In tale registrazione, l&#8217;Utente sar\u00e0 responsabile di fornire informazioni reali e legittime. In conseguenza di detta registrazione, all&#8217;Utente potr\u00e0 essere assegnata una password della quale sar\u00e0 responsabile, impegnandosi a farne un uso diligente e confidenziale.<\/p>\n<p>L&#8217;Utente si impegna a fare un uso appropriato dei Contenuti (ad esempio, chat, forum di discussione o newsgroup) che Werku offre attraverso il sito <b>www.oxino.com <\/b>e (a titolo esemplificativo ma non esaustivo), a non utilizzarli per :<\/p>\n<p><\/p>\n<p>1) Svolgere attivit\u00e0 illecite, illegali o contrarie alla buona fede e all&#8217;ordine pubblico.<br>2) Diffondere informazioni di carattere razzista, xenofobo, pornografico-illegale, che incitano al terrorismo o violano i diritti umani.<br>3) Causare danni ai sistemi fisici e logici di Werku, dei suoi fornitori o di terzi, introdurre o diffondere sulla rete virus informatici o qualsiasi altro sistema fisico o logico che possa causare i suddetti danni.<br>4) Provare ad accedere e, se del caso, utilizzare l&#8217;account di posta elettronica di un altro Utente e modificare o manipolare i suoi messaggi.<br>5) Svolgere azioni commerciali, politiche, pubblicitarie e per qualsiasi uso commerciale, in particolare l&#8217;invio di e-mail non richieste.<br><\/p>\n<p dir=\"ltr\" style=\"line-height: 1.38; margin-top: 12pt; margin-bottom: 12pt;\"><span style=\"font-size: 14.6667px; white-space-collapse: preserve;\">Werku ha il diritto di ritirare tutti i commenti e i contributi che violano il rispetto della dignit\u00e0 della persona, che sono discriminatori, xenofobi, razzisti, pornografici, che attentano alla giovent\u00f9 o all&#8217;infanzia, all&#8217;ordine o alla sicurezza pubblica o che, a loro avviso, non sono adatti per la pubblicazione. In ogni caso, Werku non sar\u00e0 responsabile delle opinioni espresse dall&#8217;Utente attraverso forum, chat o altri strumenti di partecipazione.<\/span><\/p>\n<p><b>PROTEZIONE DATI<\/b><\/p>\n<p>Tutto ci\u00f2 che riguarda la politica di protezione dei dati \u00e8 incluso nella Privacy Policy sul sito <b>www.oxino.com.<\/b><\/p>\n<p><b>PROPRIET\u00c0 INTELLETTUALE E INDUSTRIALE<\/b><\/p>\n<p>Werku o i suoi licenziatari sono titolari di tutti i diritti di propriet\u00e0 intellettuale e industriale del sito web <b>www.oxino.com<\/b>, nonch\u00e9 degli elementi in esso contenuti (ad esempio, immagini, fotografie, suoni, audio, video, software, testi, marchi, loghi , combinazioni di colori, strutture, disegni, selezione dei materiali utilizzati, programmi informatici necessari per il suo funzionamento, accesso e usi).<br><\/p>\n<p dir=\"ltr\" style=\"line-height: 1.38; margin-top: 12pt; margin-bottom: 12pt;\"><span style=\"font-size: 14.6667px; white-space-collapse: preserve;\"><b>TUTTI I DIRITTI RISERVATI<\/b><\/span><\/p>\n<p><\/p>\n<p> In conformit\u00e0 con le disposizioni degli articoli 8 e 32.1, secondo comma, della Legge sulla propriet\u00e0 intellettuale, la riproduzione, la distribuzione e la comunicazione pubblica, compresa la modalit\u00e0 di messa a disposizione, di tutto o parte dei Contenuti, sono espressamente vietate per scopi commerciali , su qualsiasi supporto e con qualsiasi mezzo tecnico, senza l&#8217;autorizzazione di Werku.<\/p>\n<p><\/p>\n<p>L&#8217;Utente si impegna a rispettare i diritti di propriet\u00e0 intellettuale e industriale di propriet\u00e0 di Werku, potendo visualizzare gli elementi del sito web <b>www.oxino.com<\/b> e anche stamparli, copiarli e memorizzarli sul disco rigido del proprio computer o su qualsiasi altro supporto fisico purch\u00e9 sia, solo ed esclusivamente, per il tuo uso personale e privato. L&#8217;Utente non pu\u00f2 eliminare, alterare, eludere o manipolare qualsiasi dispositivo di protezione o sistema di sicurezza installato sul sito web<b> www.oxino.com.<\/b><br><\/p>\n<p dir=\"ltr\" style=\"line-height: 1.38; margin-top: 12pt; margin-bottom: 12pt;\"><span style=\"font-size: 14.6667px; white-space-collapse: preserve;\"><b>ESCLUSIONE DI GARANZIE E RESPONSABILIT\u00c0<\/b><\/span><\/p>\n<p>L&#8217;Utente riconosce che l&#8217;utilizzo del sito web <b>www.oxino.com<\/b> e dei suoi Contenuti avviene sotto la sua esclusiva responsabilit\u00e0. Nello specifico, a titolo meramente esemplificativo, Werku non si assume alcuna responsabilit\u00e0 nei seguenti ambiti:<\/p>\n<p>1) La disponibilit\u00e0 operativa, i suoi Contenuti e la sua qualit\u00e0 o interoperabilit\u00e0.<br>2) Lo scopo di servire gli obiettivi dell&#8217;Utente.<br>3) La violazione della normativa vigente da parte dell&#8217;Utente o di terzi e, in particolare, dei diritti di propriet\u00e0 intellettuale o industriale che appartengono ad altre persone o enti.<br>4) L&#8217;esistenza di codici maligni o qualsiasi altro elemento informatico dannoso che potrebbe causare danni al sistema informatico dell&#8217;Utente o di terzi. \u00c8 responsabilit\u00e0 dell&#8217;Utente, in ogni caso, dotarsi di strumenti adeguati per il rilevamento e la disinfezione di tali elementi.<br>5) Accesso fraudolento ai Contenuti da parte di terzi non autorizzati o, se del caso, acquisizione, eliminazione, alterazione, modifica o manipolazione di messaggi e comunicazioni di qualsiasi tipo che tali terzi possano effettuare.<br>6) L&#8217;accuratezza, la veridicit\u00e0, la tempestivit\u00e0 e l&#8217;utilit\u00e0 dei Contenuti e il successivo utilizzo che l&#8217;Utente ne fa, sebbene Werku utilizzer\u00e0 tutti gli sforzi e i mezzi ragionevoli per fornire informazioni aggiornate e affidabili.<br>7) Danni causati alle apparecchiature informatiche durante l&#8217;accesso e danni causati all&#8217;Utente quando originano da guasti o disconnessioni delle reti di telecomunicazioni che interrompono il servizio.<br>8) Danni o perdite derivanti da circostanze verificatesi a causa di eventi imprevisti o forza maggiore.<\/p>\n<p>Se esistono forum o altri spazi simili, occorre tenere presente che i messaggi riflettono esclusivamente l&#8217;opinione dell&#8217;Utente che li invia, essendo l&#8217;Utente l&#8217;unico responsabile di tali messaggi. In ogni caso Werku non \u00e8 responsabile dei messaggi inviati dall&#8217;Utente.<br><\/p>\n<p dir=\"ltr\" style=\"line-height: 1.38; margin-top: 12pt; margin-bottom: 12pt;\"><span style=\"font-size: 14.6667px; white-space-collapse: preserve;\"><b>DURATA E MODIFICA<\/b><\/span><\/p>\n<p>Werku si riserva il diritto di apportare, senza preavviso, le modifiche che ritiene opportune al sito <b>www.oxino.com<\/b>, e pu\u00f2 modificare, eliminare o aggiungere sia i Contenuti forniti attraverso di esso sia il modo in cui vengono presentati o presentati situato.<\/p>\n<p>La validit\u00e0 delle condizioni del presente Avviso Legale dipender\u00e0 dalla sua esposizione e sar\u00e0 in vigore fino a quando non saranno modificate da altre debitamente pubblicate.<\/p>\n<p><b>LINK<\/b><\/p>\n<p>Nel caso in cui il sito www.oxino.com contenga link o collegamenti ipertestuali ad altri siti Internet, Werku non eserciter\u00e0 alcun tipo di controllo su detti siti e sui loro contenuti. In nessun caso Werku avr\u00e0 alcuna responsabilit\u00e0 per il contenuto di qualsiasi collegamento appartenente a un sito web di terzi, n\u00e9 garantir\u00e0 la disponibilit\u00e0 tecnica, qualit\u00e0, affidabilit\u00e0, accuratezza, ampiezza, veridicit\u00e0, validit\u00e0 e costituzionalit\u00e0 di qualsiasi materiale o informazione contenuta in uno qualsiasi di detti collegamenti ipertestuali o altri siti Internet. Allo stesso modo, l&#8217;inclusione di questi collegamenti esterni non implicher\u00e0 alcun tipo di associazione, fusione o partecipazione di Werku con le entit\u00e0 collegate.<\/p>\n<p><b>DIRITTO DI ESCLUSIONE<\/b><\/p>\n<p>Werku si riserva il diritto di negare o revocare l&#8217;accesso al sito<b> www.oxino.com<\/b> e\/o ai servizi offerti, senza preavviso, su richiesta propria o di terzi, a qualsiasi Utente che non rispetti le condizioni di questo avviso legale.<\/p>\n<p><b>GENERALIT\u00c0<\/b><\/p>\n<p>Werku perseguir\u00e0 il mancato rispetto delle condizioni del presente Avviso Legale, nonch\u00e9 qualsiasi utilizzo improprio del sito web<b> www.oxino.com<\/b>, esercitando tutte le azioni civili e penali che potrebbero corrispondergli per legge.<\/p>\n<p><b>LINGUA<\/b><\/p>\n<p>Il presente Avviso Legale \u00e8 stato pubblicato in diverse lingue. La versione spagnola \u00e8 l&#8217;originale e prevale sulle traduzioni.<\/p>\n<p><b>LEGGE APPLICABILE E GIURISDIZIONE<\/b><\/p>\n<p>Il rapporto tra Werku e l&#8217;Utente sar\u00e0 regolato dalla normativa spagnola vigente. Tutte le controversie e i reclami derivanti dal presente Avviso legale saranno risolti dalle corti e dai tribunali competenti.<br><\/p>\t\t\t\t\t\t<\/div>\n\t\t\t\t<\/div>\n\t\t\t\t\t<\/div>\n\t\t<\/div>\n\t\t\t\t\t<\/div>\n\t\t<\/section>\n\t\t\t\t<section class=\"elementor-section elementor-top-section elementor-element elementor-element-26e4a8be elementor-section-full_width elementor-section-stretched elementor-section-height-default elementor-section-height-default qodef-elementor-content-no\" data-id=\"26e4a8be\" data-element_type=\"section\" data-settings=\"{&quot;stretch_section&quot;:&quot;section-stretched&quot;}\">\n\t\t\t\t\t\t<div class=\"elementor-container elementor-column-gap-default\">\n\t\t\t\t\t<div class=\"elementor-column elementor-col-100 elementor-top-column elementor-element elementor-element-400937b4\" data-id=\"400937b4\" data-element_type=\"column\">\n\t\t\t<div class=\"elementor-widget-wrap elementor-element-populated\">\n\t\t\t\t\t\t<div class=\"elementor-element elementor-element-38f26d73 elementor-widget elementor-widget-text-editor\" data-id=\"38f26d73\" data-element_type=\"widget\" data-widget_type=\"text-editor.default\">\n\t\t\t\t<div class=\"elementor-widget-container\">\n\t\t\t\t\t\t\t<p><span style=\"font-weight: 400;\"><a href=\"https:\/\/www.oxino.com\/it\/avviso-legale\/\">Avviso legale<\/a> \u00b7 <a href=\"https:\/\/www.oxino.com\/it\/informativa-sui-cookie\/\">Informativa sui Cookie<\/a> \u00b7 <a href=\"https:\/\/www.oxino.com\/it\/informativa-sulla-privacy\/\">Informativa sulla Privacy<\/a> \u00b7 <a href=\"https:\/\/www.oxino.com\/it\/trattamento-dei-dati-personali\/\">Trattamento dei Dati Personali<\/a> \u00b7 <a href=\"https:\/\/www.oxino.com\/it\/condizioni-di-vendita\/\">Condizioni di Vendita<\/a><\/span><\/p><p><span style=\"font-weight: 400;\">Copyright 2021 \u00b7 Werku Tools SA \u00b7 Carretera N-VI km 586 \u00b7 15176 Oleiros \u00b7 La Coru\u00f1a \u00b7 Espa\u00f1a \u00b7 info@werku.com\u00a0<\/span><\/p>\t\t\t\t\t\t<\/div>\n\t\t\t\t<\/div>\n\t\t\t\t\t<\/div>\n\t\t<\/div>\n\t\t\t\t\t<\/div>\n\t\t<\/section>\n\t\t\t\t<\/div>\n\t\t","protected":false},"excerpt":{"rendered":"<p>AVVISO LEGALE DATI IDENTIFICATIVI DEL TITOLARE La societ\u00e0 proprietaria del sito web www.oxino.com \u00e8 Werku Tools SA (di seguito, Werku), con sede in Carretera N-VI km 586, Oleiros, La Coru\u00f1a, Spagna, codice fiscale europeo ESA15098205, iscritta al Registro delle Imprese di La Coru\u00f1a , Spagna, Volume 477, Libro 256 della Sezione 3 delle Imprese al [&hellip;]<\/p>\n","protected":false},"author":1,"featured_media":0,"parent":0,"menu_order":0,"comment_status":"closed","ping_status":"closed","template":"","meta":{"footnotes":""},"class_list":["post-12282","page","type-page","status-publish","hentry"],"yoast_head":"<!-- This site is optimized with the Yoast SEO plugin v23.1 - https:\/\/yoast.com\/wordpress\/plugins\/seo\/ -->\n<title>AVVISO LEGALE - Oxi...no<\/title>\n<meta name=\"robots\" content=\"index, follow, max-snippet:-1, max-image-preview:large, max-video-preview:-1\" \/>\n<link rel=\"canonical\" href=\"https:\/\/www.oxino.com\/it\/avviso-legale\/\" \/>\n<meta property=\"og:locale\" content=\"it_IT\" \/>\n<meta property=\"og:type\" content=\"article\" \/>\n<meta property=\"og:title\" content=\"AVVISO LEGALE - Oxi...no\" \/>\n<meta property=\"og:description\" content=\"AVVISO LEGALE DATI IDENTIFICATIVI DEL TITOLARE La societ\u00e0 proprietaria del sito web www.oxino.com \u00e8 Werku Tools SA (di seguito, Werku), con sede in Carretera N-VI km 586, Oleiros, La Coru\u00f1a, Spagna, codice fiscale europeo ESA15098205, iscritta al Registro delle Imprese di La Coru\u00f1a , Spagna, Volume 477, Libro 256 della Sezione 3 delle Imprese al [&hellip;]\" \/>\n<meta property=\"og:url\" content=\"https:\/\/www.oxino.com\/it\/avviso-legale\/\" \/>\n<meta property=\"og:site_name\" content=\"Oxi...no\" \/>\n<meta property=\"article:modified_time\" content=\"2024-06-04T10:55:54+00:00\" \/>\n<meta name=\"twitter:card\" content=\"summary_large_image\" \/>\n<meta name=\"twitter:label1\" content=\"Tempo di lettura stimato\" \/>\n\t<meta name=\"twitter:data1\" content=\"6 minuti\" \/>\n<script type=\"application\/ld+json\" class=\"yoast-schema-graph\">{\"@context\":\"https:\/\/schema.org\",\"@graph\":[{\"@type\":\"WebPage\",\"@id\":\"https:\/\/www.oxino.com\/it\/avviso-legale\/\",\"url\":\"https:\/\/www.oxino.com\/it\/avviso-legale\/\",\"name\":\"AVVISO LEGALE - Oxi...no\",\"isPartOf\":{\"@id\":\"https:\/\/www.oxino.com\/#website\"},\"datePublished\":\"2023-09-06T13:54:21+00:00\",\"dateModified\":\"2024-06-04T10:55:54+00:00\",\"breadcrumb\":{\"@id\":\"https:\/\/www.oxino.com\/it\/avviso-legale\/#breadcrumb\"},\"inLanguage\":\"it-IT\",\"potentialAction\":[{\"@type\":\"ReadAction\",\"target\":[\"https:\/\/www.oxino.com\/it\/avviso-legale\/\"]}]},{\"@type\":\"BreadcrumbList\",\"@id\":\"https:\/\/www.oxino.com\/it\/avviso-legale\/#breadcrumb\",\"itemListElement\":[{\"@type\":\"ListItem\",\"position\":1,\"name\":\"Portada\",\"item\":\"https:\/\/www.oxino.com\/it\/\"},{\"@type\":\"ListItem\",\"position\":2,\"name\":\"AVVISO LEGALE\"}]},{\"@type\":\"WebSite\",\"@id\":\"https:\/\/www.oxino.com\/#website\",\"url\":\"https:\/\/www.oxino.com\/\",\"name\":\"Oxi...no\",\"description\":\"\",\"publisher\":{\"@id\":\"https:\/\/www.oxino.com\/#organization\"},\"potentialAction\":[{\"@type\":\"SearchAction\",\"target\":{\"@type\":\"EntryPoint\",\"urlTemplate\":\"https:\/\/www.oxino.com\/?s={search_term_string}\"},\"query-input\":\"required name=search_term_string\"}],\"inLanguage\":\"it-IT\"},{\"@type\":\"Organization\",\"@id\":\"https:\/\/www.oxino.com\/#organization\",\"name\":\"Oxi...no\",\"url\":\"https:\/\/www.oxino.com\/\",\"logo\":{\"@type\":\"ImageObject\",\"inLanguage\":\"it-IT\",\"@id\":\"https:\/\/www.oxino.com\/#\/schema\/logo\/image\/\",\"url\":\"https:\/\/www.oxino.com\/wp-content\/uploads\/2024\/01\/cropped-Logo_OXINO_Fondo_Blanco.webp\",\"contentUrl\":\"https:\/\/www.oxino.com\/wp-content\/uploads\/2024\/01\/cropped-Logo_OXINO_Fondo_Blanco.webp\",\"width\":512,\"height\":512,\"caption\":\"Oxi...no\"},\"image\":{\"@id\":\"https:\/\/www.oxino.com\/#\/schema\/logo\/image\/\"},\"sameAs\":[\"https:\/\/www.linkedin.com\/company\/oxi-no\/\"]}]}<\/script>\n<!-- \/ Yoast SEO plugin. -->","yoast_head_json":{"title":"AVVISO LEGALE - Oxi...no","robots":{"index":"index","follow":"follow","max-snippet":"max-snippet:-1","max-image-preview":"max-image-preview:large","max-video-preview":"max-video-preview:-1"},"canonical":"https:\/\/www.oxino.com\/it\/avviso-legale\/","og_locale":"it_IT","og_type":"article","og_title":"AVVISO LEGALE - Oxi...no","og_description":"AVVISO LEGALE DATI IDENTIFICATIVI DEL TITOLARE La societ\u00e0 proprietaria del sito web www.oxino.com \u00e8 Werku Tools SA (di seguito, Werku), con sede in Carretera N-VI km 586, Oleiros, La Coru\u00f1a, Spagna, codice fiscale europeo ESA15098205, iscritta al Registro delle Imprese di La Coru\u00f1a , Spagna, Volume 477, Libro 256 della Sezione 3 delle Imprese al [&hellip;]","og_url":"https:\/\/www.oxino.com\/it\/avviso-legale\/","og_site_name":"Oxi...no","article_modified_time":"2024-06-04T10:55:54+00:00","twitter_card":"summary_large_image","twitter_misc":{"Tempo di lettura stimato":"6 minuti"},"schema":{"@context":"https:\/\/schema.org","@graph":[{"@type":"WebPage","@id":"https:\/\/www.oxino.com\/it\/avviso-legale\/","url":"https:\/\/www.oxino.com\/it\/avviso-legale\/","name":"AVVISO LEGALE - Oxi...no","isPartOf":{"@id":"https:\/\/www.oxino.com\/#website"},"datePublished":"2023-09-06T13:54:21+00:00","dateModified":"2024-06-04T10:55:54+00:00","breadcrumb":{"@id":"https:\/\/www.oxino.com\/it\/avviso-legale\/#breadcrumb"},"inLanguage":"it-IT","potentialAction":[{"@type":"ReadAction","target":["https:\/\/www.oxino.com\/it\/avviso-legale\/"]}]},{"@type":"BreadcrumbList","@id":"https:\/\/www.oxino.com\/it\/avviso-legale\/#breadcrumb","itemListElement":[{"@type":"ListItem","position":1,"name":"Portada","item":"https:\/\/www.oxino.com\/it\/"},{"@type":"ListItem","position":2,"name":"AVVISO LEGALE"}]},{"@type":"WebSite","@id":"https:\/\/www.oxino.com\/#website","url":"https:\/\/www.oxino.com\/","name":"Oxi...no","description":"","publisher":{"@id":"https:\/\/www.oxino.com\/#organization"},"potentialAction":[{"@type":"SearchAction","target":{"@type":"EntryPoint","urlTemplate":"https:\/\/www.oxino.com\/?s={search_term_string}"},"query-input":"required name=search_term_string"}],"inLanguage":"it-IT"},{"@type":"Organization","@id":"https:\/\/www.oxino.com\/#organization","name":"Oxi...no","url":"https:\/\/www.oxino.com\/","logo":{"@type":"ImageObject","inLanguage":"it-IT","@id":"https:\/\/www.oxino.com\/#\/schema\/logo\/image\/","url":"https:\/\/www.oxino.com\/wp-content\/uploads\/2024\/01\/cropped-Logo_OXINO_Fondo_Blanco.webp","contentUrl":"https:\/\/www.oxino.com\/wp-content\/uploads\/2024\/01\/cropped-Logo_OXINO_Fondo_Blanco.webp","width":512,"height":512,"caption":"Oxi...no"},"image":{"@id":"https:\/\/www.oxino.com\/#\/schema\/logo\/image\/"},"sameAs":["https:\/\/www.linkedin.com\/company\/oxi-no\/"]}]}},"_links":{"self":[{"href":"https:\/\/www.oxino.com\/it\/wp-json\/wp\/v2\/pages\/12282","targetHints":{"allow":["GET"]}}],"collection":[{"href":"https:\/\/www.oxino.com\/it\/wp-json\/wp\/v2\/pages"}],"about":[{"href":"https:\/\/www.oxino.com\/it\/wp-json\/wp\/v2\/types\/page"}],"author":[{"embeddable":true,"href":"https:\/\/www.oxino.com\/it\/wp-json\/wp\/v2\/users\/1"}],"replies":[{"embeddable":true,"href":"https:\/\/www.oxino.com\/it\/wp-json\/wp\/v2\/comments?post=12282"}],"version-history":[{"count":8,"href":"https:\/\/www.oxino.com\/it\/wp-json\/wp\/v2\/pages\/12282\/revisions"}],"predecessor-version":[{"id":12378,"href":"https:\/\/www.oxino.com\/it\/wp-json\/wp\/v2\/pages\/12282\/revisions\/12378"}],"wp:attachment":[{"href":"https:\/\/www.oxino.com\/it\/wp-json\/wp\/v2\/media?parent=12282"}],"curies":[{"name":"wp","href":"https:\/\/api.w.org\/{rel}","templated":true}]}}