{"id":12135,"date":"2023-09-06T11:42:11","date_gmt":"2023-09-06T09:42:11","guid":{"rendered":"https:\/\/www.oxino.com\/politica-de-cookies\/"},"modified":"2024-06-04T13:19:28","modified_gmt":"2024-06-04T11:19:28","slug":"informativa-sui-cookie","status":"publish","type":"page","link":"https:\/\/www.oxino.com\/it\/informativa-sui-cookie\/","title":{"rendered":"INFORMATIVA SUI COOKIE"},"content":{"rendered":"\t\t<div data-elementor-type=\"wp-page\" data-elementor-id=\"12135\" class=\"elementor elementor-12135 elementor-8569\">\n\t\t\t\t\t\t<section class=\"elementor-section elementor-top-section elementor-element elementor-element-8aa1641 elementor-section-boxed elementor-section-height-default elementor-section-height-default qodef-elementor-content-no\" data-id=\"8aa1641\" data-element_type=\"section\">\n\t\t\t\t\t\t<div class=\"elementor-container elementor-column-gap-default\">\n\t\t\t\t\t<div class=\"elementor-column elementor-col-100 elementor-top-column elementor-element elementor-element-504bd34\" data-id=\"504bd34\" data-element_type=\"column\">\n\t\t\t<div class=\"elementor-widget-wrap elementor-element-populated\">\n\t\t\t\t\t\t<div class=\"elementor-element elementor-element-696519a elementor-widget elementor-widget-heading\" data-id=\"696519a\" data-element_type=\"widget\" data-widget_type=\"heading.default\">\n\t\t\t\t<div class=\"elementor-widget-container\">\n\t\t\t<style>\/*! elementor - v3.21.0 - 22-05-2024 *\/\n.elementor-heading-title{padding:0;margin:0;line-height:1}.elementor-widget-heading .elementor-heading-title[class*=elementor-size-]>a{color:inherit;font-size:inherit;line-height:inherit}.elementor-widget-heading .elementor-heading-title.elementor-size-small{font-size:15px}.elementor-widget-heading .elementor-heading-title.elementor-size-medium{font-size:19px}.elementor-widget-heading .elementor-heading-title.elementor-size-large{font-size:29px}.elementor-widget-heading .elementor-heading-title.elementor-size-xl{font-size:39px}.elementor-widget-heading .elementor-heading-title.elementor-size-xxl{font-size:59px}<\/style><h2 class=\"elementor-heading-title elementor-size-default\">INFORMATIVA SUI COOKIE<\/h2>\t\t<\/div>\n\t\t\t\t<\/div>\n\t\t\t\t<div class=\"elementor-element elementor-element-05f639b elementor-widget elementor-widget-text-editor\" data-id=\"05f639b\" data-element_type=\"widget\" data-widget_type=\"text-editor.default\">\n\t\t\t\t<div class=\"elementor-widget-container\">\n\t\t\t<style>\/*! elementor - v3.21.0 - 22-05-2024 *\/\n.elementor-widget-text-editor.elementor-drop-cap-view-stacked .elementor-drop-cap{background-color:#69727d;color:#fff}.elementor-widget-text-editor.elementor-drop-cap-view-framed .elementor-drop-cap{color:#69727d;border:3px solid;background-color:transparent}.elementor-widget-text-editor:not(.elementor-drop-cap-view-default) .elementor-drop-cap{margin-top:8px}.elementor-widget-text-editor:not(.elementor-drop-cap-view-default) .elementor-drop-cap-letter{width:1em;height:1em}.elementor-widget-text-editor .elementor-drop-cap{float:left;text-align:center;line-height:1;font-size:50px}.elementor-widget-text-editor .elementor-drop-cap-letter{display:inline-block}<\/style>\t\t\t\t<p dir=\"ltr\" style=\"line-height: 1.38; margin-top: 12pt; margin-bottom: 12pt;\"><span style=\"font-size: 14.6667px; white-space-collapse: preserve;\"><b>DATI IDENTIFICATIVI DEL TITOLARE<\/b><\/span><\/p>\n<p>Il sito web <b>www.oxino.com<\/b>, che utilizza cookie, \u00e8 di propriet\u00e0 di Werku Tools SA (di seguito, Werku), domiciliata in Carretera N-VI km 586, Oleiros, La Coru\u00f1a, Spagna, codice fiscale europeo ESA15098205, iscritta al Registro Comercial de La Coru\u00f1a, Spagna, Volume 477, Libro 256 della Sezione 3 delle Imprese, Folio 60, pagina 2767 e iscrizione 1. Indirizzo e-mail<b> info@oxino.com<\/b>.<\/p>\n<p><b>UTENTE<\/b><\/p>\n<p>L&#8217;accesso e\/o l&#8217;utilizzo del sito web <b>www.oxino.com<\/b> attribuisce lo status di utente (di seguito Utente).<\/p>\n<p><b>UTILIZZO DEI COOKIE<\/b><\/p>\n<p>I cookie sono file che vengono scaricati sul computer dell&#8217;Utente quando accede al sito web www.oxino.com. I cookie consentono a Werku, tra le altre cose, di archiviare e recuperare informazioni sulle abitudini di navigazione dell&#8217;Utente o sul suo computer. Inoltre, i cookie migliorano il processo di navigazione dell&#8217;Utente, poich\u00e9 consentono al sito web www.oxino.com di offrire informazioni che potrebbero interessare all&#8217;Utente, a seconda dell&#8217;utilizzo del sito web <b>www.oxino.com<\/b>.<\/p>\n<p>Se l&#8217;Utente non desidera ricevere cookie, pu\u00f2 configurare il proprio browser Internet in modo da eliminare i cookie dal disco rigido del proprio computer, bloccarli o avvisarli se vengono installati. Per proseguire senza modificare le impostazioni dei cookie l&#8217;Utente dovr\u00e0 semplicemente continuare la navigazione sul sito www.oxino.com.<\/p>\n<p><b>CONSENSO<\/b><\/p>\n<p>I cookie presenti sul sito <b>www.oxino.com<\/b> non memorizzano dati personali o informazioni che possano identificare l&#8217;Utente, a meno che l&#8217;Utente non desideri registrarsi volontariamente per utilizzare i servizi offerti dal sito www.oxino.com o per ricevere informazioni su promozioni e contenuti di interesse.<\/p>\n<p>Navigando per la prima volta sul sito <b>www.oxino.com <\/b>apparir\u00e0 un banner che spiega l&#8217;utilizzo dei cookie. Continuando la navigazione l&#8217;utente acconsente all&#8217;utilizzo di tali cookie e alle condizioni esposte nella presente Politica sui cookie. Il presente consenso \u00e8 valido per un periodo di 13 mesi. In caso di disaccordo, l&#8217;Utente dovr\u00e0 inviare un reclamo via email a<b> info@oxino.com.<\/b><\/p>\n<p><b>TIPOLOGIE E SCOPI DEI COOKIE<\/b><\/p>\n<p>I cookie, a seconda della loro durata, possono essere classificati in due tipologie:<\/p>\n<p>1) Cookie di sessione: scadono quando l&#8217;Utente chiude il browser.<br>2) Cookie persistenti: scadono quando viene raggiunto lo scopo per il quale vengono utilizzati (ad esempio, in modo che l&#8217;Utente continui ad essere identificato sul sito <b>www.oxino.com<\/b> e sui suoi servizi o quando vengono cancellati manualmente).<\/p>\n<p>I cookie, a seconda della loro finalit\u00e0, possono essere classificati in sei tipologie:<\/p>\n<p>1) Cookie di performance (tecnici e di personalizzazione): Memorizzano le preferenze degli strumenti presenti nei servizi, in modo che l&#8217;Utente non debba riconfigurare il servizio ogni volta che visita il sito<b> www.oxino.com<\/b>. Tra queste rientrano, ad esempio, le impostazioni del volume dei lettori audio e le velocit\u00e0 di trasmissione video supportate dal browser.<\/p>\n<p>2) Cookie di geolocalizzazione: tengono traccia del paese in cui si trova l&#8217;utente quando richiede un servizio. Questi cookie sono anonimi e vengono utilizzati solo per indirizzare i contenuti alla posizione dell&#8217;Utente.<\/p>\n<p>3) Cookie di registrazione (tecnici e di personalizzazione): Identificano l&#8217;Utente dopo la registrazione o il login successivo, con i seguenti possibili obiettivi &#8211; Mantenere identificato l&#8217;Utente in modo che, se chiude un servizio, continui ad essere identificato alla riapertura del browser o del computer e in un altro momento, facilitando cos\u00ec la tua navigazione senza doverti identificare nuovamente. Questa funzionalit\u00e0 pu\u00f2 essere eliminata se l&#8217;Utente clicca sulla funzione \u201cchiudi sessione\u201d, in modo che questi cookie vengano cancellati e, la prossima volta che l&#8217;Utente acceder\u00e0 al servizio, dovr\u00e0 effettuare il login per essere identificato. &#8211; Verificare se l&#8217;Utente \u00e8 autorizzato ad accedere a determinati servizi (ad esempio, per partecipare ad un concorso).<br><\/p>\n<p dir=\"ltr\" style=\"line-height: 1.38; margin-top: 12pt; margin-bottom: 12pt;\"><span style=\"font-size: 14.6667px; white-space-collapse: preserve;\">4) Cookie analitici: ogni visita dell&#8217;Utente a un servizio o a informazioni sul sito web<b> www.oxino.com <\/b>o a uno strumento di un fornitore esterno (Google Analytics, Comscore e strumenti simili che potrebbero essere aggiunti a questo elenco se variano dagli attuali ) genera un cookie analitico sul computer dell&#8217;Utente. Questo cookie, che viene generato esclusivamente durante la visita, verr\u00e0 utilizzato nelle future visite ai servizi del sito web www.oxino.com per identificare in modo anonimo il visitatore, con le seguenti finalit\u00e0<br>\n&#8211; Consentire l&#8217;identificazione anonima dell&#8217;Utente attraverso i cookie (identifica browser e dispositivi, non persone) e, quindi, il conteggio approssimativo del numero di visitatori e il loro andamento nel tempo.<br>\n&#8211; Identificare in modo anonimo i contenuti pi\u00f9 visitati e, quindi, pi\u00f9 attraenti per l&#8217;Utente.<br>\n&#8211; Sapere se l&#8217;Utente \u00e8 un visitatore nuovo o di ritorno. A meno che l&#8217;Utente non decida di registrarsi per qualsiasi servizio o contenuto del sito <b>www.oxino.com<\/b>, i cookie non verranno mai associati ad alcun dato personale che possa identificare l&#8217;Utente. Questi cookie verranno utilizzati solo per scopi statistici che aiutano a ottimizzare l&#8217;esperienza dell&#8217;utente.<br>\n5) Cookie pubblicitari propri: vengono utilizzati per gestire se l&#8217;utente ha visitato l&#8217;annuncio. Consentono inoltre la gestione di spazi pubblicitari, memorizzando dati sul comportamento di navigazione dell&#8217;Utente, al fine di offrire pubblicit\u00e0.<\/span><\/p>\n<p>6) Cookie pubblicitari di terzi: Oltre alla pubblicit\u00e0 gestita da Werku nei suoi contenuti o servizi, Werku pu\u00f2 offrire ai suoi inserzionisti la possibilit\u00e0 di fornire pubblicit\u00e0 tramite terzi. In questo modo, questi terzi possono memorizzare i cookie inviati dai contenuti del sito <b>www.oxino.com<\/b>, dai browser dell&#8217;Utente, nonch\u00e9 accedere ai dati ivi archiviati. Le terze parti che generano questi cookie hanno le proprie politiche sulla privacy.<\/p>\n<p><b>BLOCCARE O ELIMINARE I COOKIE INSTALLATI<\/b><\/p>\n<p>L&#8217;Utente pu\u00f2 consentire, bloccare o eliminare i cookie installati sul proprio dispositivo configurando le opzioni del browser. L&#8217;Utente pu\u00f2 trovare informazioni su come effettuare questa operazione, in relazione ai browser pi\u00f9 comuni, ai seguenti link:<\/p>\n<p>Esploratore:<b> https:\/\/support.microsoft.com\/es-es\/kb\/278835<\/b><br>\nChrome: <b>http:\/\/support.google.com\/chrome\/bin\/answer.py?h1=es&amp;answer=95647<\/b><br>\nFirefox: <b>https:\/\/support.mozilla.org\/es\/kb\/Borrar%20cookies<\/b><br>\nSafari:<b> http:\/\/support.apple.com\/kb\/ph5042<\/b><\/p>\n<p>La disabilitazione dei cookie potrebbe impedire o ostacolare la navigazione o l&#8217;erogazione dei servizi offerti sul sito www.oxino.com.<\/p>\n<p><b>MODIFICHE<\/b><\/p>\n<p>Werku pu\u00f2 modificare la Politica sui cookie del sito web<b> www.oxino.com <\/b>in conformit\u00e0 con i requisiti legali o al fine di adattare detta Politica sui cookie alle istruzioni impartite dall&#8217;Agenzia spagnola per la protezione dei dati.<\/p>\n<p>Per questo motivo, si consiglia all\u2019Utente di rivedere periodicamente la presente Cookie Policy. Tuttavia, in caso di modifiche significative alla presente Politica sui cookie, Werku comunicher\u00e0 tali modifiche all&#8217;Utente sul sito <b>www.oxino.com <\/b>o via email all&#8217;Utente registrato.<\/p>\n<p><b>LINGUA<\/b><\/p>\n<p>La presente Politica sui cookie \u00e8 stata pubblicata in diverse lingue. La versione inglese \u00e8 quella originale e prevale sulle traduzioni.<\/p>\n<p><b>LEGISLAZIONE APPLICABILE E GIURISDIZIONE<\/b><\/p>\n<p>Il rapporto tra Werku e l&#8217;Utente sar\u00e0 regolato dalla normativa spagnola vigente. Tutte le controversie e i reclami derivanti dalla presente Politica sui cookie saranno risolti dai tribunali competenti.<\/p>\n<p>La presente Cookie Policy \u00e8 stata aggiornata il 17 marzo 2021 per adeguarsi al Regolamento (UE) 2016\/679 del Parlamento Europeo e del Consiglio, del 27 aprile 2016, relativo alla protezione delle persone fisiche con riguardo al trattamento dei dati personali e la libera circolazione di tali dati (GDPR).<br><\/p>\t\t\t\t\t\t<\/div>\n\t\t\t\t<\/div>\n\t\t\t\t\t<\/div>\n\t\t<\/div>\n\t\t\t\t\t<\/div>\n\t\t<\/section>\n\t\t\t\t<section class=\"elementor-section elementor-top-section elementor-element elementor-element-7f61a335 elementor-section-full_width elementor-section-stretched elementor-section-height-default elementor-section-height-default qodef-elementor-content-no\" data-id=\"7f61a335\" data-element_type=\"section\" data-settings=\"{&quot;stretch_section&quot;:&quot;section-stretched&quot;}\">\n\t\t\t\t\t\t<div class=\"elementor-container elementor-column-gap-default\">\n\t\t\t\t\t<div class=\"elementor-column elementor-col-100 elementor-top-column elementor-element elementor-element-15ddcd17\" data-id=\"15ddcd17\" data-element_type=\"column\">\n\t\t\t<div class=\"elementor-widget-wrap elementor-element-populated\">\n\t\t\t\t\t\t<div class=\"elementor-element elementor-element-38e3a52 elementor-widget elementor-widget-text-editor\" data-id=\"38e3a52\" data-element_type=\"widget\" data-widget_type=\"text-editor.default\">\n\t\t\t\t<div class=\"elementor-widget-container\">\n\t\t\t\t\t\t\t<p><span style=\"font-weight: 400;\"><a href=\"https:\/\/www.oxino.com\/it\/avviso-legale\/\">Avviso legale<\/a> \u00b7 <a href=\"https:\/\/www.oxino.com\/it\/informativa-sui-cookie\/\">Informativa sui Cookie<\/a> \u00b7 <a href=\"https:\/\/www.oxino.com\/it\/informativa-sulla-privacy\/\">Informativa sulla Privacy<\/a> \u00b7 <a href=\"https:\/\/www.oxino.com\/it\/trattamento-dei-dati-personali\/\">Trattamento dei Dati Personali<\/a> \u00b7 <a href=\"https:\/\/www.oxino.com\/it\/condizioni-di-vendita\/\">Condizioni di Vendita<\/a><\/span><\/p><p><span style=\"font-weight: 400;\">Copyright 2021 \u00b7 Werku Tools SA \u00b7 Carretera N-VI km 586 \u00b7 15176 Oleiros \u00b7 La Coru\u00f1a \u00b7 Espa\u00f1a \u00b7 info@werku.com\u00a0<\/span><\/p>\t\t\t\t\t\t<\/div>\n\t\t\t\t<\/div>\n\t\t\t\t\t<\/div>\n\t\t<\/div>\n\t\t\t\t\t<\/div>\n\t\t<\/section>\n\t\t\t\t<\/div>\n\t\t","protected":false},"excerpt":{"rendered":"<p>INFORMATIVA SUI COOKIE DATI IDENTIFICATIVI DEL TITOLARE Il sito web www.oxino.com, che utilizza cookie, \u00e8 di propriet\u00e0 di Werku Tools SA (di seguito, Werku), domiciliata in Carretera N-VI km 586, Oleiros, La Coru\u00f1a, Spagna, codice fiscale europeo ESA15098205, iscritta al Registro Comercial de La Coru\u00f1a, Spagna, Volume 477, Libro 256 della Sezione 3 delle Imprese, [&hellip;]<\/p>\n","protected":false},"author":1,"featured_media":0,"parent":0,"menu_order":0,"comment_status":"closed","ping_status":"closed","template":"","meta":{"footnotes":""},"class_list":["post-12135","page","type-page","status-publish","hentry"],"yoast_head":"<!-- This site is optimized with the Yoast SEO plugin v23.1 - https:\/\/yoast.com\/wordpress\/plugins\/seo\/ -->\n<title>INFORMATIVA SUI COOKIE - Oxi...no<\/title>\n<meta name=\"robots\" content=\"index, follow, max-snippet:-1, max-image-preview:large, max-video-preview:-1\" \/>\n<link rel=\"canonical\" href=\"https:\/\/www.oxino.com\/politica-de-cookies\/\" \/>\n<meta property=\"og:locale\" content=\"it_IT\" \/>\n<meta property=\"og:type\" content=\"article\" \/>\n<meta property=\"og:title\" content=\"INFORMATIVA SUI COOKIE - Oxi...no\" \/>\n<meta property=\"og:description\" content=\"INFORMATIVA SUI COOKIE DATI IDENTIFICATIVI DEL TITOLARE Il sito web www.oxino.com, che utilizza cookie, \u00e8 di propriet\u00e0 di Werku Tools SA (di seguito, Werku), domiciliata in Carretera N-VI km 586, Oleiros, La Coru\u00f1a, Spagna, codice fiscale europeo ESA15098205, iscritta al Registro Comercial de La Coru\u00f1a, Spagna, Volume 477, Libro 256 della Sezione 3 delle Imprese, [&hellip;]\" \/>\n<meta property=\"og:url\" content=\"https:\/\/www.oxino.com\/politica-de-cookies\/\" \/>\n<meta property=\"og:site_name\" content=\"Oxi...no\" \/>\n<meta property=\"article:modified_time\" content=\"2024-06-04T11:19:28+00:00\" \/>\n<meta name=\"twitter:card\" content=\"summary_large_image\" \/>\n<meta name=\"twitter:label1\" content=\"Tempo di lettura stimato\" \/>\n\t<meta name=\"twitter:data1\" content=\"6 minuti\" \/>\n<script type=\"application\/ld+json\" class=\"yoast-schema-graph\">{\"@context\":\"https:\/\/schema.org\",\"@graph\":[{\"@type\":\"WebPage\",\"@id\":\"https:\/\/www.oxino.com\/politica-de-cookies\/\",\"url\":\"https:\/\/www.oxino.com\/politica-de-cookies\/\",\"name\":\"INFORMATIVA SUI COOKIE - Oxi...no\",\"isPartOf\":{\"@id\":\"https:\/\/www.oxino.com\/#website\"},\"datePublished\":\"2023-09-06T09:42:11+00:00\",\"dateModified\":\"2024-06-04T11:19:28+00:00\",\"breadcrumb\":{\"@id\":\"https:\/\/www.oxino.com\/politica-de-cookies\/#breadcrumb\"},\"inLanguage\":\"it-IT\",\"potentialAction\":[{\"@type\":\"ReadAction\",\"target\":[\"https:\/\/www.oxino.com\/politica-de-cookies\/\"]}]},{\"@type\":\"BreadcrumbList\",\"@id\":\"https:\/\/www.oxino.com\/politica-de-cookies\/#breadcrumb\",\"itemListElement\":[{\"@type\":\"ListItem\",\"position\":1,\"name\":\"Portada\",\"item\":\"https:\/\/www.oxino.com\/it\/\"},{\"@type\":\"ListItem\",\"position\":2,\"name\":\"INFORMATIVA SUI COOKIE\"}]},{\"@type\":\"WebSite\",\"@id\":\"https:\/\/www.oxino.com\/#website\",\"url\":\"https:\/\/www.oxino.com\/\",\"name\":\"Oxi...no\",\"description\":\"\",\"publisher\":{\"@id\":\"https:\/\/www.oxino.com\/#organization\"},\"potentialAction\":[{\"@type\":\"SearchAction\",\"target\":{\"@type\":\"EntryPoint\",\"urlTemplate\":\"https:\/\/www.oxino.com\/?s={search_term_string}\"},\"query-input\":\"required name=search_term_string\"}],\"inLanguage\":\"it-IT\"},{\"@type\":\"Organization\",\"@id\":\"https:\/\/www.oxino.com\/#organization\",\"name\":\"Oxi...no\",\"url\":\"https:\/\/www.oxino.com\/\",\"logo\":{\"@type\":\"ImageObject\",\"inLanguage\":\"it-IT\",\"@id\":\"https:\/\/www.oxino.com\/#\/schema\/logo\/image\/\",\"url\":\"https:\/\/www.oxino.com\/wp-content\/uploads\/2024\/01\/cropped-Logo_OXINO_Fondo_Blanco.webp\",\"contentUrl\":\"https:\/\/www.oxino.com\/wp-content\/uploads\/2024\/01\/cropped-Logo_OXINO_Fondo_Blanco.webp\",\"width\":512,\"height\":512,\"caption\":\"Oxi...no\"},\"image\":{\"@id\":\"https:\/\/www.oxino.com\/#\/schema\/logo\/image\/\"},\"sameAs\":[\"https:\/\/www.linkedin.com\/company\/oxi-no\/\"]}]}<\/script>\n<!-- \/ Yoast SEO plugin. -->","yoast_head_json":{"title":"INFORMATIVA SUI COOKIE - Oxi...no","robots":{"index":"index","follow":"follow","max-snippet":"max-snippet:-1","max-image-preview":"max-image-preview:large","max-video-preview":"max-video-preview:-1"},"canonical":"https:\/\/www.oxino.com\/politica-de-cookies\/","og_locale":"it_IT","og_type":"article","og_title":"INFORMATIVA SUI COOKIE - Oxi...no","og_description":"INFORMATIVA SUI COOKIE DATI IDENTIFICATIVI DEL TITOLARE Il sito web www.oxino.com, che utilizza cookie, \u00e8 di propriet\u00e0 di Werku Tools SA (di seguito, Werku), domiciliata in Carretera N-VI km 586, Oleiros, La Coru\u00f1a, Spagna, codice fiscale europeo ESA15098205, iscritta al Registro Comercial de La Coru\u00f1a, Spagna, Volume 477, Libro 256 della Sezione 3 delle Imprese, [&hellip;]","og_url":"https:\/\/www.oxino.com\/politica-de-cookies\/","og_site_name":"Oxi...no","article_modified_time":"2024-06-04T11:19:28+00:00","twitter_card":"summary_large_image","twitter_misc":{"Tempo di lettura stimato":"6 minuti"},"schema":{"@context":"https:\/\/schema.org","@graph":[{"@type":"WebPage","@id":"https:\/\/www.oxino.com\/politica-de-cookies\/","url":"https:\/\/www.oxino.com\/politica-de-cookies\/","name":"INFORMATIVA SUI COOKIE - Oxi...no","isPartOf":{"@id":"https:\/\/www.oxino.com\/#website"},"datePublished":"2023-09-06T09:42:11+00:00","dateModified":"2024-06-04T11:19:28+00:00","breadcrumb":{"@id":"https:\/\/www.oxino.com\/politica-de-cookies\/#breadcrumb"},"inLanguage":"it-IT","potentialAction":[{"@type":"ReadAction","target":["https:\/\/www.oxino.com\/politica-de-cookies\/"]}]},{"@type":"BreadcrumbList","@id":"https:\/\/www.oxino.com\/politica-de-cookies\/#breadcrumb","itemListElement":[{"@type":"ListItem","position":1,"name":"Portada","item":"https:\/\/www.oxino.com\/it\/"},{"@type":"ListItem","position":2,"name":"INFORMATIVA SUI COOKIE"}]},{"@type":"WebSite","@id":"https:\/\/www.oxino.com\/#website","url":"https:\/\/www.oxino.com\/","name":"Oxi...no","description":"","publisher":{"@id":"https:\/\/www.oxino.com\/#organization"},"potentialAction":[{"@type":"SearchAction","target":{"@type":"EntryPoint","urlTemplate":"https:\/\/www.oxino.com\/?s={search_term_string}"},"query-input":"required name=search_term_string"}],"inLanguage":"it-IT"},{"@type":"Organization","@id":"https:\/\/www.oxino.com\/#organization","name":"Oxi...no","url":"https:\/\/www.oxino.com\/","logo":{"@type":"ImageObject","inLanguage":"it-IT","@id":"https:\/\/www.oxino.com\/#\/schema\/logo\/image\/","url":"https:\/\/www.oxino.com\/wp-content\/uploads\/2024\/01\/cropped-Logo_OXINO_Fondo_Blanco.webp","contentUrl":"https:\/\/www.oxino.com\/wp-content\/uploads\/2024\/01\/cropped-Logo_OXINO_Fondo_Blanco.webp","width":512,"height":512,"caption":"Oxi...no"},"image":{"@id":"https:\/\/www.oxino.com\/#\/schema\/logo\/image\/"},"sameAs":["https:\/\/www.linkedin.com\/company\/oxi-no\/"]}]}},"_links":{"self":[{"href":"https:\/\/www.oxino.com\/it\/wp-json\/wp\/v2\/pages\/12135","targetHints":{"allow":["GET"]}}],"collection":[{"href":"https:\/\/www.oxino.com\/it\/wp-json\/wp\/v2\/pages"}],"about":[{"href":"https:\/\/www.oxino.com\/it\/wp-json\/wp\/v2\/types\/page"}],"author":[{"embeddable":true,"href":"https:\/\/www.oxino.com\/it\/wp-json\/wp\/v2\/users\/1"}],"replies":[{"embeddable":true,"href":"https:\/\/www.oxino.com\/it\/wp-json\/wp\/v2\/comments?post=12135"}],"version-history":[{"count":13,"href":"https:\/\/www.oxino.com\/it\/wp-json\/wp\/v2\/pages\/12135\/revisions"}],"predecessor-version":[{"id":12434,"href":"https:\/\/www.oxino.com\/it\/wp-json\/wp\/v2\/pages\/12135\/revisions\/12434"}],"wp:attachment":[{"href":"https:\/\/www.oxino.com\/it\/wp-json\/wp\/v2\/media?parent=12135"}],"curies":[{"name":"wp","href":"https:\/\/api.w.org\/{rel}","templated":true}]}}