{"id":11925,"date":"2023-09-06T16:02:12","date_gmt":"2023-09-06T14:02:12","guid":{"rendered":"https:\/\/www.oxino.com\/politica-de-privacidad\/"},"modified":"2024-06-04T12:56:28","modified_gmt":"2024-06-04T10:56:28","slug":"informativa-sulla-privacy","status":"publish","type":"page","link":"https:\/\/www.oxino.com\/it\/informativa-sulla-privacy\/","title":{"rendered":"INFORMATIVA SULLA PRIVACY"},"content":{"rendered":"\t\t<div data-elementor-type=\"wp-page\" data-elementor-id=\"11925\" class=\"elementor elementor-11925 elementor-8630\">\n\t\t\t\t\t\t<section class=\"elementor-section elementor-top-section elementor-element elementor-element-8aa1641 elementor-section-boxed elementor-section-height-default elementor-section-height-default qodef-elementor-content-no\" data-id=\"8aa1641\" data-element_type=\"section\">\n\t\t\t\t\t\t<div class=\"elementor-container elementor-column-gap-default\">\n\t\t\t\t\t<div class=\"elementor-column elementor-col-100 elementor-top-column elementor-element elementor-element-504bd34\" data-id=\"504bd34\" data-element_type=\"column\">\n\t\t\t<div class=\"elementor-widget-wrap elementor-element-populated\">\n\t\t\t\t\t\t<div class=\"elementor-element elementor-element-05f639b elementor-widget elementor-widget-text-editor\" data-id=\"05f639b\" data-element_type=\"widget\" data-widget_type=\"text-editor.default\">\n\t\t\t\t<div class=\"elementor-widget-container\">\n\t\t\t<style>\/*! elementor - v3.21.0 - 22-05-2024 *\/\n.elementor-widget-text-editor.elementor-drop-cap-view-stacked .elementor-drop-cap{background-color:#69727d;color:#fff}.elementor-widget-text-editor.elementor-drop-cap-view-framed .elementor-drop-cap{color:#69727d;border:3px solid;background-color:transparent}.elementor-widget-text-editor:not(.elementor-drop-cap-view-default) .elementor-drop-cap{margin-top:8px}.elementor-widget-text-editor:not(.elementor-drop-cap-view-default) .elementor-drop-cap-letter{width:1em;height:1em}.elementor-widget-text-editor .elementor-drop-cap{float:left;text-align:center;line-height:1;font-size:50px}.elementor-widget-text-editor .elementor-drop-cap-letter{display:inline-block}<\/style>\t\t\t\t<h3>DATI IDENTIFICATIVI DEL TITOLARE<\/h3>\n<p>L&#8217;azienda titolare del sito web <strong><a href=\"http:\/\/www.oxino.com\/\" target=\"_new\" rel=\"noreferrer\">www.oxino.com<\/a><\/strong> \u00e8 <strong>Werku Tools SA<\/strong> (di seguito, Werku), con sede legale in Carretera N-VI km 586, Oleiros, La Coru\u00f1a, Spagna, codice fiscale europeo ESA15098205, iscritta al Registro delle Imprese di La Coru\u00f1a, Spagna, Volume 477, Libro 256 della Sezione 3 delle Societ\u00e0, al Foglio 60, numero 2767 e iscrizione 1. Indirizzo email: <strong><a rel=\"noreferrer\">info@oxino.com<\/a><\/strong>.<\/p>\n<p><b>UTENTE<\/b><\/p>\n<p>L&#8217;accesso e\/o l&#8217;uso del sito web <strong><a href=\"http:\/\/www.oxino.com\/\" target=\"_new\" rel=\"noreferrer\">www.oxino.com<\/a><\/strong> attribuisce la condizione di utente (di seguito, Utente).<\/p>\n<p><b>PRIVACY<\/b><\/p>\n<p>Per proteggere i diritti individuali dell&#8217;Utente, soprattutto in relazione ai trattamenti automatizzati e con volont\u00e0 di essere trasparente, Werku ha stabilito una Politica sulla Privacy che raccoglie l&#8217;insieme di tali trattamenti, i fini perseguiti da questi ultimi, la legittimit\u00e0 degli stessi e gli strumenti a disposizione dell&#8217;Utente per esercitare i suoi diritti.<\/p>\n<p>La navigazione nel sito web <strong><a href=\"http:\/\/www.oxino.com\/\" target=\"_new\" rel=\"noreferrer\">www.oxino.com<\/a><\/strong> implica la totale accettazione da parte dell&#8217;Utente delle disposizioni e condizioni di utilizzo, inclusi l&#8217;uso dei cookie. In caso di disaccordo, l&#8217;Utente pu\u00f2 inviare un reclamo via email a <strong><a rel=\"noreferrer\">info@oxino.com<\/a><\/strong>.<\/p>\n<p>La versione aggiornata di questa Politica sulla Privacy \u00e8 l&#8217;unica applicabile durante l&#8217;uso del sito web <strong><a href=\"http:\/\/www.oxino.com\/\" target=\"_new\" rel=\"noreferrer\">www.oxino.com<\/a><\/strong> da parte dell&#8217;Utente fino a quando non venga sostituita da una nuova versione.<\/p>\n<p>Per informazioni complementari sulla protezione dei dati personali, l&#8217;Utente pu\u00f2 consultare il sito web <strong><a href=\"http:\/\/www.agpd.es\/\" target=\"_new\" rel=\"noreferrer\">www.agpd.es<\/a><\/strong> dell&#8217;Agenzia Spagnola per la Protezione dei Dati.<\/p>\n<p><b>RACCOLTA DEI DATI PERSONALI<\/b><\/p>\n<p>I dati personali dell&#8217;Utente sono raccolti da Werku. I dati personali si riferiscono a tutte le informazioni relative a una persona fisica identificata o identificabile (persona interessata). Si intende identificabile una persona che pu\u00f2 essere identificata: direttamente o indirettamente, soprattutto per riferimento a un nome, un numero di identificazione (DNI, NIF, ME, passaporto, ecc.) o a uno o pi\u00f9 elementi specifici, propri alla sua identit\u00e0 fisica, fisiologica, genetica, psichica, economica, culturale o sociale.<\/p>\n<p>I dati personali che generalmente saranno raccolti sono i seguenti:<\/p>\n<ul>\n<li>Nome e cognome<\/li>\n<li>Indirizzo<\/li>\n<li>Email<\/li>\n<li>Numero di telefono<\/li>\n<li>Data di nascita<\/li>\n<li>Dati relativi ai metodi di pagamento<\/li>\n<li>Altri, dei quali l&#8217;Utente sar\u00e0 informato<\/li>\n<\/ul>\n<p><b>FINALIT\u00c0 DEL TRATTAMENTO DEI DATI PERSONALI<\/b><\/p>\n<p>La finalit\u00e0 del trattamento dei dati personali \u00e8 migliorare il rapporto tra Werku e l&#8217;Utente, offrire prodotti e servizi in linea con gli interessi dell&#8217;Utente, migliorare l&#8217;esperienza di navigazione dell&#8217;Utente e, eventualmente, per il trattamento delle sue richieste, petizioni o ordini. Werku elaborer\u00e0 con tali dati personali un profilo commerciale dell&#8217;Utente, ma non prender\u00e0 decisioni automatizzate basate su tale profilo.<\/p>\n<p>I dati personali forniti dall&#8217;Utente saranno conservati finch\u00e9 manterr\u00e0 un rapporto commerciale con Werku, sempre che l&#8217;Utente non richieda la loro cancellazione, o che le obbligazioni legali impongano tale cancellazione.<\/p>\n<p>I dati personali dell&#8217;Utente saranno registrati in un file clienti e il loro trattamento sar\u00e0 registrato nel registro dei trattamenti di Werku. L&#8217;azienda Sendinblue agisce come responsabile del trattamento dei dati personali dell&#8217;Utente e Werku come controllore di tali dati. Per informazioni dettagliate riguardo all&#8217;accordo tra Sendinblue e Werku, si raccomanda all&#8217;Utente di consultare il Trattamento dei Dati Personali, pubblicato anche sul sito web <strong><a href=\"http:\/\/www.oxino.com\/\" target=\"_new\" rel=\"noreferrer\">www.oxino.com<\/a><\/strong>.<\/p>\n<p>La base legale per il trattamento dei dati personali dell&#8217;Utente \u00e8 la seguente:<\/p>\n<ul>\n<li>La corretta esecuzione o adempimento del contratto<\/li>\n<li>L&#8217;interesse legittimo di Werku<\/li>\n<li>Il consenso dell&#8217;Utente per il trattamento dei suoi dati personali<\/li>\n<\/ul>\n<p><b>DESTINATARI AI QUALI SARANNO COMUNICATI I DATI PERSONALI<\/b><\/p>\n<p>I dati personali dell&#8217;Utente possono essere comunicati a terze parti, collegate a Werku da contratto, per l&#8217;esecuzione di compiti necessari alla gestione dell&#8217;account dell&#8217;Utente, senza che quest&#8217;ultimo debba dare la propria autorizzazione.<\/p>\n<p>I dati personali dell&#8217;Utente possono essere comunicati alle autorit\u00e0 competenti in caso l&#8217;Utente abbia effettuato azioni contrarie alla legge o abbia violato il contenuto dell&#8217;Avviso Legale.<\/p>\n<p>I dati personali dell&#8217;Utente possono essere comunicati ad altre aziende del gruppo Werku, per fini amministrativi interni che potrebbero comportare un trattamento di tali dati personali.<\/p>\n<p>I dati personali dell&#8217;Utente possono essere trasferiti a un paese terzo o a un&#8217;organizzazione internazionale, a condizione che Werku informi l&#8217;Utente riguardo tale trasferimento, le sue condizioni e il destinatario.<\/p>\n<p>Quando alcuni dati personali dell&#8217;Utente sono obbligatori per accedere a funzionalit\u00e0 specifiche del sito web <strong><a href=\"http:\/\/www.oxino.com\/\" target=\"_new\" rel=\"noreferrer\">www.oxino.com<\/a><\/strong>, Werku indicher\u00e0 tale carattere obbligatorio al momento della raccolta dei dati personali.<\/p>\n<p><b>COOKIE<\/b><\/p>\n<p>Il sito web <strong><a href=\"http:\/\/www.oxino.com\/\" target=\"_new\" rel=\"noreferrer\">www.oxino.com<\/a><\/strong> utilizza cookie. Per informazioni dettagliate riguardanti tali cookie, che possono essere collegate ai dati personali dell&#8217;Utente e alla Politica sulla Privacy, Werku raccomanda all&#8217;Utente di consultare la Politica sui Cookie, pubblicata anche sul sito web <strong><a href=\"http:\/\/www.oxino.com\/\" target=\"_new\" rel=\"noreferrer\">www.oxino.com<\/a><\/strong>.<\/p>\n<p><b>DIRITTI DELL&#8217;UTENTE<\/b><\/p>\n<p>In riferimento ai dati personali dell&#8217;Utente, quest&#8217;ultimo ha la possibilit\u00e0 di esercitare i suoi diritti di accesso, rettifica, cancellazione e opposizione. Inoltre, l&#8217;Utente ha il diritto alla limitazione del trattamento dei suoi dati personali, il diritto alla cancellazione e alla portabilit\u00e0 dei dati personali trasmessi al responsabile del trattamento.<\/p>\n<p>L&#8217;Utente ha la possibilit\u00e0 di presentare un reclamo all&#8217;Agenzia Spagnola per la Protezione dei Dati o ad altro organismo competente, quando non abbia ottenuto una soluzione soddisfacente nell&#8217;esercizio dei suoi diritti.<\/p>\n<p>Salvo che l&#8217;Utente abbia inviato un reclamo all&#8217;indirizzo email <strong><a rel=\"noreferrer\">info@oxino.com<\/a><\/strong>, i suoi dati possono essere utilizzati per l&#8217;invio di informazioni commerciali.<\/p>\n<p>L&#8217;Utente \u00e8 responsabile riguardo ai dati personali forniti, rispondendo della loro esattezza e aggiornamento e dei danni che potrebbero causare se fossero inesatti.<\/p>\n<p>Werku conserver\u00e0 e gestir\u00e0 i dati personali dell&#8217;Utente con la dovuta riservatezza, applicando le misure di sicurezza informatica necessarie per impedire l&#8217;accesso o l&#8217;uso improprio di tali dati personali, la loro manipolazione, deterioramento o perdita. Tuttavia, l&#8217;Utente comprende che la sicurezza dei sistemi informatici non \u00e8 assoluta e che, quando vengono forniti dati personali via internet, questi possono essere raccolti fraudolentemente da terze parti senza il consenso dell&#8217;Utente, il che \u00e8 fuori da ogni responsabilit\u00e0 da parte di Werku.<\/p>\n<p>L&#8217;Utente pu\u00f2 accedere ed esercitare tali diritti mediante una richiesta scritta e firmata, allegando una fotocopia del suo documento di identit\u00e0, tramite una delle seguenti modalit\u00e0:<\/p>\n<ol>\n<li>Inviando una lettera a Werku Tools SA, Servizio Clienti, Carretera N-VI km 886, Oleiros, La Coru\u00f1a, Spagna<\/li>\n<li>Inviando un&#8217;email a <strong><a rel=\"noreferrer\">info@oxino.com<\/a><\/strong><\/li>\n<\/ol>\n<p>Questi diritti saranno soddisfatti da Werku entro un mese, che pu\u00f2 essere prorogato a due mesi, data la complessit\u00e0 della richiesta o se il numero di richieste ricevute lo richiede. Il tutto senza pregiudicare l&#8217;obbligo di conservare alcuni dati nei termini legali e fino alla prescrizione delle eventuali responsabilit\u00e0 derivanti da un possibile trattamento, o, eventualmente, da un rapporto contrattuale.<\/p>\n<p>Oltre a quanto sopra menzionato e in relazione alla normativa sulla protezione dei dati, l&#8217;Utente che ne faccia richiesta, ha la possibilit\u00e0 di organizzare il destino dei suoi dati dopo la sua morte.<\/p>\n<p><b>LINGUA<\/b><\/p>\n<p>Questa Politica sulla Privacy \u00e8 stata pubblicata in diverse lingue. La versione in spagnolo \u00e8 l&#8217;originale e prevale sulle traduzioni.<\/p>\n<p><b>LEGISLAZIONE APPLICABILE E GIURISDIZIONE<\/b><\/p>\n<p>Il rapporto tra Werku e l&#8217;Utente sar\u00e0 regolato dalla normativa spagnola vigente. Tutte le controversie e i reclami derivanti da questa Politica sulla Privacy saranno risolti dai tribunali competenti.<\/p>\t\t\t\t\t\t<\/div>\n\t\t\t\t<\/div>\n\t\t\t\t\t<\/div>\n\t\t<\/div>\n\t\t\t\t\t<\/div>\n\t\t<\/section>\n\t\t\t\t<section class=\"elementor-section elementor-top-section elementor-element elementor-element-7e1ca212 elementor-section-full_width elementor-section-stretched elementor-section-height-default elementor-section-height-default qodef-elementor-content-no\" data-id=\"7e1ca212\" data-element_type=\"section\" data-settings=\"{&quot;stretch_section&quot;:&quot;section-stretched&quot;}\">\n\t\t\t\t\t\t<div class=\"elementor-container elementor-column-gap-default\">\n\t\t\t\t\t<div class=\"elementor-column elementor-col-100 elementor-top-column elementor-element elementor-element-3d887a75\" data-id=\"3d887a75\" data-element_type=\"column\">\n\t\t\t<div class=\"elementor-widget-wrap elementor-element-populated\">\n\t\t\t\t\t\t<div class=\"elementor-element elementor-element-7497cde elementor-widget elementor-widget-text-editor\" data-id=\"7497cde\" data-element_type=\"widget\" data-widget_type=\"text-editor.default\">\n\t\t\t\t<div class=\"elementor-widget-container\">\n\t\t\t\t\t\t\t<p><span style=\"font-weight: 400;\"><a href=\"https:\/\/www.oxino.com\/it\/avviso-legale\/\">Avviso legale<\/a> \u00b7 <a href=\"https:\/\/www.oxino.com\/it\/informativa-sui-cookie\/\">Informativa sui Cookie<\/a> \u00b7 <a href=\"https:\/\/www.oxino.com\/it\/informativa-sulla-privacy\/\">Informativa sulla Privacy<\/a> \u00b7 <a href=\"https:\/\/www.oxino.com\/it\/trattamento-dei-dati-personali\/\">Trattamento dei Dati Personali<\/a> \u00b7 <a href=\"https:\/\/www.oxino.com\/it\/condizioni-di-vendita\/\">Condizioni di Vendita<\/a><\/span><\/p><p><span style=\"font-weight: 400;\">Copyright 2021 \u00b7 Werku Tools SA \u00b7 Carretera N-VI km 586 \u00b7 15176 Oleiros \u00b7 La Coru\u00f1a \u00b7 Espa\u00f1a \u00b7 info@werku.com\u00a0<\/span><\/p>\t\t\t\t\t\t<\/div>\n\t\t\t\t<\/div>\n\t\t\t\t\t<\/div>\n\t\t<\/div>\n\t\t\t\t\t<\/div>\n\t\t<\/section>\n\t\t\t\t<\/div>\n\t\t","protected":false},"excerpt":{"rendered":"<p>DATI IDENTIFICATIVI DEL TITOLARE L&#8217;azienda titolare del sito web www.oxino.com \u00e8 Werku Tools SA (di seguito, Werku), con sede legale in Carretera N-VI km 586, Oleiros, La Coru\u00f1a, Spagna, codice fiscale europeo ESA15098205, iscritta al Registro delle Imprese di La Coru\u00f1a, Spagna, Volume 477, Libro 256 della Sezione 3 delle Societ\u00e0, al Foglio 60, numero [&hellip;]<\/p>\n","protected":false},"author":1,"featured_media":0,"parent":0,"menu_order":0,"comment_status":"closed","ping_status":"closed","template":"","meta":{"footnotes":""},"class_list":["post-11925","page","type-page","status-publish","hentry"],"yoast_head":"<!-- This site is optimized with the Yoast SEO plugin v23.1 - https:\/\/yoast.com\/wordpress\/plugins\/seo\/ -->\n<title>INFORMATIVA SULLA PRIVACY - Oxi...no<\/title>\n<meta name=\"robots\" content=\"index, follow, max-snippet:-1, max-image-preview:large, max-video-preview:-1\" \/>\n<link rel=\"canonical\" href=\"https:\/\/www.oxino.com\/it\/informativa-sulla-privacy\/\" \/>\n<meta property=\"og:locale\" content=\"it_IT\" \/>\n<meta property=\"og:type\" content=\"article\" \/>\n<meta property=\"og:title\" content=\"INFORMATIVA SULLA PRIVACY - Oxi...no\" \/>\n<meta property=\"og:description\" content=\"DATI IDENTIFICATIVI DEL TITOLARE L&#8217;azienda titolare del sito web www.oxino.com \u00e8 Werku Tools SA (di seguito, Werku), con sede legale in Carretera N-VI km 586, Oleiros, La Coru\u00f1a, Spagna, codice fiscale europeo ESA15098205, iscritta al Registro delle Imprese di La Coru\u00f1a, Spagna, Volume 477, Libro 256 della Sezione 3 delle Societ\u00e0, al Foglio 60, numero [&hellip;]\" \/>\n<meta property=\"og:url\" content=\"https:\/\/www.oxino.com\/it\/informativa-sulla-privacy\/\" \/>\n<meta property=\"og:site_name\" content=\"Oxi...no\" \/>\n<meta property=\"article:modified_time\" content=\"2024-06-04T10:56:28+00:00\" \/>\n<meta name=\"twitter:card\" content=\"summary_large_image\" \/>\n<meta name=\"twitter:label1\" content=\"Tempo di lettura stimato\" \/>\n\t<meta name=\"twitter:data1\" content=\"6 minuti\" \/>\n<script type=\"application\/ld+json\" class=\"yoast-schema-graph\">{\"@context\":\"https:\/\/schema.org\",\"@graph\":[{\"@type\":\"WebPage\",\"@id\":\"https:\/\/www.oxino.com\/it\/informativa-sulla-privacy\/\",\"url\":\"https:\/\/www.oxino.com\/it\/informativa-sulla-privacy\/\",\"name\":\"INFORMATIVA SULLA PRIVACY - Oxi...no\",\"isPartOf\":{\"@id\":\"https:\/\/www.oxino.com\/#website\"},\"datePublished\":\"2023-09-06T14:02:12+00:00\",\"dateModified\":\"2024-06-04T10:56:28+00:00\",\"breadcrumb\":{\"@id\":\"https:\/\/www.oxino.com\/it\/informativa-sulla-privacy\/#breadcrumb\"},\"inLanguage\":\"it-IT\",\"potentialAction\":[{\"@type\":\"ReadAction\",\"target\":[\"https:\/\/www.oxino.com\/it\/informativa-sulla-privacy\/\"]}]},{\"@type\":\"BreadcrumbList\",\"@id\":\"https:\/\/www.oxino.com\/it\/informativa-sulla-privacy\/#breadcrumb\",\"itemListElement\":[{\"@type\":\"ListItem\",\"position\":1,\"name\":\"Portada\",\"item\":\"https:\/\/www.oxino.com\/it\/\"},{\"@type\":\"ListItem\",\"position\":2,\"name\":\"INFORMATIVA SULLA PRIVACY\"}]},{\"@type\":\"WebSite\",\"@id\":\"https:\/\/www.oxino.com\/#website\",\"url\":\"https:\/\/www.oxino.com\/\",\"name\":\"Oxi...no\",\"description\":\"\",\"publisher\":{\"@id\":\"https:\/\/www.oxino.com\/#organization\"},\"potentialAction\":[{\"@type\":\"SearchAction\",\"target\":{\"@type\":\"EntryPoint\",\"urlTemplate\":\"https:\/\/www.oxino.com\/?s={search_term_string}\"},\"query-input\":\"required name=search_term_string\"}],\"inLanguage\":\"it-IT\"},{\"@type\":\"Organization\",\"@id\":\"https:\/\/www.oxino.com\/#organization\",\"name\":\"Oxi...no\",\"url\":\"https:\/\/www.oxino.com\/\",\"logo\":{\"@type\":\"ImageObject\",\"inLanguage\":\"it-IT\",\"@id\":\"https:\/\/www.oxino.com\/#\/schema\/logo\/image\/\",\"url\":\"https:\/\/www.oxino.com\/wp-content\/uploads\/2024\/01\/cropped-Logo_OXINO_Fondo_Blanco.webp\",\"contentUrl\":\"https:\/\/www.oxino.com\/wp-content\/uploads\/2024\/01\/cropped-Logo_OXINO_Fondo_Blanco.webp\",\"width\":512,\"height\":512,\"caption\":\"Oxi...no\"},\"image\":{\"@id\":\"https:\/\/www.oxino.com\/#\/schema\/logo\/image\/\"},\"sameAs\":[\"https:\/\/www.linkedin.com\/company\/oxi-no\/\"]}]}<\/script>\n<!-- \/ Yoast SEO plugin. -->","yoast_head_json":{"title":"INFORMATIVA SULLA PRIVACY - Oxi...no","robots":{"index":"index","follow":"follow","max-snippet":"max-snippet:-1","max-image-preview":"max-image-preview:large","max-video-preview":"max-video-preview:-1"},"canonical":"https:\/\/www.oxino.com\/it\/informativa-sulla-privacy\/","og_locale":"it_IT","og_type":"article","og_title":"INFORMATIVA SULLA PRIVACY - Oxi...no","og_description":"DATI IDENTIFICATIVI DEL TITOLARE L&#8217;azienda titolare del sito web www.oxino.com \u00e8 Werku Tools SA (di seguito, Werku), con sede legale in Carretera N-VI km 586, Oleiros, La Coru\u00f1a, Spagna, codice fiscale europeo ESA15098205, iscritta al Registro delle Imprese di La Coru\u00f1a, Spagna, Volume 477, Libro 256 della Sezione 3 delle Societ\u00e0, al Foglio 60, numero [&hellip;]","og_url":"https:\/\/www.oxino.com\/it\/informativa-sulla-privacy\/","og_site_name":"Oxi...no","article_modified_time":"2024-06-04T10:56:28+00:00","twitter_card":"summary_large_image","twitter_misc":{"Tempo di lettura stimato":"6 minuti"},"schema":{"@context":"https:\/\/schema.org","@graph":[{"@type":"WebPage","@id":"https:\/\/www.oxino.com\/it\/informativa-sulla-privacy\/","url":"https:\/\/www.oxino.com\/it\/informativa-sulla-privacy\/","name":"INFORMATIVA SULLA PRIVACY - Oxi...no","isPartOf":{"@id":"https:\/\/www.oxino.com\/#website"},"datePublished":"2023-09-06T14:02:12+00:00","dateModified":"2024-06-04T10:56:28+00:00","breadcrumb":{"@id":"https:\/\/www.oxino.com\/it\/informativa-sulla-privacy\/#breadcrumb"},"inLanguage":"it-IT","potentialAction":[{"@type":"ReadAction","target":["https:\/\/www.oxino.com\/it\/informativa-sulla-privacy\/"]}]},{"@type":"BreadcrumbList","@id":"https:\/\/www.oxino.com\/it\/informativa-sulla-privacy\/#breadcrumb","itemListElement":[{"@type":"ListItem","position":1,"name":"Portada","item":"https:\/\/www.oxino.com\/it\/"},{"@type":"ListItem","position":2,"name":"INFORMATIVA SULLA PRIVACY"}]},{"@type":"WebSite","@id":"https:\/\/www.oxino.com\/#website","url":"https:\/\/www.oxino.com\/","name":"Oxi...no","description":"","publisher":{"@id":"https:\/\/www.oxino.com\/#organization"},"potentialAction":[{"@type":"SearchAction","target":{"@type":"EntryPoint","urlTemplate":"https:\/\/www.oxino.com\/?s={search_term_string}"},"query-input":"required name=search_term_string"}],"inLanguage":"it-IT"},{"@type":"Organization","@id":"https:\/\/www.oxino.com\/#organization","name":"Oxi...no","url":"https:\/\/www.oxino.com\/","logo":{"@type":"ImageObject","inLanguage":"it-IT","@id":"https:\/\/www.oxino.com\/#\/schema\/logo\/image\/","url":"https:\/\/www.oxino.com\/wp-content\/uploads\/2024\/01\/cropped-Logo_OXINO_Fondo_Blanco.webp","contentUrl":"https:\/\/www.oxino.com\/wp-content\/uploads\/2024\/01\/cropped-Logo_OXINO_Fondo_Blanco.webp","width":512,"height":512,"caption":"Oxi...no"},"image":{"@id":"https:\/\/www.oxino.com\/#\/schema\/logo\/image\/"},"sameAs":["https:\/\/www.linkedin.com\/company\/oxi-no\/"]}]}},"_links":{"self":[{"href":"https:\/\/www.oxino.com\/it\/wp-json\/wp\/v2\/pages\/11925","targetHints":{"allow":["GET"]}}],"collection":[{"href":"https:\/\/www.oxino.com\/it\/wp-json\/wp\/v2\/pages"}],"about":[{"href":"https:\/\/www.oxino.com\/it\/wp-json\/wp\/v2\/types\/page"}],"author":[{"embeddable":true,"href":"https:\/\/www.oxino.com\/it\/wp-json\/wp\/v2\/users\/1"}],"replies":[{"embeddable":true,"href":"https:\/\/www.oxino.com\/it\/wp-json\/wp\/v2\/comments?post=11925"}],"version-history":[{"count":14,"href":"https:\/\/www.oxino.com\/it\/wp-json\/wp\/v2\/pages\/11925\/revisions"}],"predecessor-version":[{"id":12387,"href":"https:\/\/www.oxino.com\/it\/wp-json\/wp\/v2\/pages\/11925\/revisions\/12387"}],"wp:attachment":[{"href":"https:\/\/www.oxino.com\/it\/wp-json\/wp\/v2\/media?parent=11925"}],"curies":[{"name":"wp","href":"https:\/\/api.w.org\/{rel}","templated":true}]}}