{"id":12247,"date":"2023-09-06T15:54:21","date_gmt":"2023-09-06T13:54:21","guid":{"rendered":"https:\/\/www.oxino.com\/aviso-legal\/"},"modified":"2024-06-04T12:25:08","modified_gmt":"2024-06-04T10:25:08","slug":"avis-juridique","status":"publish","type":"page","link":"https:\/\/www.oxino.com\/fr\/avis-juridique\/","title":{"rendered":"AVIS JURIDIQUE"},"content":{"rendered":"\t\t<div data-elementor-type=\"wp-page\" data-elementor-id=\"12247\" class=\"elementor elementor-12247 elementor-8614\">\n\t\t\t\t\t\t<section class=\"elementor-section elementor-top-section elementor-element elementor-element-8aa1641 elementor-section-boxed elementor-section-height-default elementor-section-height-default qodef-elementor-content-no\" data-id=\"8aa1641\" data-element_type=\"section\">\n\t\t\t\t\t\t<div class=\"elementor-container elementor-column-gap-default\">\n\t\t\t\t\t<div class=\"elementor-column elementor-col-100 elementor-top-column elementor-element elementor-element-504bd34\" data-id=\"504bd34\" data-element_type=\"column\">\n\t\t\t<div class=\"elementor-widget-wrap elementor-element-populated\">\n\t\t\t\t\t\t<div class=\"elementor-element elementor-element-696519a elementor-widget elementor-widget-heading\" data-id=\"696519a\" data-element_type=\"widget\" data-widget_type=\"heading.default\">\n\t\t\t\t<div class=\"elementor-widget-container\">\n\t\t\t<style>\/*! elementor - v3.21.0 - 22-05-2024 *\/\n.elementor-heading-title{padding:0;margin:0;line-height:1}.elementor-widget-heading .elementor-heading-title[class*=elementor-size-]>a{color:inherit;font-size:inherit;line-height:inherit}.elementor-widget-heading .elementor-heading-title.elementor-size-small{font-size:15px}.elementor-widget-heading .elementor-heading-title.elementor-size-medium{font-size:19px}.elementor-widget-heading .elementor-heading-title.elementor-size-large{font-size:29px}.elementor-widget-heading .elementor-heading-title.elementor-size-xl{font-size:39px}.elementor-widget-heading .elementor-heading-title.elementor-size-xxl{font-size:59px}<\/style><h2 class=\"elementor-heading-title elementor-size-default\">AVIS JURIDIQUE<\/h2>\t\t<\/div>\n\t\t\t\t<\/div>\n\t\t\t\t<div class=\"elementor-element elementor-element-05f639b elementor-widget elementor-widget-text-editor\" data-id=\"05f639b\" data-element_type=\"widget\" data-widget_type=\"text-editor.default\">\n\t\t\t\t<div class=\"elementor-widget-container\">\n\t\t\t<style>\/*! elementor - v3.21.0 - 22-05-2024 *\/\n.elementor-widget-text-editor.elementor-drop-cap-view-stacked .elementor-drop-cap{background-color:#69727d;color:#fff}.elementor-widget-text-editor.elementor-drop-cap-view-framed .elementor-drop-cap{color:#69727d;border:3px solid;background-color:transparent}.elementor-widget-text-editor:not(.elementor-drop-cap-view-default) .elementor-drop-cap{margin-top:8px}.elementor-widget-text-editor:not(.elementor-drop-cap-view-default) .elementor-drop-cap-letter{width:1em;height:1em}.elementor-widget-text-editor .elementor-drop-cap{float:left;text-align:center;line-height:1;font-size:50px}.elementor-widget-text-editor .elementor-drop-cap-letter{display:inline-block}<\/style>\t\t\t\t<p dir=\"ltr\" style=\"line-height: 1.38; margin-top: 12pt; margin-bottom: 12pt;\"><span style=\"font-size: 14.6667px; white-space-collapse: preserve;\"><b>DONN\u00c9ES D&rsquo;IDENTIFICATION DU PROPRI\u00c9TAIRE <\/b><\/span><\/p>\n<p><\/p>\n<p>Le propri\u00e9taire du site web<b> www.oxino.com<\/b> est Werku Tools SA (ci-apr\u00e8s, Werku), domicili\u00e9e \u00e0 Carretera N-VI km 586, Oleiros, La Coru\u00f1a, Espagne, code fiscal europ\u00e9en ESA15098205, inscrite au registre du commerce de La Coru\u00f1a, Espagne, volume 477, livre 256 de la section 3 des soci\u00e9t\u00e9s, folio 60, page 2767 et inscription 1. Adresse de courrier \u00e9lectronique <b>info@oxino.com<\/b>.<\/p>\n<p>Pour toute communication concernant le site web<b> www.oxino.com<\/b>, les coordonn\u00e9es de Werku sont les suivantes :<br>&#8211; T\u00e9l\u00e9phone : +34 981 610 639<br>&#8211; Courrier \u00e9lectronique : <b>info@oxino.com<\/b><\/p>\n<p><b>UTILISATEUR<\/b><\/p>\n<p><\/p>\n<p>Les conditions du pr\u00e9sent avis juridique sont destin\u00e9es \u00e0 r\u00e9glementer l&rsquo;utilisation du site Web<b> www.oxino.com<\/b>, que Werku met \u00e0 la disposition du public. L&rsquo;acc\u00e8s et\/ou l&rsquo;utilisation du site web <b>www.oxino.com <\/b>conf\u00e8re la condition d&rsquo;utilisateur (ci-apr\u00e8s, Utilisateur), qui accepte, \u00e0 partir de cet acc\u00e8s et\/ou de cette utilisation, les conditions du pr\u00e9sent avis juridique, qui seront applicables ind\u00e9pendamment des conditions contractuelles qui, le cas \u00e9ch\u00e9ant, sont obligatoires.<\/p>\n<p dir=\"ltr\" style=\"line-height: 1.38; margin-top: 12pt; margin-bottom: 12pt;\"><span style=\"font-size: 14.6667px; white-space-collapse: preserve;\"><b>UTILISATION<\/b><\/span><\/p>\n<p><\/p>\n<p>Le site <b>www.oxino.com <\/b>permet d&rsquo;acc\u00e9der \u00e0 une multitude d&rsquo;informations, de services, de programmes ou de donn\u00e9es sur Internet (ci-apr\u00e8s, le Contenu) appartenant \u00e0 Werku ou \u00e0 ses conc\u00e9dants.<\/p>\n<p>L&rsquo;utilisateur assume la responsabilit\u00e9 de l&rsquo;utilisation du site<b> www.oxino.com<\/b>. Cette responsabilit\u00e9 s&rsquo;\u00e9tend \u00e0 l&rsquo;enregistrement qui peut \u00eatre n\u00e9cessaire pour acc\u00e9der \u00e0 certains contenus. Lors de cet enregistrement, l&rsquo;utilisateur est tenu de fournir des informations r\u00e9elles et licites. En cons\u00e9quence de cet enregistrement, l&rsquo;utilisateur peut se voir attribuer un mot de passe dont il sera responsable, s&rsquo;engageant \u00e0 en faire un usage diligent et confidentiel.<\/p>\n<p>L&rsquo;Utilisateur s&rsquo;engage \u00e0 faire un usage appropri\u00e9 des Contenus (par exemple, chats, forums de discussion ou groupes de nouvelles) que Werku propose \u00e0 travers le site<b> www.oxino.com<\/b> et (notamment) \u00e0 ne pas les utiliser pour :<\/p>\n<p><\/p>\n<p>1) R\u00e9aliser des activit\u00e9s illicites, ill\u00e9gales ou contraires \u00e0 la bonne foi et \u00e0 l&rsquo;ordre public.<\/p>\n<p><span style=\"font-size: 14.6667px; white-space-collapse: preserve;\">2) Diffuser des informations \u00e0 caract\u00e8re raciste, x\u00e9nophobe, pornographique, ill\u00e9gal, faisant l&rsquo;apologie du terrorisme ou portant atteinte aux droits de l&rsquo;homme.<\/span><\/p>\n<p><span style=\"font-size: 14.6667px; white-space-collapse: preserve;\">3) causer des dommages aux syst\u00e8mes physiques et logiques de Werku, de ses fournisseurs ou de tiers, introduire ou diffuser des virus informatiques ou tout autre syst\u00e8me physique ou logique susceptible de causer les dommages susmentionn\u00e9s.<\/span><\/p>\n<p dir=\"ltr\" style=\"line-height: 1.38; margin-top: 12pt; margin-bottom: 12pt;\"><span style=\"font-size: 14.6667px; white-space-collapse: preserve;\">4) Tenter d&rsquo;acc\u00e9der et, le cas \u00e9ch\u00e9ant, d&rsquo;utiliser le compte de courrier \u00e9lectronique d&rsquo;un autre utilisateur et de modifier ou de manipuler ses messages. 5) Effectuer un usage commercial, politique, publicitaire ou tout autre usage commercial, notamment l&rsquo;envoi de courriers \u00e9lectroniques non sollicit\u00e9s. Werku a le droit de supprimer tous les commentaires et contributions qui violent le respect de la dignit\u00e9 de la personne, qui sont discriminatoires, x\u00e9nophobes, racistes, pornographiques, qui menacent la jeunesse ou l&rsquo;enfance, l&rsquo;ordre public ou la s\u00e9curit\u00e9 ou qui, \u00e0 son avis, ne sont pas appropri\u00e9s \u00e0 la publication. En tout \u00e9tat de cause, Werku n&rsquo;est pas responsable des opinions exprim\u00e9es par l&rsquo;Utilisateur \u00e0 travers les forums, chats ou autres outils de participation.<\/span><\/p>\n<p dir=\"ltr\" style=\"line-height: 1.38; margin-top: 12pt; margin-bottom: 12pt;\"><span style=\"font-size: 14.6667px; white-space-collapse: preserve;\"><b>PROTECTION DES DONN\u00c9ES<\/b><\/span><\/p>\n<p>Toutes les questions relatives \u00e0 la politique de protection des donn\u00e9es sont incluses dans la politique de confidentialit\u00e9 du site web<b> www.oxino.com<\/b>.<\/p>\n<p><b>PROPRI\u00c9T\u00c9 INTELLECTUELLE ET INDUSTRIELLE<\/b><\/p>\n<p>Werku ou ses conc\u00e9dants de licence sont titulaires de tous les droits de propri\u00e9t\u00e9 intellectuelle et industrielle du site <b>www.oxino.com<\/b>, ainsi que des \u00e9l\u00e9ments qu&rsquo;il contient (par exemple, images, photographies, sons, audios, vid\u00e9os, logiciels, textes, marques, logos, combinaisons de couleurs, structures, conceptions, s\u00e9lection des mat\u00e9riaux utilis\u00e9s, programmes informatiques n\u00e9cessaires \u00e0 son fonctionnement, \u00e0 son acc\u00e8s et \u00e0 son utilisation).<\/p>\n<p dir=\"ltr\" style=\"line-height: 1.38; margin-top: 12pt; margin-bottom: 12pt;\"><span style=\"font-size: 14.6667px; white-space-collapse: preserve;\"><b>TOUS DROITS R\u00c9SERV\u00c9S <\/b><\/span><\/p><p dir=\"ltr\" style=\"line-height: 1.38; margin-top: 12pt; margin-bottom: 12pt;\"><span style=\"font-size: 14.6667px; white-space-collapse: preserve;\">Conform\u00e9ment aux dispositions des articles 8 et 32.1, deuxi\u00e8me alin\u00e9a, de la Loi sur la propri\u00e9t\u00e9 intellectuelle, la reproduction, la distribution et la communication publique, y compris la mise \u00e0 disposition, de tout ou partie des Contenus, \u00e0 des fins commerciales, sur tout support et par tout moyen technique, sont express\u00e9ment interdites sans l&rsquo;autorisation de Werku. L&rsquo;utilisateur s&rsquo;engage \u00e0 respecter les droits de propri\u00e9t\u00e9 intellectuelle et industrielle d\u00e9tenus par Werku, et peut visualiser les \u00e9l\u00e9ments du site<b> www.oxino.com<\/b> et m\u00eame les imprimer, les copier et les stocker sur le disque dur de son ordinateur ou sur tout autre support physique, \u00e0 condition que ce soit uniquement et exclusivement pour son usage personnel et priv\u00e9. L&rsquo;utilisateur n&rsquo;a pas le droit de supprimer, d&rsquo;alt\u00e9rer, d&rsquo;\u00e9luder ou de manipuler tout dispositif de protection ou syst\u00e8me de s\u00e9curit\u00e9 install\u00e9 sur le site <b>www.oxino.com<\/b>.<\/span><\/p>\n<p dir=\"ltr\" style=\"line-height: 1.38; margin-top: 12pt; margin-bottom: 12pt;\"><span style=\"font-size: 14.6667px; white-space-collapse: preserve;\"><b>EXCLUSION DE GARANTIE ET DE RESPONSABILIT\u00c9<\/b><\/span><\/p>\n<p>L&rsquo;Utilisateur reconna\u00eet que l&rsquo;utilisation du site www.oxino.com et de ses Contenus s&rsquo;effectue sous sa seule responsabilit\u00e9. En particulier, \u00e0 titre d&rsquo;exemple, Werku n&rsquo;assume aucune responsabilit\u00e9 dans les domaines suivants :<\/p>\n<p>1) La disponibilit\u00e9 en fonctionnement, son Contenu et sa qualit\u00e9 ou interop\u00e9rabilit\u00e9.<br>2) La finalit\u00e9 au service des objectifs de l&rsquo;Utilisateur.<br>3) La violation de la l\u00e9gislation en vigueur par l&rsquo;Utilisateur ou des tiers et, en particulier, des droits de propri\u00e9t\u00e9 intellectuelle ou industrielle appartenant \u00e0 d&rsquo;autres personnes ou entit\u00e9s.<br>4) L&rsquo;existence de codes malveillants ou de tout autre \u00e9l\u00e9ment informatique nuisible pouvant causer des dommages au syst\u00e8me informatique de l&rsquo;utilisateur ou de tiers. Il incombe en tout \u00e9tat de cause \u00e0 l&rsquo;utilisateur de disposer d&rsquo;outils ad\u00e9quats pour la d\u00e9tection et la d\u00e9sinfection de ces \u00e9l\u00e9ments.<br>5) L&rsquo;acc\u00e8s frauduleux aux contenus par des tiers non autoris\u00e9s ou, le cas \u00e9ch\u00e9ant, la capture, l&rsquo;\u00e9limination, l&rsquo;alt\u00e9ration, la modification ou la manipulation de messages et de communications de toute nature que ces tiers pourraient effectuer.<br>6) L&rsquo;exactitude, la v\u00e9racit\u00e9, l&rsquo;actualit\u00e9 et l&rsquo;utilit\u00e9 des contenus et l&rsquo;utilisation ult\u00e9rieure qui en est faite par l&rsquo;utilisateur, bien que Werku s&rsquo;efforce et utilise tous les moyens raisonnables pour fournir des informations actualis\u00e9es et fiables.<\/p>\n<p dir=\"ltr\" style=\"line-height: 1.38; margin-top: 12pt; margin-bottom: 12pt;\"><span style=\"font-size: 14.6667px; white-space-collapse: preserve;\">7) Les dommages caus\u00e9s aux \u00e9quipements informatiques pendant l&rsquo;acc\u00e8s et les dommages caus\u00e9s \u00e0 l&rsquo;utilisateur en raison de d\u00e9fauts ou de d\u00e9connexions des r\u00e9seaux de t\u00e9l\u00e9communications qui interrompent le service.<\/span><\/p>\n<p dir=\"ltr\" style=\"line-height: 1.38; margin-top: 12pt; margin-bottom: 12pt;\"><span style=\"font-size: 14.6667px; white-space-collapse: preserve;\">8) Les dommages ou les pertes d\u00e9coulant de circonstances impr\u00e9vues ou de cas de force majeure.<\/span><\/p>\n<p dir=\"ltr\" style=\"line-height: 1.38; margin-top: 12pt; margin-bottom: 12pt;\"><span style=\"font-size: 14.6667px; white-space-collapse: preserve;\">Dans le cas o\u00f9 il existe des forums ou d&rsquo;autres espaces similaires, il faut tenir compte du fait que les messages ne refl\u00e8tent que l&rsquo;opinion de l&rsquo;Utilisateur qui les envoie, l&rsquo;Utilisateur \u00e9tant le seul responsable de ces messages. En tout \u00e9tat de cause, Werku n&rsquo;est pas responsable des messages envoy\u00e9s par l&rsquo;utilisateur.<\/span><\/p>\n<p dir=\"ltr\" style=\"line-height: 1.38; margin-top: 12pt; margin-bottom: 12pt;\"><span style=\"font-size: 14.6667px; white-space-collapse: preserve;\"><b>DUR\u00c9E ET MODIFICATION<\/b><\/span><\/p>\n<p><\/p>\n<p>Werku se r\u00e9serve le droit d&rsquo;apporter, sans pr\u00e9avis, les modifications qu&rsquo;elle juge opportunes au site web <b>www.oxino.com<\/b>, pouvant changer, supprimer ou ajouter aussi bien les contenus fournis \u00e0 travers celui-ci que la mani\u00e8re dont ils sont pr\u00e9sent\u00e9s ou localis\u00e9s.<\/p>\n<p>La validit\u00e9 des conditions du pr\u00e9sent avis juridique d\u00e9pendra de son exposition et sera en vigueur jusqu&rsquo;\u00e0 ce qu&rsquo;elles soient modifi\u00e9es par d&rsquo;autres d\u00fbment publi\u00e9es.<\/p>\n<p><b>LIENS<\/b><\/p>\n<p><\/p>\n<p>Dans l&rsquo;hypoth\u00e8se o\u00f9 le site<b> www.oxino.com<\/b> comporterait des liens ou des hyperliens vers d&rsquo;autres sites Internet, Werku n&rsquo;exerce aucun contr\u00f4le sur ces sites et leur contenu. Werku n&rsquo;est en aucun cas responsable du contenu d&rsquo;un lien appartenant \u00e0 un site Internet externe et ne garantit pas la disponibilit\u00e9 technique, la qualit\u00e9, la fiabilit\u00e9, l&rsquo;exactitude, l&rsquo;exhaustivit\u00e9, la v\u00e9racit\u00e9, la validit\u00e9 et la constitutionnalit\u00e9 de tout mat\u00e9riel ou information contenu dans l&rsquo;un de ces hyperliens ou dans d&rsquo;autres sites Internet. De m\u00eame, l&rsquo;inclusion de ces connexions externes n&rsquo;implique aucun type d&rsquo;association, de fusion ou de participation de Werku avec les entit\u00e9s connect\u00e9es.<\/p>\n<p dir=\"ltr\" style=\"line-height: 1.38; margin-top: 12pt; margin-bottom: 12pt;\"><span style=\"font-size: 14.6667px; white-space-collapse: preserve;\"><b>DROIT D&rsquo;EXCLUSION<\/b><\/span><\/p>\n<p><\/p>\n<p>Werku se r\u00e9serve le droit de refuser ou de retirer l&rsquo;acc\u00e8s au site <b>www.oxino.com <\/b>et\/ou aux services propos\u00e9s, sans avertissement pr\u00e9alable, \u00e0 sa propre demande ou \u00e0 la demande d&rsquo;un tiers, \u00e0 tout Utilisateur qui ne respecterait pas les conditions des pr\u00e9sentes Mentions l\u00e9gales.<\/p>\n<p><b>G\u00c9N\u00c9RALIT\u00c9S<\/b><\/p>\n<p>Werku poursuivra la violation des conditions du pr\u00e9sent avis juridique, ainsi que toute utilisation abusive du site web www.oxino.com, en exer\u00e7ant toutes les actions civiles et p\u00e9nales qui peuvent lui correspondre en vertu de la loi.<\/p>\n<p><\/p>\n<p><b>LANGUE<br><\/b><\/p>\n<p dir=\"ltr\" style=\"line-height: 1.38; margin-top: 12pt; margin-bottom: 12pt;\"><span style=\"font-size: 11pt; font-family: Arial, sans-serif; color: #000000; background-color: transparent; font-style: normal; font-variant: normal; text-decoration: none; vertical-align: baseline; white-space: pre-wrap;\">Este Aviso Legal ha sido publicado en varios idiomas. La versi\u00f3n en espa\u00f1ol es la original y prevalece sobre las traducciones.<\/span><\/p>\n<p dir=\"ltr\" style=\"line-height: 1.38; margin-top: 12pt; margin-bottom: 12pt;\"><span style=\"font-size: 14.6667px; white-space-collapse: preserve;\">Le pr\u00e9sent avis juridique a \u00e9t\u00e9 publi\u00e9 en plusieurs langues. La version anglaise est la version originale et pr\u00e9vaut sur les traductions.<\/span><\/p>\n<p><b>LOI APPLICABLE ET JURIDICTION<\/b><\/p>\n<p>Les relations entre Werku et l&rsquo;utilisateur sont r\u00e9gies par la l\u00e9gislation espagnole en vigueur. Tous les litiges et r\u00e9clamations d\u00e9coulant du pr\u00e9sent avis juridique seront r\u00e9solus par les cours et tribunaux comp\u00e9tents.<\/p>\t\t\t\t\t\t<\/div>\n\t\t\t\t<\/div>\n\t\t\t\t\t<\/div>\n\t\t<\/div>\n\t\t\t\t\t<\/div>\n\t\t<\/section>\n\t\t\t\t<section class=\"elementor-section elementor-top-section elementor-element elementor-element-26e4a8be elementor-section-full_width elementor-section-stretched elementor-section-height-default elementor-section-height-default qodef-elementor-content-no\" data-id=\"26e4a8be\" data-element_type=\"section\" data-settings=\"{&quot;stretch_section&quot;:&quot;section-stretched&quot;}\">\n\t\t\t\t\t\t<div class=\"elementor-container elementor-column-gap-default\">\n\t\t\t\t\t<div class=\"elementor-column elementor-col-100 elementor-top-column elementor-element elementor-element-400937b4\" data-id=\"400937b4\" data-element_type=\"column\">\n\t\t\t<div class=\"elementor-widget-wrap elementor-element-populated\">\n\t\t\t\t\t\t<div class=\"elementor-element elementor-element-45ae7f0 elementor-widget elementor-widget-text-editor\" data-id=\"45ae7f0\" data-element_type=\"widget\" data-widget_type=\"text-editor.default\">\n\t\t\t\t<div class=\"elementor-widget-container\">\n\t\t\t\t\t\t\t<p><span style=\"font-weight: 400;\"><a href=\"https:\/\/www.oxino.com\/fr\/avis-juridique\/\">Avis Juridique<\/a> \u00b7 <a href=\"https:\/\/www.oxino.com\/fr\/politique-en-matiere-de-cookies\/\">Politique en Mati\u00e8re de Cookies<\/a> \u00b7 <a href=\"https:\/\/www.oxino.com\/fr\/politique-de-confidentialite\/\">Politique de Confidentialit\u00e9<\/a> \u00b7 <a href=\"https:\/\/www.oxino.com\/fr\/traitement-des-donnees-a-caractere-personnel\/\">Traitment des Donn\u00e9es \u00e0 Caract\u00e8re Personnel<\/a> \u00b7 <a href=\"https:\/\/www.oxino.com\/fr\/conditions-de-vente\/\">Conditions de Vente<\/a><\/span><\/p><p><span style=\"font-weight: 400;\">Copyright 2021 \u00b7 Werku Tools SA \u00b7 Carretera N-VI km 586 \u00b7 15176 Oleiros \u00b7 La Coru\u00f1a \u00b7 Espa\u00f1a \u00b7 info@werku.com\u00a0<\/span><\/p>\t\t\t\t\t\t<\/div>\n\t\t\t\t<\/div>\n\t\t\t\t\t<\/div>\n\t\t<\/div>\n\t\t\t\t\t<\/div>\n\t\t<\/section>\n\t\t\t\t<\/div>\n\t\t","protected":false},"excerpt":{"rendered":"<p>AVIS JURIDIQUE DONN\u00c9ES D&rsquo;IDENTIFICATION DU PROPRI\u00c9TAIRE Le propri\u00e9taire du site web www.oxino.com est Werku Tools SA (ci-apr\u00e8s, Werku), domicili\u00e9e \u00e0 Carretera N-VI km 586, Oleiros, La Coru\u00f1a, Espagne, code fiscal europ\u00e9en ESA15098205, inscrite au registre du commerce de La Coru\u00f1a, Espagne, volume 477, livre 256 de la section 3 des soci\u00e9t\u00e9s, folio 60, page 2767 [&hellip;]<\/p>\n","protected":false},"author":1,"featured_media":0,"parent":0,"menu_order":0,"comment_status":"closed","ping_status":"closed","template":"","meta":{"footnotes":""},"class_list":["post-12247","page","type-page","status-publish","hentry"],"yoast_head":"<!-- This site is optimized with the Yoast SEO plugin v23.1 - https:\/\/yoast.com\/wordpress\/plugins\/seo\/ -->\n<title>AVIS JURIDIQUE - Oxi...no<\/title>\n<meta name=\"robots\" content=\"index, follow, max-snippet:-1, max-image-preview:large, max-video-preview:-1\" \/>\n<link rel=\"canonical\" href=\"https:\/\/www.oxino.com\/fr\/avis-juridique\/\" \/>\n<meta property=\"og:locale\" content=\"fr_FR\" \/>\n<meta property=\"og:type\" content=\"article\" \/>\n<meta property=\"og:title\" content=\"AVIS JURIDIQUE - Oxi...no\" \/>\n<meta property=\"og:description\" content=\"AVIS JURIDIQUE DONN\u00c9ES D&rsquo;IDENTIFICATION DU PROPRI\u00c9TAIRE Le propri\u00e9taire du site web www.oxino.com est Werku Tools SA (ci-apr\u00e8s, Werku), domicili\u00e9e \u00e0 Carretera N-VI km 586, Oleiros, La Coru\u00f1a, Espagne, code fiscal europ\u00e9en ESA15098205, inscrite au registre du commerce de La Coru\u00f1a, Espagne, volume 477, livre 256 de la section 3 des soci\u00e9t\u00e9s, folio 60, page 2767 [&hellip;]\" \/>\n<meta property=\"og:url\" content=\"https:\/\/www.oxino.com\/fr\/avis-juridique\/\" \/>\n<meta property=\"og:site_name\" content=\"Oxi...no\" \/>\n<meta property=\"article:modified_time\" content=\"2024-06-04T10:25:08+00:00\" \/>\n<meta name=\"twitter:card\" content=\"summary_large_image\" \/>\n<meta name=\"twitter:label1\" content=\"Dur\u00e9e de lecture estim\u00e9e\" \/>\n\t<meta name=\"twitter:data1\" content=\"7 minutes\" \/>\n<script type=\"application\/ld+json\" class=\"yoast-schema-graph\">{\"@context\":\"https:\/\/schema.org\",\"@graph\":[{\"@type\":\"WebPage\",\"@id\":\"https:\/\/www.oxino.com\/fr\/avis-juridique\/\",\"url\":\"https:\/\/www.oxino.com\/fr\/avis-juridique\/\",\"name\":\"AVIS JURIDIQUE - Oxi...no\",\"isPartOf\":{\"@id\":\"https:\/\/www.oxino.com\/#website\"},\"datePublished\":\"2023-09-06T13:54:21+00:00\",\"dateModified\":\"2024-06-04T10:25:08+00:00\",\"breadcrumb\":{\"@id\":\"https:\/\/www.oxino.com\/fr\/avis-juridique\/#breadcrumb\"},\"inLanguage\":\"fr-FR\",\"potentialAction\":[{\"@type\":\"ReadAction\",\"target\":[\"https:\/\/www.oxino.com\/fr\/avis-juridique\/\"]}]},{\"@type\":\"BreadcrumbList\",\"@id\":\"https:\/\/www.oxino.com\/fr\/avis-juridique\/#breadcrumb\",\"itemListElement\":[{\"@type\":\"ListItem\",\"position\":1,\"name\":\"Portada\",\"item\":\"https:\/\/www.oxino.com\/fr\/\"},{\"@type\":\"ListItem\",\"position\":2,\"name\":\"AVIS JURIDIQUE\"}]},{\"@type\":\"WebSite\",\"@id\":\"https:\/\/www.oxino.com\/#website\",\"url\":\"https:\/\/www.oxino.com\/\",\"name\":\"Oxi...no\",\"description\":\"\",\"publisher\":{\"@id\":\"https:\/\/www.oxino.com\/#organization\"},\"potentialAction\":[{\"@type\":\"SearchAction\",\"target\":{\"@type\":\"EntryPoint\",\"urlTemplate\":\"https:\/\/www.oxino.com\/?s={search_term_string}\"},\"query-input\":\"required name=search_term_string\"}],\"inLanguage\":\"fr-FR\"},{\"@type\":\"Organization\",\"@id\":\"https:\/\/www.oxino.com\/#organization\",\"name\":\"Oxi...no\",\"url\":\"https:\/\/www.oxino.com\/\",\"logo\":{\"@type\":\"ImageObject\",\"inLanguage\":\"fr-FR\",\"@id\":\"https:\/\/www.oxino.com\/#\/schema\/logo\/image\/\",\"url\":\"https:\/\/www.oxino.com\/wp-content\/uploads\/2024\/01\/cropped-Logo_OXINO_Fondo_Blanco.webp\",\"contentUrl\":\"https:\/\/www.oxino.com\/wp-content\/uploads\/2024\/01\/cropped-Logo_OXINO_Fondo_Blanco.webp\",\"width\":512,\"height\":512,\"caption\":\"Oxi...no\"},\"image\":{\"@id\":\"https:\/\/www.oxino.com\/#\/schema\/logo\/image\/\"},\"sameAs\":[\"https:\/\/www.linkedin.com\/company\/oxi-no\/\"]}]}<\/script>\n<!-- \/ Yoast SEO plugin. -->","yoast_head_json":{"title":"AVIS JURIDIQUE - Oxi...no","robots":{"index":"index","follow":"follow","max-snippet":"max-snippet:-1","max-image-preview":"max-image-preview:large","max-video-preview":"max-video-preview:-1"},"canonical":"https:\/\/www.oxino.com\/fr\/avis-juridique\/","og_locale":"fr_FR","og_type":"article","og_title":"AVIS JURIDIQUE - Oxi...no","og_description":"AVIS JURIDIQUE DONN\u00c9ES D&rsquo;IDENTIFICATION DU PROPRI\u00c9TAIRE Le propri\u00e9taire du site web www.oxino.com est Werku Tools SA (ci-apr\u00e8s, Werku), domicili\u00e9e \u00e0 Carretera N-VI km 586, Oleiros, La Coru\u00f1a, Espagne, code fiscal europ\u00e9en ESA15098205, inscrite au registre du commerce de La Coru\u00f1a, Espagne, volume 477, livre 256 de la section 3 des soci\u00e9t\u00e9s, folio 60, page 2767 [&hellip;]","og_url":"https:\/\/www.oxino.com\/fr\/avis-juridique\/","og_site_name":"Oxi...no","article_modified_time":"2024-06-04T10:25:08+00:00","twitter_card":"summary_large_image","twitter_misc":{"Dur\u00e9e de lecture estim\u00e9e":"7 minutes"},"schema":{"@context":"https:\/\/schema.org","@graph":[{"@type":"WebPage","@id":"https:\/\/www.oxino.com\/fr\/avis-juridique\/","url":"https:\/\/www.oxino.com\/fr\/avis-juridique\/","name":"AVIS JURIDIQUE - Oxi...no","isPartOf":{"@id":"https:\/\/www.oxino.com\/#website"},"datePublished":"2023-09-06T13:54:21+00:00","dateModified":"2024-06-04T10:25:08+00:00","breadcrumb":{"@id":"https:\/\/www.oxino.com\/fr\/avis-juridique\/#breadcrumb"},"inLanguage":"fr-FR","potentialAction":[{"@type":"ReadAction","target":["https:\/\/www.oxino.com\/fr\/avis-juridique\/"]}]},{"@type":"BreadcrumbList","@id":"https:\/\/www.oxino.com\/fr\/avis-juridique\/#breadcrumb","itemListElement":[{"@type":"ListItem","position":1,"name":"Portada","item":"https:\/\/www.oxino.com\/fr\/"},{"@type":"ListItem","position":2,"name":"AVIS JURIDIQUE"}]},{"@type":"WebSite","@id":"https:\/\/www.oxino.com\/#website","url":"https:\/\/www.oxino.com\/","name":"Oxi...no","description":"","publisher":{"@id":"https:\/\/www.oxino.com\/#organization"},"potentialAction":[{"@type":"SearchAction","target":{"@type":"EntryPoint","urlTemplate":"https:\/\/www.oxino.com\/?s={search_term_string}"},"query-input":"required name=search_term_string"}],"inLanguage":"fr-FR"},{"@type":"Organization","@id":"https:\/\/www.oxino.com\/#organization","name":"Oxi...no","url":"https:\/\/www.oxino.com\/","logo":{"@type":"ImageObject","inLanguage":"fr-FR","@id":"https:\/\/www.oxino.com\/#\/schema\/logo\/image\/","url":"https:\/\/www.oxino.com\/wp-content\/uploads\/2024\/01\/cropped-Logo_OXINO_Fondo_Blanco.webp","contentUrl":"https:\/\/www.oxino.com\/wp-content\/uploads\/2024\/01\/cropped-Logo_OXINO_Fondo_Blanco.webp","width":512,"height":512,"caption":"Oxi...no"},"image":{"@id":"https:\/\/www.oxino.com\/#\/schema\/logo\/image\/"},"sameAs":["https:\/\/www.linkedin.com\/company\/oxi-no\/"]}]}},"_links":{"self":[{"href":"https:\/\/www.oxino.com\/fr\/wp-json\/wp\/v2\/pages\/12247","targetHints":{"allow":["GET"]}}],"collection":[{"href":"https:\/\/www.oxino.com\/fr\/wp-json\/wp\/v2\/pages"}],"about":[{"href":"https:\/\/www.oxino.com\/fr\/wp-json\/wp\/v2\/types\/page"}],"author":[{"embeddable":true,"href":"https:\/\/www.oxino.com\/fr\/wp-json\/wp\/v2\/users\/1"}],"replies":[{"embeddable":true,"href":"https:\/\/www.oxino.com\/fr\/wp-json\/wp\/v2\/comments?post=12247"}],"version-history":[{"count":10,"href":"https:\/\/www.oxino.com\/fr\/wp-json\/wp\/v2\/pages\/12247\/revisions"}],"predecessor-version":[{"id":12304,"href":"https:\/\/www.oxino.com\/fr\/wp-json\/wp\/v2\/pages\/12247\/revisions\/12304"}],"wp:attachment":[{"href":"https:\/\/www.oxino.com\/fr\/wp-json\/wp\/v2\/media?parent=12247"}],"curies":[{"name":"wp","href":"https:\/\/api.w.org\/{rel}","templated":true}]}}