{"id":12099,"date":"2023-09-06T11:42:11","date_gmt":"2023-09-06T09:42:11","guid":{"rendered":"https:\/\/www.oxino.com\/politica-de-cookies\/"},"modified":"2024-06-04T12:25:38","modified_gmt":"2024-06-04T10:25:38","slug":"politique-en-matiere-de-cookies","status":"publish","type":"page","link":"https:\/\/www.oxino.com\/fr\/politique-en-matiere-de-cookies\/","title":{"rendered":"POLITIQUE EN MATI\u00c8RE DE COOKIES"},"content":{"rendered":"\t\t<div data-elementor-type=\"wp-page\" data-elementor-id=\"12099\" class=\"elementor elementor-12099 elementor-8569\">\n\t\t\t\t\t\t<section class=\"elementor-section elementor-top-section elementor-element elementor-element-8aa1641 elementor-section-boxed elementor-section-height-default elementor-section-height-default qodef-elementor-content-no\" data-id=\"8aa1641\" data-element_type=\"section\">\n\t\t\t\t\t\t<div class=\"elementor-container elementor-column-gap-default\">\n\t\t\t\t\t<div class=\"elementor-column elementor-col-100 elementor-top-column elementor-element elementor-element-504bd34\" data-id=\"504bd34\" data-element_type=\"column\">\n\t\t\t<div class=\"elementor-widget-wrap elementor-element-populated\">\n\t\t\t\t\t\t<div class=\"elementor-element elementor-element-696519a elementor-widget elementor-widget-heading\" data-id=\"696519a\" data-element_type=\"widget\" data-widget_type=\"heading.default\">\n\t\t\t\t<div class=\"elementor-widget-container\">\n\t\t\t<style>\/*! elementor - v3.21.0 - 22-05-2024 *\/\n.elementor-heading-title{padding:0;margin:0;line-height:1}.elementor-widget-heading .elementor-heading-title[class*=elementor-size-]>a{color:inherit;font-size:inherit;line-height:inherit}.elementor-widget-heading .elementor-heading-title.elementor-size-small{font-size:15px}.elementor-widget-heading .elementor-heading-title.elementor-size-medium{font-size:19px}.elementor-widget-heading .elementor-heading-title.elementor-size-large{font-size:29px}.elementor-widget-heading .elementor-heading-title.elementor-size-xl{font-size:39px}.elementor-widget-heading .elementor-heading-title.elementor-size-xxl{font-size:59px}<\/style><h2 class=\"elementor-heading-title elementor-size-default\">POLITIQUE EN MATI\u00c8RE DE COOKIES<\/h2>\t\t<\/div>\n\t\t\t\t<\/div>\n\t\t\t\t<div class=\"elementor-element elementor-element-05f639b elementor-widget__width-initial elementor-widget elementor-widget-text-editor\" data-id=\"05f639b\" data-element_type=\"widget\" data-widget_type=\"text-editor.default\">\n\t\t\t\t<div class=\"elementor-widget-container\">\n\t\t\t<style>\/*! elementor - v3.21.0 - 22-05-2024 *\/\n.elementor-widget-text-editor.elementor-drop-cap-view-stacked .elementor-drop-cap{background-color:#69727d;color:#fff}.elementor-widget-text-editor.elementor-drop-cap-view-framed .elementor-drop-cap{color:#69727d;border:3px solid;background-color:transparent}.elementor-widget-text-editor:not(.elementor-drop-cap-view-default) .elementor-drop-cap{margin-top:8px}.elementor-widget-text-editor:not(.elementor-drop-cap-view-default) .elementor-drop-cap-letter{width:1em;height:1em}.elementor-widget-text-editor .elementor-drop-cap{float:left;text-align:center;line-height:1;font-size:50px}.elementor-widget-text-editor .elementor-drop-cap-letter{display:inline-block}<\/style>\t\t\t\t<p dir=\"ltr\" style=\"line-height: 1.38; margin-top: 12pt; margin-bottom: 12pt;\"><span style=\"color: #000000; font-family: Arial, sans-serif;\"><span style=\"font-size: 14.6667px; white-space-collapse: preserve;\"><b>DONN\u00c9ES D&rsquo;IDENTIFICATION DU PROPRI\u00c9TAIRE<\/b><\/span><\/span><\/p>\n<p><\/p>\n<p>Le site web <b>www.oxino.com<\/b>, qui utilise des cookies, est la propri\u00e9t\u00e9 de Werku Tools SA (ci-apr\u00e8s, Werku), domicili\u00e9e \u00e0 Carretera N-VI km 586, Oleiros, La Coru\u00f1a, Espagne, code fiscal europ\u00e9en ESA15098205, inscrite au registre du commerce de La Coru\u00f1a, Espagne, volume 477, livre 256 de la section 3 des soci\u00e9t\u00e9s au folio 60, page 2767 et inscription 1. Adresse de courrier \u00e9lectronique <b>info@oxino.com.<\/b><\/p>\n<p><b>UTILISATEUR<\/b><\/p>\n<p><\/p>\n<p><span style=\"color: #000000; font-family: Arial, sans-serif;\">L&rsquo;acc\u00e8s et\/ou l&rsquo;utilisation du site web<b> www.oxino.com<\/b> attribue la condition d&rsquo;utilisateur (ci-apr\u00e8s, Utilisateur).<\/span><\/p>\n<p dir=\"ltr\" style=\"line-height: 1.38; margin-top: 12pt; margin-bottom: 12pt;\"><span style=\"color: #000000; font-family: Arial, sans-serif;\"><span style=\"font-size: 14.6667px; white-space-collapse: preserve;\"><b>UTILISATION DES COOKIES<\/b><\/span><\/span><\/p>\n<p>Les cookies sont des fichiers qui sont t\u00e9l\u00e9charg\u00e9s sur l&rsquo;ordinateur de l&rsquo;utilisateur lorsqu&rsquo;il acc\u00e8de au site Web <b>www.oxino.com<\/b>. Les cookies permettent \u00e0 Werku, entre autres, de stocker et de r\u00e9cup\u00e9rer des informations sur les habitudes de navigation de l&rsquo;utilisateur ou de son ordinateur. En outre, les cookies am\u00e9liorent le processus de navigation de l&rsquo;Utilisateur, car ils permettent au site<b> www.oxino.com<\/b> de proposer des informations susceptibles d&rsquo;int\u00e9resser l&rsquo;Utilisateur, en fonction de l&rsquo;utilisation qu&rsquo;il fait du site www.oxino.com.<\/p>\n<p><span style=\"color: #000000; font-family: Arial, sans-serif;\">Si vous ne souhaitez pas recevoir de cookies, vous pouvez configurer votre navigateur Internet de mani\u00e8re \u00e0 ce qu&rsquo;il efface les cookies du disque dur de votre ordinateur, qu&rsquo;il les bloque ou qu&rsquo;il vous avertisse s&rsquo;ils sont install\u00e9s. Pour continuer sans modifier les param\u00e8tres des cookies, l&rsquo;Utilisateur doit simplement continuer \u00e0 naviguer sur le site <b>www.oxino.com<\/b>.<\/span><\/p>\n<p dir=\"ltr\" style=\"line-height: 1.38; margin-top: 12pt; margin-bottom: 12pt;\"><span style=\"color: #000000; font-family: Arial, sans-serif;\"><span style=\"font-size: 14.6667px; white-space-collapse: preserve;\"><b>CONSENTEMENT <\/b><\/span><\/span><\/p>\n<p dir=\"ltr\" style=\"line-height: 1.38; margin-top: 12pt; margin-bottom: 12pt;\"><span style=\"color: #000000; font-family: Arial, sans-serif;\"><span style=\"font-size: 14.6667px; white-space-collapse: preserve;\">Les cookies du site <b>www.oxino.com<\/b> ne stockent pas de donn\u00e9es personnelles ni d&rsquo;informations permettant d&rsquo;identifier l&rsquo;utilisateur, sauf si ce dernier souhaite s&rsquo;enregistrer volontairement pour utiliser les services que le site<b> www.oxino.com<\/b> met \u00e0 sa disposition ou pour recevoir des informations sur les promotions et les contenus qui l&rsquo;int\u00e9ressent. <\/span><\/span><\/p>\n<p dir=\"ltr\" style=\"line-height: 1.38; margin-top: 12pt; margin-bottom: 12pt;\"><span style=\"color: #000000; font-family: Arial, sans-serif;\"><span style=\"font-size: 14.6667px; white-space-collapse: preserve;\">Lors de la premi\u00e8re navigation sur le site<b> www.oxino.com<\/b>, une banni\u00e8re expliquant l&rsquo;utilisation des cookies appara\u00eetra. En continuant \u00e0 naviguer, l&rsquo;utilisateur consent \u00e0 l&rsquo;utilisation des cookies susmentionn\u00e9s et aux conditions contenues dans la pr\u00e9sente politique de cookies. Ce consentement est valable pour une p\u00e9riode de 13 mois. En cas de d\u00e9saccord, l&rsquo;Utilisateur doit envoyer une r\u00e9clamation par courrier \u00e9lectronique \u00e0 <b>info@oxino.com.<\/b><\/span><\/span><\/p>\n<p dir=\"ltr\" style=\"line-height: 1.38; margin-top: 12pt; margin-bottom: 12pt;\"><span style=\"color: #000000; font-family: Arial, sans-serif;\"><span style=\"font-size: 14.6667px; white-space-collapse: preserve;\"><b>TYPES ET OBJECTIFS DES COOKIES<\/b><\/span><\/span><\/p>\n<p><\/p>\n<p><\/p>\n<p><\/p>\n<p><span style=\"color: #000000; font-family: Arial, sans-serif;\"><b>&nbsp;<\/b><\/span>Les cookies, en fonction de leur permanence, peuvent \u00eatre class\u00e9s en deux types :<\/p>\n<p>1) Les cookies de session : ils expirent lorsque l&rsquo;utilisateur ferme le navigateur.<br>2) Les cookies persistants : Ils expirent lorsque l&rsquo;objectif pour lequel ils sont utilis\u00e9s est atteint (par exemple, pour que l&rsquo;utilisateur reste identifi\u00e9 sur le site web <b>www.oxino.com<\/b> et ses services ou lorsqu&rsquo;ils sont supprim\u00e9s manuellement).<\/p>\n<p>Les cookies, en fonction de leur finalit\u00e9, peuvent \u00eatre class\u00e9s en six types :<\/p>\n<p><\/p>\n<p><\/p>\n<p><\/p>\n<p><\/p>\n<p><span style=\"color: #000000; font-family: Arial, sans-serif;\">1) Cookies de performance (techniques et de personnalisation) : ils m\u00e9morisent les pr\u00e9f\u00e9rences des outils pr\u00e9sents dans les services, de sorte que l&rsquo;utilisateur n&rsquo;ait pas \u00e0 reconfigurer le service \u00e0 chaque fois qu&rsquo;il visite le site www.oxino.com. \u00c0 titre d&rsquo;exemple, il s&rsquo;agit des param\u00e8tres de volume des lecteurs de son et des vitesses de transmission vid\u00e9o compatibles avec le navigateur.<br>2) Cookies de g\u00e9olocalisation : Ils permettent de savoir dans quel pays se trouve l&rsquo;utilisateur lorsqu&rsquo;il demande un service. Ces cookies sont anonymes et ne sont utilis\u00e9s que pour aider \u00e0 cibler le contenu en fonction de la localisation de l&rsquo;utilisateur.<br>3) Cookies d&rsquo;enregistrement (techniques et de personnalisation) : ils identifient l&rsquo;utilisateur une fois qu&rsquo;il s&rsquo;est enregistr\u00e9 ou qu&rsquo;il s&rsquo;est ensuite connect\u00e9, avec les objectifs possibles suivants:<\/span><\/p>\n<p dir=\"ltr\" style=\"line-height: 1.38; margin-top: 12pt; margin-bottom: 12pt;\"><span style=\"font-size: 11pt; font-family: Arial, sans-serif; color: #000000; background-color: transparent; font-style: normal; font-variant: normal; text-decoration: none; vertical-align: baseline; white-space: pre-wrap;\">&#8211; <\/span><span style=\"color: #000000; font-family: Arial, sans-serif;\"><span style=\"font-size: 14.6667px; white-space-collapse: preserve;\"> Maintenir l&rsquo;identification de l&rsquo;utilisateur afin que, s&rsquo;il ferme un service, il continue d&rsquo;\u00eatre identifi\u00e9 lorsqu&rsquo;il rouvre le navigateur ou l&rsquo;ordinateur et \u00e0 un autre moment, facilitant ainsi la navigation sans avoir \u00e0 s&rsquo;identifier \u00e0 nouveau. Cette fonctionnalit\u00e9 peut \u00eatre supprim\u00e9e si l&rsquo;utilisateur clique sur la fonction \u00ab fermer la session \u00bb, de sorte que ces cookies sont supprim\u00e9s et que la prochaine fois que l&rsquo;utilisateur acc\u00e8de au service, il devra se connecter pour \u00eatre identifi\u00e9.<br>&#8211; V\u00e9rifier si l&rsquo;utilisateur est autoris\u00e9 \u00e0 acc\u00e9der \u00e0 certains services (par exemple, pour participer \u00e0 un concours).<br>4) Cookies analytiques : Chaque visite de l&rsquo;Utilisateur \u00e0 un service ou \u00e0 une information sur le site<b> www.oxino.com<\/b>, ou \u00e0 un outil d&rsquo;un fournisseur externe (Google Analytics, Comscore et similaires qui pourront \u00eatre ajout\u00e9s \u00e0 cette liste dans le cas o\u00f9 ils varieraient par rapport aux actuels) g\u00e9n\u00e8re un cookie analytique sur l&rsquo;ordinateur de l&rsquo;Utilisateur. Ce cookie, qui n&rsquo;est g\u00e9n\u00e9r\u00e9 que pendant la visite, sera utilis\u00e9 lors des prochaines visites sur les services du site www.oxino.com pour identifier de mani\u00e8re anonyme le visiteur, avec les objectifs suivants :<br>&#8211; Permettre l&rsquo;identification anonyme de l&rsquo;Utilisateur \u00e0 travers les cookies (identifie les navigateurs et les dispositifs, pas les personnes) et donc le comptage approximatif du nombre de visiteurs et leur \u00e9volution dans le temps.<br>&#8211; Identifier de mani\u00e8re anonyme les contenus les plus visit\u00e9s et donc les plus attractifs pour l&rsquo;utilisateur.<br>&#8211; Savoir si l&rsquo;utilisateur est un nouveau visiteur ou un visiteur r\u00e9gulier. \u00c0 moins que l&rsquo;utilisateur ne d\u00e9cide de s&rsquo;inscrire \u00e0 un service ou \u00e0 un contenu sur le site web www.oxino.com, les cookies ne seront jamais associ\u00e9s \u00e0 des donn\u00e9es personnelles susceptibles d&rsquo;identifier l&rsquo;utilisateur. Ces cookies ne seront utilis\u00e9s qu&rsquo;\u00e0 des fins statistiques permettant d&rsquo;optimiser l&rsquo;exp\u00e9rience de l&rsquo;utilisateur.<br>5) Cookies publicitaires propres : ils sont utilis\u00e9s pour g\u00e9rer le propri\u00e9taire si l&rsquo;utilisateur a visit\u00e9 la publicit\u00e9. Ils permettent \u00e9galement de g\u00e9rer les espaces publicitaires, en stockant des donn\u00e9es sur le comportement de navigation de l&rsquo;utilisateur, afin de lui proposer des publicit\u00e9s.<br>6) Cookies publicitaires de tiers : En plus de la publicit\u00e9 g\u00e9r\u00e9e par Werku dans ses contenus ou services, Werku peut offrir \u00e0 ses annonceurs la possibilit\u00e9 de diffuser des publicit\u00e9s par l&rsquo;interm\u00e9diaire de tiers. De cette mani\u00e8re, ces tiers peuvent stocker les cookies envoy\u00e9s depuis les contenus du site www.oxino.com, provenant des navigateurs de l&rsquo;Utilisateur, ainsi qu&rsquo;acc\u00e9der aux donn\u00e9es qui y sont stock\u00e9es. Les tiers qui g\u00e9n\u00e8rent ces cookies ont leur propre politique de confidentialit\u00e9.<\/span><\/span><\/p>\n<p dir=\"ltr\" style=\"line-height: 1.38; margin-top: 12pt; margin-bottom: 12pt;\"><span style=\"color: #000000; font-family: Arial, sans-serif;\"><span style=\"font-size: 14.6667px; white-space-collapse: preserve;\"><b>BLOQUER OU SUPPRIMER LES COOKIES INSTALL\u00c9S<\/b><\/span><\/span><\/p>\n<p><\/p>\n<p>L&rsquo;utilisateur peut autoriser, bloquer ou supprimer les cookies install\u00e9s sur son \u00e9quipement en configurant les options de son navigateur. L&rsquo;utilisateur peut trouver des informations sur la mani\u00e8re de proc\u00e9der, en fonction des navigateurs les plus courants, en consultant les liens suivants :<\/p>\n<p>Explorer : <b>https:\/\/support.microsoft.com\/es-es\/kb\/278835<\/b><br>Chrome : <b>http:\/\/support.google.com\/chrome\/bin\/answer.py?h1=es&amp;answer=95647<\/b><br>Firefox :<b> https:\/\/support.mozilla.org\/es\/kb\/Borrar%20cookies<\/b><br>Safari : <b>http:\/\/support.apple.com\/kb\/ph5042<\/b><\/p>\n<p>La d\u00e9sactivation des cookies peut emp\u00eacher ou g\u00eaner la navigation ou la prestation des services offerts sur le site www.oxino.com.<\/p>\n<p><b>MODIFICATIONS<\/b><\/p>\n<p>Werku peut modifier la Politique de Cookies du site <b>www.oxino.com<\/b> en fonction des exigences l\u00e9gales ou afin d&rsquo;adapter ladite Politique de Cookies aux instructions \u00e9mises par l&rsquo;Agence Espagnole de Protection des Donn\u00e9es.<\/p>\n<p><\/p>\n<p><\/p>\n<p><span style=\"color: #000000; font-family: Arial, sans-serif;\">C&rsquo;est pourquoi il est conseill\u00e9 \u00e0 l&rsquo;utilisateur de consulter r\u00e9guli\u00e8rement la pr\u00e9sente politique en mati\u00e8re de cookies. Toutefois, en cas de modifications significatives de cette Politique de Cookies, Werku communiquera ces modifications \u00e0 l&rsquo;Utilisateur sur le site<b> www.oxino.com<\/b> ou par courrier \u00e9lectronique \u00e0 l&rsquo;Utilisateur enregistr\u00e9.<br><\/span><\/p>\n<p dir=\"ltr\" style=\"line-height: 1.38; margin-top: 12pt; margin-bottom: 12pt;\"><span style=\"color: #000000; font-family: Arial, sans-serif;\"><span style=\"font-size: 14.6667px; white-space-collapse: preserve;\"><b>LANGUE<\/b><\/span><\/span><\/p>\n<p><\/p>\n<p>La pr\u00e9sente politique en mati\u00e8re de cookies a \u00e9t\u00e9 publi\u00e9e en plusieurs langues. La version anglaise est la version originale et pr\u00e9vaut sur les traductions.<\/p>\n<p><b>L\u00c9GISLATION APPLICABLE ET JURIDICTION<\/b><\/p>\n<p>Les relations entre Werku et l&rsquo;utilisateur sont r\u00e9gies par la l\u00e9gislation espagnole en vigueur. Tous les litiges et r\u00e9clamations d\u00e9coulant de la pr\u00e9sente politique en mati\u00e8re de cookies seront r\u00e9solus par les cours et tribunaux comp\u00e9tents.<\/p>\n<p><\/p>\n<p><span style=\"color: #000000; font-family: Arial, sans-serif;\">La pr\u00e9sente Politique relative aux cookies a \u00e9t\u00e9 mise \u00e0 jour le 17 mars 2021 afin de s&rsquo;adapter au R\u00e8glement (UE) 2016\/679 du Parlement europ\u00e9en et du Conseil du 27 avril 2016 relatif \u00e0 la protection des personnes physiques \u00e0 l&rsquo;\u00e9gard du traitement des donn\u00e9es \u00e0 caract\u00e8re personnel et \u00e0 la libre circulation de ces donn\u00e9es (GDPR).<\/span><\/p>\t\t\t\t\t\t<\/div>\n\t\t\t\t<\/div>\n\t\t\t\t\t<\/div>\n\t\t<\/div>\n\t\t\t\t\t<\/div>\n\t\t<\/section>\n\t\t\t\t<section class=\"elementor-section elementor-top-section elementor-element elementor-element-7f61a335 elementor-section-full_width elementor-section-stretched elementor-section-height-default elementor-section-height-default qodef-elementor-content-no\" data-id=\"7f61a335\" data-element_type=\"section\" data-settings=\"{&quot;stretch_section&quot;:&quot;section-stretched&quot;}\">\n\t\t\t\t\t\t<div class=\"elementor-container elementor-column-gap-default\">\n\t\t\t\t\t<div class=\"elementor-column elementor-col-100 elementor-top-column elementor-element elementor-element-15ddcd17\" data-id=\"15ddcd17\" data-element_type=\"column\">\n\t\t\t<div class=\"elementor-widget-wrap elementor-element-populated\">\n\t\t\t\t\t\t<div class=\"elementor-element elementor-element-2b13b64 elementor-widget elementor-widget-text-editor\" data-id=\"2b13b64\" data-element_type=\"widget\" data-widget_type=\"text-editor.default\">\n\t\t\t\t<div class=\"elementor-widget-container\">\n\t\t\t\t\t\t\t<p><span style=\"font-weight: 400;\"><a href=\"https:\/\/www.oxino.com\/fr\/avis-juridique\/\">Avis Juridique<\/a> \u00b7 <a href=\"https:\/\/www.oxino.com\/fr\/politique-en-matiere-de-cookies\/\">Politique en Mati\u00e8re de Cookies<\/a> \u00b7 <a href=\"https:\/\/www.oxino.com\/fr\/politique-de-confidentialite\/\">Politique de Confidentialit\u00e9<\/a> \u00b7 <a href=\"https:\/\/www.oxino.com\/fr\/traitement-des-donnees-a-caractere-personnel\/\">Traitment des Donn\u00e9es \u00e0 Caract\u00e8re Personnel<\/a> \u00b7 <a href=\"https:\/\/www.oxino.com\/fr\/conditions-de-vente\/\">Conditions de Vente<\/a><\/span><\/p><p><span style=\"font-weight: 400;\">Copyright 2021 \u00b7 Werku Tools SA \u00b7 Carretera N-VI km 586 \u00b7 15176 Oleiros \u00b7 La Coru\u00f1a \u00b7 Espa\u00f1a \u00b7 info@werku.com\u00a0<\/span><\/p>\t\t\t\t\t\t<\/div>\n\t\t\t\t<\/div>\n\t\t\t\t\t<\/div>\n\t\t<\/div>\n\t\t\t\t\t<\/div>\n\t\t<\/section>\n\t\t\t\t<\/div>\n\t\t","protected":false},"excerpt":{"rendered":"<p>POLITIQUE EN MATI\u00c8RE DE COOKIES DONN\u00c9ES D&rsquo;IDENTIFICATION DU PROPRI\u00c9TAIRE Le site web www.oxino.com, qui utilise des cookies, est la propri\u00e9t\u00e9 de Werku Tools SA (ci-apr\u00e8s, Werku), domicili\u00e9e \u00e0 Carretera N-VI km 586, Oleiros, La Coru\u00f1a, Espagne, code fiscal europ\u00e9en ESA15098205, inscrite au registre du commerce de La Coru\u00f1a, Espagne, volume 477, livre 256 de la [&hellip;]<\/p>\n","protected":false},"author":1,"featured_media":0,"parent":0,"menu_order":0,"comment_status":"closed","ping_status":"closed","template":"","meta":{"footnotes":""},"class_list":["post-12099","page","type-page","status-publish","hentry"],"yoast_head":"<!-- This site is optimized with the Yoast SEO plugin v23.1 - https:\/\/yoast.com\/wordpress\/plugins\/seo\/ -->\n<title>POLITIQUE EN MATI\u00c8RE DE COOKIES - Oxi...no<\/title>\n<meta name=\"robots\" content=\"index, follow, max-snippet:-1, max-image-preview:large, max-video-preview:-1\" \/>\n<link rel=\"canonical\" href=\"https:\/\/www.oxino.com\/politica-de-cookies\/\" \/>\n<meta property=\"og:locale\" content=\"fr_FR\" \/>\n<meta property=\"og:type\" content=\"article\" \/>\n<meta property=\"og:title\" content=\"POLITIQUE EN MATI\u00c8RE DE COOKIES - Oxi...no\" \/>\n<meta property=\"og:description\" content=\"POLITIQUE EN MATI\u00c8RE DE COOKIES DONN\u00c9ES D&rsquo;IDENTIFICATION DU PROPRI\u00c9TAIRE Le site web www.oxino.com, qui utilise des cookies, est la propri\u00e9t\u00e9 de Werku Tools SA (ci-apr\u00e8s, Werku), domicili\u00e9e \u00e0 Carretera N-VI km 586, Oleiros, La Coru\u00f1a, Espagne, code fiscal europ\u00e9en ESA15098205, inscrite au registre du commerce de La Coru\u00f1a, Espagne, volume 477, livre 256 de la [&hellip;]\" \/>\n<meta property=\"og:url\" content=\"https:\/\/www.oxino.com\/politica-de-cookies\/\" \/>\n<meta property=\"og:site_name\" content=\"Oxi...no\" \/>\n<meta property=\"article:modified_time\" content=\"2024-06-04T10:25:38+00:00\" \/>\n<meta name=\"twitter:card\" content=\"summary_large_image\" \/>\n<meta name=\"twitter:label1\" content=\"Dur\u00e9e de lecture estim\u00e9e\" \/>\n\t<meta name=\"twitter:data1\" content=\"7 minutes\" \/>\n<script type=\"application\/ld+json\" class=\"yoast-schema-graph\">{\"@context\":\"https:\/\/schema.org\",\"@graph\":[{\"@type\":\"WebPage\",\"@id\":\"https:\/\/www.oxino.com\/politica-de-cookies\/\",\"url\":\"https:\/\/www.oxino.com\/politica-de-cookies\/\",\"name\":\"POLITIQUE EN MATI\u00c8RE DE COOKIES - Oxi...no\",\"isPartOf\":{\"@id\":\"https:\/\/www.oxino.com\/#website\"},\"datePublished\":\"2023-09-06T09:42:11+00:00\",\"dateModified\":\"2024-06-04T10:25:38+00:00\",\"breadcrumb\":{\"@id\":\"https:\/\/www.oxino.com\/politica-de-cookies\/#breadcrumb\"},\"inLanguage\":\"fr-FR\",\"potentialAction\":[{\"@type\":\"ReadAction\",\"target\":[\"https:\/\/www.oxino.com\/politica-de-cookies\/\"]}]},{\"@type\":\"BreadcrumbList\",\"@id\":\"https:\/\/www.oxino.com\/politica-de-cookies\/#breadcrumb\",\"itemListElement\":[{\"@type\":\"ListItem\",\"position\":1,\"name\":\"Portada\",\"item\":\"https:\/\/www.oxino.com\/fr\/\"},{\"@type\":\"ListItem\",\"position\":2,\"name\":\"POLITIQUE EN MATI\u00c8RE DE COOKIES\"}]},{\"@type\":\"WebSite\",\"@id\":\"https:\/\/www.oxino.com\/#website\",\"url\":\"https:\/\/www.oxino.com\/\",\"name\":\"Oxi...no\",\"description\":\"\",\"publisher\":{\"@id\":\"https:\/\/www.oxino.com\/#organization\"},\"potentialAction\":[{\"@type\":\"SearchAction\",\"target\":{\"@type\":\"EntryPoint\",\"urlTemplate\":\"https:\/\/www.oxino.com\/?s={search_term_string}\"},\"query-input\":\"required name=search_term_string\"}],\"inLanguage\":\"fr-FR\"},{\"@type\":\"Organization\",\"@id\":\"https:\/\/www.oxino.com\/#organization\",\"name\":\"Oxi...no\",\"url\":\"https:\/\/www.oxino.com\/\",\"logo\":{\"@type\":\"ImageObject\",\"inLanguage\":\"fr-FR\",\"@id\":\"https:\/\/www.oxino.com\/#\/schema\/logo\/image\/\",\"url\":\"https:\/\/www.oxino.com\/wp-content\/uploads\/2024\/01\/cropped-Logo_OXINO_Fondo_Blanco.webp\",\"contentUrl\":\"https:\/\/www.oxino.com\/wp-content\/uploads\/2024\/01\/cropped-Logo_OXINO_Fondo_Blanco.webp\",\"width\":512,\"height\":512,\"caption\":\"Oxi...no\"},\"image\":{\"@id\":\"https:\/\/www.oxino.com\/#\/schema\/logo\/image\/\"},\"sameAs\":[\"https:\/\/www.linkedin.com\/company\/oxi-no\/\"]}]}<\/script>\n<!-- \/ Yoast SEO plugin. -->","yoast_head_json":{"title":"POLITIQUE EN MATI\u00c8RE DE COOKIES - Oxi...no","robots":{"index":"index","follow":"follow","max-snippet":"max-snippet:-1","max-image-preview":"max-image-preview:large","max-video-preview":"max-video-preview:-1"},"canonical":"https:\/\/www.oxino.com\/politica-de-cookies\/","og_locale":"fr_FR","og_type":"article","og_title":"POLITIQUE EN MATI\u00c8RE DE COOKIES - Oxi...no","og_description":"POLITIQUE EN MATI\u00c8RE DE COOKIES DONN\u00c9ES D&rsquo;IDENTIFICATION DU PROPRI\u00c9TAIRE Le site web www.oxino.com, qui utilise des cookies, est la propri\u00e9t\u00e9 de Werku Tools SA (ci-apr\u00e8s, Werku), domicili\u00e9e \u00e0 Carretera N-VI km 586, Oleiros, La Coru\u00f1a, Espagne, code fiscal europ\u00e9en ESA15098205, inscrite au registre du commerce de La Coru\u00f1a, Espagne, volume 477, livre 256 de la [&hellip;]","og_url":"https:\/\/www.oxino.com\/politica-de-cookies\/","og_site_name":"Oxi...no","article_modified_time":"2024-06-04T10:25:38+00:00","twitter_card":"summary_large_image","twitter_misc":{"Dur\u00e9e de lecture estim\u00e9e":"7 minutes"},"schema":{"@context":"https:\/\/schema.org","@graph":[{"@type":"WebPage","@id":"https:\/\/www.oxino.com\/politica-de-cookies\/","url":"https:\/\/www.oxino.com\/politica-de-cookies\/","name":"POLITIQUE EN MATI\u00c8RE DE COOKIES - Oxi...no","isPartOf":{"@id":"https:\/\/www.oxino.com\/#website"},"datePublished":"2023-09-06T09:42:11+00:00","dateModified":"2024-06-04T10:25:38+00:00","breadcrumb":{"@id":"https:\/\/www.oxino.com\/politica-de-cookies\/#breadcrumb"},"inLanguage":"fr-FR","potentialAction":[{"@type":"ReadAction","target":["https:\/\/www.oxino.com\/politica-de-cookies\/"]}]},{"@type":"BreadcrumbList","@id":"https:\/\/www.oxino.com\/politica-de-cookies\/#breadcrumb","itemListElement":[{"@type":"ListItem","position":1,"name":"Portada","item":"https:\/\/www.oxino.com\/fr\/"},{"@type":"ListItem","position":2,"name":"POLITIQUE EN MATI\u00c8RE DE COOKIES"}]},{"@type":"WebSite","@id":"https:\/\/www.oxino.com\/#website","url":"https:\/\/www.oxino.com\/","name":"Oxi...no","description":"","publisher":{"@id":"https:\/\/www.oxino.com\/#organization"},"potentialAction":[{"@type":"SearchAction","target":{"@type":"EntryPoint","urlTemplate":"https:\/\/www.oxino.com\/?s={search_term_string}"},"query-input":"required name=search_term_string"}],"inLanguage":"fr-FR"},{"@type":"Organization","@id":"https:\/\/www.oxino.com\/#organization","name":"Oxi...no","url":"https:\/\/www.oxino.com\/","logo":{"@type":"ImageObject","inLanguage":"fr-FR","@id":"https:\/\/www.oxino.com\/#\/schema\/logo\/image\/","url":"https:\/\/www.oxino.com\/wp-content\/uploads\/2024\/01\/cropped-Logo_OXINO_Fondo_Blanco.webp","contentUrl":"https:\/\/www.oxino.com\/wp-content\/uploads\/2024\/01\/cropped-Logo_OXINO_Fondo_Blanco.webp","width":512,"height":512,"caption":"Oxi...no"},"image":{"@id":"https:\/\/www.oxino.com\/#\/schema\/logo\/image\/"},"sameAs":["https:\/\/www.linkedin.com\/company\/oxi-no\/"]}]}},"_links":{"self":[{"href":"https:\/\/www.oxino.com\/fr\/wp-json\/wp\/v2\/pages\/12099","targetHints":{"allow":["GET"]}}],"collection":[{"href":"https:\/\/www.oxino.com\/fr\/wp-json\/wp\/v2\/pages"}],"about":[{"href":"https:\/\/www.oxino.com\/fr\/wp-json\/wp\/v2\/types\/page"}],"author":[{"embeddable":true,"href":"https:\/\/www.oxino.com\/fr\/wp-json\/wp\/v2\/users\/1"}],"replies":[{"embeddable":true,"href":"https:\/\/www.oxino.com\/fr\/wp-json\/wp\/v2\/comments?post=12099"}],"version-history":[{"count":13,"href":"https:\/\/www.oxino.com\/fr\/wp-json\/wp\/v2\/pages\/12099\/revisions"}],"predecessor-version":[{"id":12307,"href":"https:\/\/www.oxino.com\/fr\/wp-json\/wp\/v2\/pages\/12099\/revisions\/12307"}],"wp:attachment":[{"href":"https:\/\/www.oxino.com\/fr\/wp-json\/wp\/v2\/media?parent=12099"}],"curies":[{"name":"wp","href":"https:\/\/api.w.org\/{rel}","templated":true}]}}