{"id":12130,"date":"2023-09-06T11:42:11","date_gmt":"2023-09-06T09:42:11","guid":{"rendered":"https:\/\/www.oxino.com\/politica-de-cookies\/"},"modified":"2024-06-04T12:38:16","modified_gmt":"2024-06-04T10:38:16","slug":"politica-de-cookies","status":"publish","type":"page","link":"https:\/\/www.oxino.com\/de\/politica-de-cookies\/","title":{"rendered":"COOKIES-POLITIK"},"content":{"rendered":"\t\t<div data-elementor-type=\"wp-page\" data-elementor-id=\"12130\" class=\"elementor elementor-12130 elementor-8569\">\n\t\t\t\t\t\t<section class=\"elementor-section elementor-top-section elementor-element elementor-element-8aa1641 elementor-section-boxed elementor-section-height-default elementor-section-height-default qodef-elementor-content-no\" data-id=\"8aa1641\" data-element_type=\"section\">\n\t\t\t\t\t\t<div class=\"elementor-container elementor-column-gap-default\">\n\t\t\t\t\t<div class=\"elementor-column elementor-col-100 elementor-top-column elementor-element elementor-element-504bd34\" data-id=\"504bd34\" data-element_type=\"column\">\n\t\t\t<div class=\"elementor-widget-wrap elementor-element-populated\">\n\t\t\t\t\t\t<div class=\"elementor-element elementor-element-696519a elementor-widget elementor-widget-heading\" data-id=\"696519a\" data-element_type=\"widget\" data-widget_type=\"heading.default\">\n\t\t\t\t<div class=\"elementor-widget-container\">\n\t\t\t<style>\/*! elementor - v3.21.0 - 22-05-2024 *\/\n.elementor-heading-title{padding:0;margin:0;line-height:1}.elementor-widget-heading .elementor-heading-title[class*=elementor-size-]>a{color:inherit;font-size:inherit;line-height:inherit}.elementor-widget-heading .elementor-heading-title.elementor-size-small{font-size:15px}.elementor-widget-heading .elementor-heading-title.elementor-size-medium{font-size:19px}.elementor-widget-heading .elementor-heading-title.elementor-size-large{font-size:29px}.elementor-widget-heading .elementor-heading-title.elementor-size-xl{font-size:39px}.elementor-widget-heading .elementor-heading-title.elementor-size-xxl{font-size:59px}<\/style><h2 class=\"elementor-heading-title elementor-size-default\">COOKIES-POLITIK<\/h2>\t\t<\/div>\n\t\t\t\t<\/div>\n\t\t\t\t<div class=\"elementor-element elementor-element-05f639b elementor-widget elementor-widget-text-editor\" data-id=\"05f639b\" data-element_type=\"widget\" data-widget_type=\"text-editor.default\">\n\t\t\t\t<div class=\"elementor-widget-container\">\n\t\t\t<style>\/*! elementor - v3.21.0 - 22-05-2024 *\/\n.elementor-widget-text-editor.elementor-drop-cap-view-stacked .elementor-drop-cap{background-color:#69727d;color:#fff}.elementor-widget-text-editor.elementor-drop-cap-view-framed .elementor-drop-cap{color:#69727d;border:3px solid;background-color:transparent}.elementor-widget-text-editor:not(.elementor-drop-cap-view-default) .elementor-drop-cap{margin-top:8px}.elementor-widget-text-editor:not(.elementor-drop-cap-view-default) .elementor-drop-cap-letter{width:1em;height:1em}.elementor-widget-text-editor .elementor-drop-cap{float:left;text-align:center;line-height:1;font-size:50px}.elementor-widget-text-editor .elementor-drop-cap-letter{display:inline-block}<\/style>\t\t\t\t<p dir=\"ltr\" style=\"line-height: 1.38; margin-top: 12pt; margin-bottom: 12pt;\"><strong><span style=\"font-size: 14.6667px; white-space-collapse: preserve;\">IDENTIFIKATIONSDATEN DES EIGENT\u00dcMERS<\/span><\/strong><\/p>\n<p>Die Website www.oxino.com, die Cookies verwendet, ist Eigentum von Werku Tools SA (im Folgenden Werku), mit Sitz in Carretera N-VI km 586, Oleiros, La Coru\u00f1a, Spanien, europ\u00e4ische Steuernummer ESA15098205, eingetragen im Handelsregister von La Coru\u00f1a, Spanien, Band 477, Buch 256 der Sektion 3 der Gesellschaften auf Folio 60, Seite 2767 und Eintragung 1. E-Mail Adresse info@oxino.com.<\/p>\n<p><b>BENUTZER<\/b><\/p>\n<p>Der Zugang und\/oder die Nutzung der Website www.oxino.com setzt die Eigenschaft eines Benutzers (im Folgenden Benutzer) voraus.<\/p>\n<p><b>VERWENDUNG VON COOKIES<\/b><\/p>\n<p>Cookies sind Dateien, die beim Zugriff auf die Website www.oxino.com auf den Computer des Nutzers heruntergeladen werden. Cookies erm\u00f6glichen es Werku unter anderem, Informationen \u00fcber die Surfgewohnheiten des Nutzers oder seines Computers zu speichern und abzurufen. Dar\u00fcber hinaus verbessern Cookies das Surfen des Nutzers, da sie es der Website www.oxino.com erm\u00f6glichen, Informationen anzubieten, die f\u00fcr den Nutzer je nach seiner Nutzung der Website www.oxino.com von Interesse sein k\u00f6nnen.<\/p>\n<p>Wenn Sie keine Cookies erhalten m\u00f6chten, k\u00f6nnen Sie Ihren Internet-Browser so konfigurieren, dass er Cookies von der Festplatte Ihres Computers l\u00f6scht, sie blockiert oder Sie warnt, wenn sie installiert sind. Um ohne \u00c4nderung der Cookie-Einstellungen fortzufahren, muss der Nutzer einfach weiter auf der Website www.oxino.com surfen.<\/p>\n<p dir=\"ltr\" style=\"line-height: 1.38; margin-top: 12pt; margin-bottom: 12pt;\"><span style=\"font-size: 14.6667px; white-space-collapse: preserve;\"><b>ZUSTIMMUNG <\/b><\/span><\/p>\n<p dir=\"ltr\" style=\"line-height: 1.38; margin-top: 12pt; margin-bottom: 12pt;\"><span style=\"font-size: 14.6667px; white-space-collapse: preserve;\">Die Cookies auf der Website www.oxino.com speichern keine pers\u00f6nlichen Daten oder Informationen, die den Nutzer identifizieren k\u00f6nnten, es sei denn, der Nutzer m\u00f6chte sich freiwillig registrieren, um die auf der Website www.oxino.com zur Verf\u00fcgung gestellten Dienste zu nutzen oder um Informationen \u00fcber Werbeaktionen und Inhalte von Interesse zu erhalten. Beim ersten Besuch der Website www.oxino.com erscheint ein Banner, in dem die Verwendung von Cookies erkl\u00e4rt wird. Indem der Nutzer weiter surft, erkl\u00e4rt er sich mit der Verwendung der oben genannten Cookies und den in dieser Cookie-Politik enthaltenen Bedingungen einverstanden. Diese Zustimmung ist f\u00fcr einen Zeitraum von 13 Monaten g\u00fcltig. Im Falle von Meinungsverschiedenheiten muss der Nutzer eine Beschwerde per E-Mail an info@oxino.com senden.<\/span><\/p>\n<p dir=\"ltr\" style=\"line-height: 1.38; margin-top: 12pt; margin-bottom: 12pt;\"><span style=\"font-size: 14.6667px; white-space-collapse: preserve;\"><b>ARTEN UND ZWECK VON COOKIES<\/b><\/span><\/p>\n<p><\/p>\n<p>Cookies k\u00f6nnen je nach ihrer Dauerhaftigkeit in zwei Arten unterteilt werden:<\/p>\n<p>1) Session-Cookies: Sie verfallen, wenn der Nutzer den Browser schlie\u00dft.<br>2) Dauerhafte Cookies: Sie verfallen, wenn der Zweck, f\u00fcr den sie verwendet werden, erf\u00fcllt ist (z. B. damit der Nutzer auf der Website www.oxino.com und ihren Diensten identifiziert bleibt oder wenn sie manuell gel\u00f6scht werden).<\/p>\n<p>Cookies k\u00f6nnen je nach ihrem Zweck in sechs Arten unterteilt werden:<\/p>\n<p><\/p>\n<p>1) Leistungs-Cookies (technische und Personalisierungs-Cookies): Sie speichern die Pr\u00e4ferenzen f\u00fcr die in den Diensten enthaltenen Tools, so dass der Nutzer den Dienst nicht jedes Mal neu konfigurieren muss, wenn er die Website <b>www.oxino.com<\/b> besucht. Dazu geh\u00f6ren beispielsweise die Lautst\u00e4rkeeinstellungen von Soundplayern und die mit dem Browser kompatiblen Video\u00fcbertragungsgeschwindigkeiten.<br>2) Geolokalisierungs-Cookies: Sie stellen fest, in welchem Land sich der Nutzer befindet, wenn ein Dienst angefordert wird. Diese Cookies sind anonym und werden nur verwendet, um Inhalte auf den Standort des Nutzers abzustimmen.<br>3) Registrierungs-Cookies (technische Cookies und Personalisierungs-Cookies): Diese Cookies identifizieren den Nutzer, sobald er sich registriert oder eingeloggt hat, mit den folgenden m\u00f6glichen Zielen<\/p>\n<p dir=\"ltr\" style=\"line-height: 1.38; margin-top: 12pt; margin-bottom: 12pt;\"><span style=\"background-color: transparent; font-variant-numeric: normal; font-variant-east-asian: normal; font-variant-alternates: normal; font-variant-position: normal; vertical-align: baseline;\"><span style=\"font-size: 14.6667px; white-space-collapse: preserve;\">&#8211; Um den Nutzer zu identifizieren, damit er, wenn er einen Dienst schlie\u00dft, beim erneuten \u00d6ffnen des Browsers oder Computers und zu einem anderen Zeitpunkt weiterhin identifiziert werden kann, um das Surfen zu erleichtern, ohne sich erneut identifizieren zu m\u00fcssen. Diese Funktion kann gel\u00f6scht werden, indem der Nutzer auf die Funktion \u201eSitzung schlie\u00dfen\u201c klickt, so dass diese Cookies gel\u00f6scht werden und der Nutzer sich beim n\u00e4chsten Aufruf des Dienstes anmelden muss, um identifiziert zu werden.<\/span><br><span style=\"font-size: 14.6667px; white-space-collapse: preserve;\"> &#8211; \u00dcberpr\u00fcfung, ob der Nutzer berechtigt ist, auf bestimmte Dienste zuzugreifen (z. B. zur Teilnahme an einem Gewinnspiel).<\/span><br><span style=\"font-size: 14.6667px; white-space-collapse: preserve;\"> 4) Analytische Cookies: Bei jedem Besuch des Nutzers eines Dienstes oder einer Information auf der Website<b> www.oxino.com<\/b> oder eines Tools eines externen Anbieters (Google Analytics, Comscore und \u00e4hnliche, die dieser Liste hinzugef\u00fcgt werden k\u00f6nnen, falls sie sich von den aktuellen unterscheiden) wird ein analytisches Cookie auf dem Computer des Nutzers erzeugt. Dieses Cookie, das nur w\u00e4hrend des Besuchs erzeugt wird, wird bei k\u00fcnftigen Besuchen der Dienste der Website www.oxino.com verwendet, um den Besucher anonym zu identifizieren, und zwar mit folgenden Zielen:<\/span><br><span style=\"font-size: 14.6667px; white-space-collapse: preserve;\"> &#8211; Erm\u00f6glichung der anonymen Identifizierung des Benutzers durch Cookies (identifiziert Browser und Ger\u00e4te, nicht Personen) und somit die ungef\u00e4hre Z\u00e4hlung der Anzahl der Besucher und deren Entwicklung im Laufe der Zeit.<\/span><br><span style=\"font-size: 14.6667px; white-space-collapse: preserve;\">&#8211; Anonyme Identifizierung der am h\u00e4ufigsten besuchten Inhalte, um sie f\u00fcr den Nutzer attraktiver zu machen. &#8211; Zu wissen, ob der Nutzer ein neuer oder ein wiederholter Besucher ist. Sofern der Nutzer nicht beschlie\u00dft, sich f\u00fcr einen Dienst oder Inhalt auf der Website <b>www.oxino.com<\/b> anzumelden, werden die Cookies niemals mit pers\u00f6nlichen Daten verkn\u00fcpft, die den Nutzer identifizieren k\u00f6nnten. Diese Cookies werden nur zu statistischen Zwecken verwendet, die dazu beitragen, die Erfahrung des Nutzers zu optimieren. <\/span><\/span><\/p>\n<p dir=\"ltr\" style=\"line-height: 1.38; margin-top: 12pt; margin-bottom: 12pt;\"><span style=\"background-color: transparent; font-variant-numeric: normal; font-variant-east-asian: normal; font-variant-alternates: normal; font-variant-position: normal; vertical-align: baseline;\"><span style=\"font-size: 14.6667px; white-space-collapse: preserve;\">5) Eigene Werbe-Cookies: Diese werden verwendet, um den Eigent\u00fcmer zu verwalten, wenn der Nutzer die Werbung besucht hat. Sie erm\u00f6glichen auch die Verwaltung von Werbefl\u00e4chen, indem sie Daten \u00fcber das Surfverhalten des Nutzers speichern, um Werbung anbieten zu k\u00f6nnen. <\/span><\/span><\/p>\n<p dir=\"ltr\" style=\"line-height: 1.38; margin-top: 12pt; margin-bottom: 12pt;\"><span style=\"background-color: transparent; font-variant-numeric: normal; font-variant-east-asian: normal; font-variant-alternates: normal; font-variant-position: normal; vertical-align: baseline;\"><span style=\"font-size: 14.6667px; white-space-collapse: preserve;\">6) Cookies f\u00fcr Werbung von Dritten: Zus\u00e4tzlich zu der von Werku in seinen Inhalten oder Diensten verwalteten Werbung kann Werku seinen Werbekunden die M\u00f6glichkeit bieten, Werbung \u00fcber Dritte zu schalten. Auf diese Weise k\u00f6nnen diese Dritten die von den Inhalten der Website<b> www.oxino.com<\/b> gesendeten Cookies, die von den Browsern der Nutzer stammen, speichern und auf die in ihnen gespeicherten Daten zugreifen. Die Drittanbieter, die diese Cookies erzeugen, haben ihre eigenen Datenschutzrichtlinien.<\/span> <\/span><\/p>\n<p dir=\"ltr\" style=\"line-height: 1.38; margin-top: 12pt; margin-bottom: 12pt;\"><span style=\"font-size: 14.6667px; white-space-collapse: preserve;\"><b>BLOCKIERUNG ODER L\u00d6SCHUNG DER INSTALLIERTEN COOKIES<\/b><\/span><\/p>\n<p>Der Nutzer kann die auf seinem Ger\u00e4t installierten Cookies zulassen, blockieren oder l\u00f6schen, indem er die Optionen seines Browsers konfiguriert. Informationen \u00fcber die g\u00e4ngigsten Browser findet der Nutzer unter den folgenden Links:<\/p>\n<p>Explorer: <b>https:\/\/support.microsoft.com\/es-es\/kb\/278835<\/b><br>Chrome: <b>http:\/\/support.google.com\/chrome\/bin\/answer.py?h1=es&amp;answer=95647<\/b><br>Firefox: <b>https:\/\/support.mozilla.org\/es\/kb\/Borrar%20cookies<\/b><br>Safari:<b> http:\/\/support.apple.com\/kb\/ph5042<\/b><\/p>\n<p>Die Deaktivierung von Cookies kann das Surfen oder die Bereitstellung der auf der Website<b> www.oxino.com<\/b> angebotenen Dienste verhindern oder beeintr\u00e4chtigen.<\/p>\n<p><b>\u00c4NDERUNGEN<\/b><\/p>\n<p>Werku beh\u00e4lt sich das Recht vor, die Cookies-Politik der Website <b>www.oxino.com<\/b> zu \u00e4ndern, wenn dies gesetzlich vorgeschrieben ist oder um die besagte Cookies-Politik an die von der spanischen Datenschutzbeh\u00f6rde erlassenen Vorschriften anzupassen.<\/p>\n<p>Aus diesem Grund wird dem Nutzer empfohlen, diese Cookie-Richtlinie regelm\u00e4\u00dfig zu \u00fcberpr\u00fcfen. Im Falle wesentlicher \u00c4nderungen dieser Cookie-Richtlinie wird Werku diese \u00c4nderungen dem Nutzer auf der Website<b> www.oxino.com <\/b>oder per E-Mail an den registrierten Nutzer mitteilen.<\/p>\n<p dir=\"ltr\" style=\"line-height: 1.38; margin-top: 12pt; margin-bottom: 12pt;\"><span style=\"font-size: 14.6667px; white-space-collapse: preserve;\"><b>SPRACHE<\/b><\/span><\/p>\n<p>Diese Cookie-Richtlinie wurde in mehreren Sprachen ver\u00f6ffentlicht. Die englische Fassung ist das Original und hat Vorrang vor \u00dcbersetzungen.<\/p>\n<p><b>ANWENDBARES RECHT UND GERICHTSBARKEIT<\/b><\/p>\n<p>Die Beziehung zwischen Werku und dem Nutzer unterliegt der geltenden spanischen Gesetzgebung. Alle Streitigkeiten und Anspr\u00fcche, die sich aus dieser Cookie-Richtlinie ergeben, sind von den zust\u00e4ndigen Gerichten zu entscheiden.<\/p>\n<p>Diese Cookie-Richtlinie wurde am 17. M\u00e4rz 2021 aktualisiert, um sie an die Verordnung (EU) 2016\/679 des Europ\u00e4ischen Parlaments und des Rates vom 27. April 2016 zum Schutz nat\u00fcrlicher Personen bei der Verarbeitung personenbezogener Daten und zum freien Datenverkehr (GDPR) anzupassen.<\/p>\t\t\t\t\t\t<\/div>\n\t\t\t\t<\/div>\n\t\t\t\t\t<\/div>\n\t\t<\/div>\n\t\t\t\t\t<\/div>\n\t\t<\/section>\n\t\t\t\t<section class=\"elementor-section elementor-top-section elementor-element elementor-element-7f61a335 elementor-section-full_width elementor-section-stretched elementor-section-height-default elementor-section-height-default qodef-elementor-content-no\" data-id=\"7f61a335\" data-element_type=\"section\" data-settings=\"{&quot;stretch_section&quot;:&quot;section-stretched&quot;}\">\n\t\t\t\t\t\t<div class=\"elementor-container elementor-column-gap-default\">\n\t\t\t\t\t<div class=\"elementor-column elementor-col-100 elementor-top-column elementor-element elementor-element-15ddcd17\" data-id=\"15ddcd17\" data-element_type=\"column\">\n\t\t\t<div class=\"elementor-widget-wrap elementor-element-populated\">\n\t\t\t\t\t\t<div class=\"elementor-element elementor-element-50ca22e2 elementor-widget elementor-widget-text-editor\" data-id=\"50ca22e2\" data-element_type=\"widget\" data-widget_type=\"text-editor.default\">\n\t\t\t\t<div class=\"elementor-widget-container\">\n\t\t\t\t\t\t\t<p><span style=\"font-weight: 400;\"><a href=\"https:\/\/www.oxino.com\/de\/rechtshinweis\/\">Rechtshinweis<\/a> \u00b7 <a href=\"https:\/\/www.oxino.com\/de\/politica-de-cookies\/\">Cookies-Politik<\/a> \u00b7 <a href=\"https:\/\/www.oxino.com\/de\/datenschutzpolitik\/\">Datenschutzpolitik<\/a> \u00b7 <a href=\"https:\/\/www.oxino.com\/de\/tratamiento-de-datos-personales\/\">Verarbeitung von personenbezogenen Daten<\/a> \u00b7 <a href=\"https:\/\/www.oxino.com\/de\/verkaufsbedingungen\/\">Verkaufsbedingungen<\/a><\/span><\/p><p><span style=\"font-weight: 400;\">Copyright 2021 \u00b7 Werku Tools SA \u00b7 Carretera N-VI km 586 \u00b7 15176 Oleiros \u00b7 La Coru\u00f1a \u00b7 Espa\u00f1a \u00b7 info@werku.com\u00a0<\/span><\/p>\t\t\t\t\t\t<\/div>\n\t\t\t\t<\/div>\n\t\t\t\t\t<\/div>\n\t\t<\/div>\n\t\t\t\t\t<\/div>\n\t\t<\/section>\n\t\t\t\t<\/div>\n\t\t","protected":false},"excerpt":{"rendered":"<p>COOKIES-POLITIK IDENTIFIKATIONSDATEN DES EIGENT\u00dcMERS Die Website www.oxino.com, die Cookies verwendet, ist Eigentum von Werku Tools SA (im Folgenden Werku), mit Sitz in Carretera N-VI km 586, Oleiros, La Coru\u00f1a, Spanien, europ\u00e4ische Steuernummer ESA15098205, eingetragen im Handelsregister von La Coru\u00f1a, Spanien, Band 477, Buch 256 der Sektion 3 der Gesellschaften auf Folio 60, Seite 2767 und [&hellip;]<\/p>\n","protected":false},"author":1,"featured_media":0,"parent":0,"menu_order":0,"comment_status":"closed","ping_status":"closed","template":"","meta":{"footnotes":""},"class_list":["post-12130","page","type-page","status-publish","hentry"],"yoast_head":"<!-- This site is optimized with the Yoast SEO plugin v23.1 - https:\/\/yoast.com\/wordpress\/plugins\/seo\/ -->\n<title>COOKIES-POLITIK - Oxi...no<\/title>\n<meta name=\"robots\" content=\"index, follow, max-snippet:-1, max-image-preview:large, max-video-preview:-1\" \/>\n<link rel=\"canonical\" href=\"https:\/\/www.oxino.com\/politica-de-cookies\/\" \/>\n<meta property=\"og:locale\" content=\"de_DE\" \/>\n<meta property=\"og:type\" content=\"article\" \/>\n<meta property=\"og:title\" content=\"COOKIES-POLITIK - Oxi...no\" \/>\n<meta property=\"og:description\" content=\"COOKIES-POLITIK IDENTIFIKATIONSDATEN DES EIGENT\u00dcMERS Die Website www.oxino.com, die Cookies verwendet, ist Eigentum von Werku Tools SA (im Folgenden Werku), mit Sitz in Carretera N-VI km 586, Oleiros, La Coru\u00f1a, Spanien, europ\u00e4ische Steuernummer ESA15098205, eingetragen im Handelsregister von La Coru\u00f1a, Spanien, Band 477, Buch 256 der Sektion 3 der Gesellschaften auf Folio 60, Seite 2767 und [&hellip;]\" \/>\n<meta property=\"og:url\" content=\"https:\/\/www.oxino.com\/politica-de-cookies\/\" \/>\n<meta property=\"og:site_name\" content=\"Oxi...no\" \/>\n<meta property=\"article:modified_time\" content=\"2024-06-04T10:38:16+00:00\" \/>\n<meta name=\"twitter:card\" content=\"summary_large_image\" \/>\n<meta name=\"twitter:label1\" content=\"Gesch\u00e4tzte Lesezeit\" \/>\n\t<meta name=\"twitter:data1\" content=\"6\u00a0Minuten\" \/>\n<script type=\"application\/ld+json\" class=\"yoast-schema-graph\">{\"@context\":\"https:\/\/schema.org\",\"@graph\":[{\"@type\":\"WebPage\",\"@id\":\"https:\/\/www.oxino.com\/politica-de-cookies\/\",\"url\":\"https:\/\/www.oxino.com\/politica-de-cookies\/\",\"name\":\"COOKIES-POLITIK - Oxi...no\",\"isPartOf\":{\"@id\":\"https:\/\/www.oxino.com\/#website\"},\"datePublished\":\"2023-09-06T09:42:11+00:00\",\"dateModified\":\"2024-06-04T10:38:16+00:00\",\"breadcrumb\":{\"@id\":\"https:\/\/www.oxino.com\/politica-de-cookies\/#breadcrumb\"},\"inLanguage\":\"de\",\"potentialAction\":[{\"@type\":\"ReadAction\",\"target\":[\"https:\/\/www.oxino.com\/politica-de-cookies\/\"]}]},{\"@type\":\"BreadcrumbList\",\"@id\":\"https:\/\/www.oxino.com\/politica-de-cookies\/#breadcrumb\",\"itemListElement\":[{\"@type\":\"ListItem\",\"position\":1,\"name\":\"Portada\",\"item\":\"https:\/\/www.oxino.com\/de\/\"},{\"@type\":\"ListItem\",\"position\":2,\"name\":\"COOKIES-POLITIK\"}]},{\"@type\":\"WebSite\",\"@id\":\"https:\/\/www.oxino.com\/#website\",\"url\":\"https:\/\/www.oxino.com\/\",\"name\":\"Oxi...no\",\"description\":\"\",\"publisher\":{\"@id\":\"https:\/\/www.oxino.com\/#organization\"},\"potentialAction\":[{\"@type\":\"SearchAction\",\"target\":{\"@type\":\"EntryPoint\",\"urlTemplate\":\"https:\/\/www.oxino.com\/?s={search_term_string}\"},\"query-input\":\"required name=search_term_string\"}],\"inLanguage\":\"de\"},{\"@type\":\"Organization\",\"@id\":\"https:\/\/www.oxino.com\/#organization\",\"name\":\"Oxi...no\",\"url\":\"https:\/\/www.oxino.com\/\",\"logo\":{\"@type\":\"ImageObject\",\"inLanguage\":\"de\",\"@id\":\"https:\/\/www.oxino.com\/#\/schema\/logo\/image\/\",\"url\":\"https:\/\/www.oxino.com\/wp-content\/uploads\/2024\/01\/cropped-Logo_OXINO_Fondo_Blanco.webp\",\"contentUrl\":\"https:\/\/www.oxino.com\/wp-content\/uploads\/2024\/01\/cropped-Logo_OXINO_Fondo_Blanco.webp\",\"width\":512,\"height\":512,\"caption\":\"Oxi...no\"},\"image\":{\"@id\":\"https:\/\/www.oxino.com\/#\/schema\/logo\/image\/\"},\"sameAs\":[\"https:\/\/www.linkedin.com\/company\/oxi-no\/\"]}]}<\/script>\n<!-- \/ Yoast SEO plugin. -->","yoast_head_json":{"title":"COOKIES-POLITIK - Oxi...no","robots":{"index":"index","follow":"follow","max-snippet":"max-snippet:-1","max-image-preview":"max-image-preview:large","max-video-preview":"max-video-preview:-1"},"canonical":"https:\/\/www.oxino.com\/politica-de-cookies\/","og_locale":"de_DE","og_type":"article","og_title":"COOKIES-POLITIK - Oxi...no","og_description":"COOKIES-POLITIK IDENTIFIKATIONSDATEN DES EIGENT\u00dcMERS Die Website www.oxino.com, die Cookies verwendet, ist Eigentum von Werku Tools SA (im Folgenden Werku), mit Sitz in Carretera N-VI km 586, Oleiros, La Coru\u00f1a, Spanien, europ\u00e4ische Steuernummer ESA15098205, eingetragen im Handelsregister von La Coru\u00f1a, Spanien, Band 477, Buch 256 der Sektion 3 der Gesellschaften auf Folio 60, Seite 2767 und [&hellip;]","og_url":"https:\/\/www.oxino.com\/politica-de-cookies\/","og_site_name":"Oxi...no","article_modified_time":"2024-06-04T10:38:16+00:00","twitter_card":"summary_large_image","twitter_misc":{"Gesch\u00e4tzte Lesezeit":"6\u00a0Minuten"},"schema":{"@context":"https:\/\/schema.org","@graph":[{"@type":"WebPage","@id":"https:\/\/www.oxino.com\/politica-de-cookies\/","url":"https:\/\/www.oxino.com\/politica-de-cookies\/","name":"COOKIES-POLITIK - Oxi...no","isPartOf":{"@id":"https:\/\/www.oxino.com\/#website"},"datePublished":"2023-09-06T09:42:11+00:00","dateModified":"2024-06-04T10:38:16+00:00","breadcrumb":{"@id":"https:\/\/www.oxino.com\/politica-de-cookies\/#breadcrumb"},"inLanguage":"de","potentialAction":[{"@type":"ReadAction","target":["https:\/\/www.oxino.com\/politica-de-cookies\/"]}]},{"@type":"BreadcrumbList","@id":"https:\/\/www.oxino.com\/politica-de-cookies\/#breadcrumb","itemListElement":[{"@type":"ListItem","position":1,"name":"Portada","item":"https:\/\/www.oxino.com\/de\/"},{"@type":"ListItem","position":2,"name":"COOKIES-POLITIK"}]},{"@type":"WebSite","@id":"https:\/\/www.oxino.com\/#website","url":"https:\/\/www.oxino.com\/","name":"Oxi...no","description":"","publisher":{"@id":"https:\/\/www.oxino.com\/#organization"},"potentialAction":[{"@type":"SearchAction","target":{"@type":"EntryPoint","urlTemplate":"https:\/\/www.oxino.com\/?s={search_term_string}"},"query-input":"required name=search_term_string"}],"inLanguage":"de"},{"@type":"Organization","@id":"https:\/\/www.oxino.com\/#organization","name":"Oxi...no","url":"https:\/\/www.oxino.com\/","logo":{"@type":"ImageObject","inLanguage":"de","@id":"https:\/\/www.oxino.com\/#\/schema\/logo\/image\/","url":"https:\/\/www.oxino.com\/wp-content\/uploads\/2024\/01\/cropped-Logo_OXINO_Fondo_Blanco.webp","contentUrl":"https:\/\/www.oxino.com\/wp-content\/uploads\/2024\/01\/cropped-Logo_OXINO_Fondo_Blanco.webp","width":512,"height":512,"caption":"Oxi...no"},"image":{"@id":"https:\/\/www.oxino.com\/#\/schema\/logo\/image\/"},"sameAs":["https:\/\/www.linkedin.com\/company\/oxi-no\/"]}]}},"_links":{"self":[{"href":"https:\/\/www.oxino.com\/de\/wp-json\/wp\/v2\/pages\/12130","targetHints":{"allow":["GET"]}}],"collection":[{"href":"https:\/\/www.oxino.com\/de\/wp-json\/wp\/v2\/pages"}],"about":[{"href":"https:\/\/www.oxino.com\/de\/wp-json\/wp\/v2\/types\/page"}],"author":[{"embeddable":true,"href":"https:\/\/www.oxino.com\/de\/wp-json\/wp\/v2\/users\/1"}],"replies":[{"embeddable":true,"href":"https:\/\/www.oxino.com\/de\/wp-json\/wp\/v2\/comments?post=12130"}],"version-history":[{"count":7,"href":"https:\/\/www.oxino.com\/de\/wp-json\/wp\/v2\/pages\/12130\/revisions"}],"predecessor-version":[{"id":12333,"href":"https:\/\/www.oxino.com\/de\/wp-json\/wp\/v2\/pages\/12130\/revisions\/12333"}],"wp:attachment":[{"href":"https:\/\/www.oxino.com\/de\/wp-json\/wp\/v2\/media?parent=12130"}],"curies":[{"name":"wp","href":"https:\/\/api.w.org\/{rel}","templated":true}]}}