{"id":11924,"date":"2023-09-06T16:02:12","date_gmt":"2023-09-06T14:02:12","guid":{"rendered":"https:\/\/www.oxino.com\/politica-de-privacidad\/"},"modified":"2024-06-04T12:39:30","modified_gmt":"2024-06-04T10:39:30","slug":"datenschutzpolitik","status":"publish","type":"page","link":"https:\/\/www.oxino.com\/de\/datenschutzpolitik\/","title":{"rendered":"DATENSCHUTZPOLITIK"},"content":{"rendered":"\t\t<div data-elementor-type=\"wp-page\" data-elementor-id=\"11924\" class=\"elementor elementor-11924 elementor-8630\">\n\t\t\t\t\t\t<section class=\"elementor-section elementor-top-section elementor-element elementor-element-8aa1641 elementor-section-boxed elementor-section-height-default elementor-section-height-default qodef-elementor-content-no\" data-id=\"8aa1641\" data-element_type=\"section\">\n\t\t\t\t\t\t<div class=\"elementor-container elementor-column-gap-default\">\n\t\t\t\t\t<div class=\"elementor-column elementor-col-100 elementor-top-column elementor-element elementor-element-504bd34\" data-id=\"504bd34\" data-element_type=\"column\">\n\t\t\t<div class=\"elementor-widget-wrap elementor-element-populated\">\n\t\t\t\t\t\t<div class=\"elementor-element elementor-element-696519a elementor-widget elementor-widget-heading\" data-id=\"696519a\" data-element_type=\"widget\" data-widget_type=\"heading.default\">\n\t\t\t\t<div class=\"elementor-widget-container\">\n\t\t\t<style>\/*! elementor - v3.21.0 - 22-05-2024 *\/\n.elementor-heading-title{padding:0;margin:0;line-height:1}.elementor-widget-heading .elementor-heading-title[class*=elementor-size-]>a{color:inherit;font-size:inherit;line-height:inherit}.elementor-widget-heading .elementor-heading-title.elementor-size-small{font-size:15px}.elementor-widget-heading .elementor-heading-title.elementor-size-medium{font-size:19px}.elementor-widget-heading .elementor-heading-title.elementor-size-large{font-size:29px}.elementor-widget-heading .elementor-heading-title.elementor-size-xl{font-size:39px}.elementor-widget-heading .elementor-heading-title.elementor-size-xxl{font-size:59px}<\/style><h2 class=\"elementor-heading-title elementor-size-default\">DATENSCHUTZPOLITIK<\/h2>\t\t<\/div>\n\t\t\t\t<\/div>\n\t\t\t\t<div class=\"elementor-element elementor-element-05f639b elementor-widget elementor-widget-text-editor\" data-id=\"05f639b\" data-element_type=\"widget\" data-widget_type=\"text-editor.default\">\n\t\t\t\t<div class=\"elementor-widget-container\">\n\t\t\t<style>\/*! elementor - v3.21.0 - 22-05-2024 *\/\n.elementor-widget-text-editor.elementor-drop-cap-view-stacked .elementor-drop-cap{background-color:#69727d;color:#fff}.elementor-widget-text-editor.elementor-drop-cap-view-framed .elementor-drop-cap{color:#69727d;border:3px solid;background-color:transparent}.elementor-widget-text-editor:not(.elementor-drop-cap-view-default) .elementor-drop-cap{margin-top:8px}.elementor-widget-text-editor:not(.elementor-drop-cap-view-default) .elementor-drop-cap-letter{width:1em;height:1em}.elementor-widget-text-editor .elementor-drop-cap{float:left;text-align:center;line-height:1;font-size:50px}.elementor-widget-text-editor .elementor-drop-cap-letter{display:inline-block}<\/style>\t\t\t\t<p dir=\"ltr\" style=\"line-height: 1.38; margin-top: 12pt; margin-bottom: 12pt;\"><span style=\"color: #000000; font-family: Arial, sans-serif;\"><span style=\"font-size: 14.6667px; white-space-collapse: preserve;\"><b>IDENTIFIKATIONSDATEN DES EIGENT\u00dcMERS<\/b><\/span><\/span><\/p>\n<p>Der Eigent\u00fcmer der Website<b> www.oxino.com <\/b>ist Werku Tools SA (im Folgenden Werku), mit Sitz in Carretera N-VI km 586, Oleiros, La Coru\u00f1a, Spanien, europ\u00e4ische Steuernummer ESA15098205, eingetragen im Handelsregister von La Coru\u00f1a, Spanien, Band 477, Buch 256 der Sektion 3 der Gesellschaften auf Folio 60, Seite 2767 und Inschrift 1. E-Mail-Adresse info@oxino.com.<\/p>\n<p><b>BENUTZER<\/b><\/p>\n<p>Der Zugang und\/oder die Nutzung der Website <b>www.oxino.com<\/b> verleiht die Eigenschaft eines Benutzers (im Folgenden: Benutzer).<\/p>\n<p><b>DATENSCHUTZ<\/b><\/p>\n<p>Zum Schutz der individuellen Rechte des Nutzers, insbesondere in Bezug auf die automatisierte Verarbeitung, und im Sinne der Transparenz hat Werku eine Datenschutzpolitik eingef\u00fchrt, in der alle derartigen Verarbeitungen, die Zwecke dieser Verarbeitungen, die Legitimit\u00e4t dieser Verarbeitungen und die dem Nutzer zur Verf\u00fcgung stehenden Instrumente zur Aus\u00fcbung seiner Rechte dargelegt werden.<\/p>\n<p>Durch das Surfen auf der Website <b>www.oxino.com <\/b>akzeptiert der Nutzer die Bestimmungen und Nutzungsbedingungen, einschlie\u00dflich der Verwendung von Cookies, vollst\u00e4ndig. Im Falle von Unstimmigkeiten kann der Nutzer eine Beschwerde per E-Mail an<b> info@oxino.com<\/b> senden.<\/p>\n<p>Die aktualisierte Version der vorliegenden Datenschutzrichtlinie ist die einzige, die f\u00fcr die Dauer der Nutzung der Website <b>www.oxino.com<\/b> durch den Nutzer gilt, bis sie durch eine andere Version ersetzt wird.<\/p>\n<p><span style=\"color: #000000; font-family: Arial, sans-serif;\">F\u00fcr weitere Informationen \u00fcber den Schutz personenbezogener Daten kann der Nutzer die Website <b>www.agpd.es<\/b> der spanischen Datenschutzbeh\u00f6rde konsultieren.<\/span><\/p>\n<p dir=\"ltr\" style=\"line-height: 1.38; margin-top: 12pt; margin-bottom: 12pt;\"><span style=\"font-size: 14.6667px; white-space-collapse: preserve;\"><b>ERHEBUNG VON PERSONENBEZOGENEN DATEN <\/b><\/span><\/p><p dir=\"ltr\" style=\"line-height: 1.38; margin-top: 12pt; margin-bottom: 12pt;\">Die personenbezogenen Daten des Nutzers werden von Werku erhoben. Personenbezogene Daten sind alle Informationen, die sich auf eine identifizierte oder identifizierbare nat\u00fcrliche Person (Datensubjekt) beziehen. Als identifizierbar wird eine Person angesehen, die direkt oder indirekt, insbesondere mittels Zuordnung zu einem Namen, zu einer Kennnummer (Personalausweis, NIF, ME, Reisepass usw.) oder zu einem oder mehreren spezifischen Elementen identifiziert werden kann, die Ausdruck ihrer physischen, physiologischen, genetischen, psychischen, wirtschaftlichen, kulturellen oder sozialen Identit\u00e4t sind.<\/p>\n<p><\/p>\n<p><\/p>\n<p>Im Allgemeinen werden folgende personenbezogene Daten erhoben:<br>&#8211; Vor- und Nachname<br>&#8211; Anschrift und Nachname<br>&#8211; E-Mail Adresse<br>&#8211; Telefonnummer<br>&#8211; Geburtsdatum<br>&#8211; Daten bez\u00fcglich der Zahlungsmittel<br>&#8211; Sonstige Daten, \u00fcber die der Nutzer informiert werden soll<\/p>\n<p dir=\"ltr\" style=\"line-height: 1.38; margin-top: 12pt; margin-bottom: 12pt;\"><span style=\"font-size: 14.6667px; white-space-collapse: preserve;\"><b>ZWECK DER VERARBEITUNG VON PERSONENBEZOGENEN DATEN<\/b><\/span><\/p>\n<p><\/p>\n<p><\/p>\n<p>Der Zweck der Verarbeitung personenbezogener Daten besteht darin, die Beziehung zwischen Werku und dem Nutzer zu verbessern, Produkte und Dienstleistungen im Einklang mit den Interessen des Nutzers anzubieten, das Surferlebnis des Nutzers zu verbessern und ggf. seine Anfragen, W\u00fcnsche oder Bestellungen zu bearbeiten. Werku verwendet diese personenbezogenen Daten, um ein kommerzielles Profil des Nutzers zu erstellen, trifft jedoch keine automatisierten Entscheidungen auf der Grundlage dieses Profils.<\/p>\n<p>Die vom Nutzer zur Verf\u00fcgung gestellten personenbezogenen Daten werden so lange aufbewahrt, wie der Nutzer eine Gesch\u00e4ftsbeziehung mit Werku unterh\u00e4lt, sofern der Nutzer nicht deren L\u00f6schung verlangt oder gesetzliche Verpflichtungen eine L\u00f6schung erfordern.<\/p>\n<p>Die personenbezogenen Daten des Nutzers werden in einer Kundendatei gespeichert und ihre Verarbeitung wird im Verarbeitungsregister von Werku vermerkt. Sendinblue fungiert als Verantwortlicher f\u00fcr die Verarbeitung der personenbezogenen Daten des Nutzers und Werku als Verantwortlicher f\u00fcr die Verarbeitung dieser Daten. F\u00fcr detaillierte Informationen \u00fcber die Vereinbarung zwischen Sendinblue und Werku wird dem Nutzer empfohlen, sich \u00fcber die Verarbeitung personenbezogener Daten zu informieren, die ebenfalls auf der Website<b> www.oxino.com<\/b> ver\u00f6ffentlicht ist.<\/p>\n<p><b>RECHTSGRUNDLAGE F\u00dcR DIE VERARBEITUNG DER PERSONENBEZOGENEN DATEN<\/b><\/p>\n<p><\/p>\n<p><\/p>\n<p>Die Rechtsgrundlage f\u00fcr die Verarbeitung der personenbezogenen Daten des Nutzers ist wie folgt:<br>&#8211; Die korrekte Ausf\u00fchrung oder Erf\u00fcllung des Vertrags<br>&#8211; Das berechtigte Interesse von Werku<br>&#8211; Die Einwilligung des Nutzers in die Verarbeitung seiner personenbezogenen Daten.<\/p>\n<p dir=\"ltr\" style=\"line-height: 1.38; margin-top: 12pt; margin-bottom: 12pt;\"><span style=\"font-size: 14.6667px; white-space-collapse: preserve;\"><b>EMPF\u00c4NGER, AN DIE PERSONENBEZOGENE DATEN WEITERGEGEBEN WERDEN<\/b><\/span><\/p>\n<p><\/p>\n<p>Die personenbezogenen Daten des Nutzers k\u00f6nnen an Dritte weitergegeben werden, die mit Werku vertraglich verbunden sind, um Aufgaben zu erf\u00fcllen, die f\u00fcr die Verwaltung des Nutzerkontos erforderlich sind, ohne dass der Nutzer seine Zustimmung dazu geben muss.<\/p>\n<p>Die personenbezogenen Daten des Nutzers k\u00f6nnen den zust\u00e4ndigen Beh\u00f6rden mitgeteilt werden, wenn der Nutzer Handlungen vorgenommen hat, die gegen das Gesetz versto\u00dfen, oder wenn er sich nicht an den Inhalt des rechtlichen Hinweises gehalten hat.<\/p>\n<p>Die personenbezogenen Daten des Nutzers k\u00f6nnen an andere Unternehmen der Werku-Gruppe f\u00fcr interne Verwaltungszwecke weitergegeben werden, die die Verarbeitung dieser personenbezogenen Daten beinhalten k\u00f6nnen.<\/p>\n<p>Die personenbezogenen Daten des Nutzers k\u00f6nnen in ein Drittland oder an eine internationale Organisation \u00fcbermittelt werden, sofern Werku den Nutzer \u00fcber diese \u00dcbermittlung, deren Bedingungen und den Empf\u00e4nger informiert.<\/p>\n<p>Wenn einige der personenbezogenen Daten des Nutzers zwingend erforderlich sind, um auf bestimmte Funktionen der Website <b>www.oxino.com<\/b> zugreifen zu k\u00f6nnen, weist Werku bei der Erhebung der personenbezogenen Daten auf diesen zwingenden Charakter hin.<\/p>\n<p><b>COOKIES<\/b><\/p>\n<p><\/p>\n<p>Die Website www.oxino.com verwendet Cookies. F\u00fcr ausf\u00fchrliche Informationen \u00fcber diese Cookies, die mit den personenbezogenen Daten des Nutzers und der Datenschutzpolitik in Zusammenhang stehen k\u00f6nnen, empfiehlt Werku dem Nutzer, die Cookie-Politik zu konsultieren, die ebenfalls auf der Website <b>www.oxino.com<\/b> ver\u00f6ffentlicht ist.<\/p>\n<p dir=\"ltr\" style=\"line-height: 1.38; margin-top: 12pt; margin-bottom: 12pt;\"><span style=\"font-size: 14.6667px; white-space-collapse: preserve;\"><b>RECHTE DES BENUTZERS<\/b><\/span><\/p>\n<p>In Bezug auf die personenbezogenen Daten des Nutzers hat der Nutzer die M\u00f6glichkeit, seine Rechte auf Zugang, Berichtigung, L\u00f6schung und Widerspruch auszu\u00fcben. Dar\u00fcber hinaus hat der Nutzer das Recht, die Verarbeitung seiner personenbezogenen Daten einzuschr\u00e4nken, das Recht auf L\u00f6schung der an den f\u00fcr die Datenverarbeitung Verantwortlichen \u00fcbermittelten personenbezogenen Daten und das Recht auf \u00dcbertragbarkeit seiner personenbezogenen Daten.<\/p>\n<p>Der Nutzer hat die M\u00f6glichkeit, eine Beschwerde bei der spanischen Datenschutzbeh\u00f6rde oder einer anderen zust\u00e4ndigen Stelle einzureichen, wenn er bei der Aus\u00fcbung seiner Rechte keine zufriedenstellende L\u00f6sung erhalten hat.<\/p>\n<p>Sofern der Nutzer keine Beschwerde an die E-Mail-Adresse<b> info@oxino.com<\/b> geschickt hat, k\u00f6nnen seine Daten f\u00fcr die Zusendung von kommerziellen Informationen verwendet werden.<\/p>\n<p>Der Nutzer ist f\u00fcr die von ihm zur Verf\u00fcgung gestellten personenbezogenen Daten verantwortlich und haftet f\u00fcr deren Richtigkeit und Aktualisierung sowie f\u00fcr alle Sch\u00e4den, die sich aus der Unrichtigkeit der Daten ergeben k\u00f6nnen.<\/p>\n<p dir=\"ltr\" style=\"line-height: 1.38; margin-top: 12pt; margin-bottom: 12pt;\"><span style=\"font-size: 14.6667px; white-space-collapse: preserve;\">Werku speichert und verwaltet die personenbezogenen Daten des Nutzers mit der gebotenen Vertraulichkeit und wendet die erforderlichen Computersicherheitsma\u00dfnahmen an, um den Zugriff auf die personenbezogenen Daten oder deren missbr\u00e4uchliche Verwendung, ihre Manipulation, Verschlechterung oder ihren Verlust zu verhindern. Der Nutzer ist sich jedoch bewusst, dass die Sicherheit von Computersystemen nicht absolut ist und dass personenbezogene Daten, die \u00fcber das Internet \u00fcbermittelt werden, von Dritten ohne die Zustimmung des Nutzers in betr\u00fcgerischer Absicht gesammelt werden k\u00f6nnen, wof\u00fcr Werku nicht verantwortlich gemacht werden kann.<\/span><\/p>\n<p>Der Nutzer kann diese Rechte durch einen schriftlichen und unterzeichneten Antrag unter Beif\u00fcgung einer Fotokopie seines Ausweises auf einem der folgenden Wege einfordern und aus\u00fcben:<br>1) Durch Zusendung einer schriftlichen Anfrage an Werku Tools SA, Customer Service, Carretera N-VI km 886, Oleiros, La Coru\u00f1a, Spanien.<br>2) Durch Senden einer E-Mail an<b> info@oxino.com<\/b><\/p>\n<p>Diese Rechte werden von Werku innerhalb einer Frist von einem Monat bearbeitet, die auf zwei Monate verl\u00e4ngert werden kann, wenn die Komplexit\u00e4t der Anfrage oder die Anzahl der eingegangenen Anfragen dies erfordern. Dies gilt unbeschadet der Pflicht zur Aufbewahrung bestimmter Daten im Rahmen der gesetzlichen Bestimmungen und bis zum Erl\u00f6schen m\u00f6glicher Verpflichtungen, die sich aus einer etwaigen Verarbeitung oder gegebenenfalls aus einem Vertragsverh\u00e4ltnis ergeben.<\/p>\n<p>Zus\u00e4tzlich zu den oben genannten Punkten und in \u00dcbereinstimmung mit den Datenschutzbestimmungen hat der Nutzer die M\u00f6glichkeit, auf Anfrage den Verbleib seiner Daten nach seinem Tod zu organisieren.<\/p>\n<p dir=\"ltr\" style=\"line-height: 1.38; margin-top: 12pt; margin-bottom: 12pt;\"><span style=\"font-size: 14.6667px; white-space-collapse: preserve;\"><b>SPRACHE<\/b><\/span><\/p>\n<p>Diese Datenschutzrichtlinie wurde in mehreren Sprachen ver\u00f6ffentlicht. Die englische Fassung ist das Original und hat Vorrang vor \u00dcbersetzungen.<\/p>\n<p><b>ANWENDBARES RECHT UND GERICHTSBARKEIT<\/b><\/p>\n<p>Die Beziehung zwischen Werku und dem Nutzer unterliegt der geltenden spanischen Gesetzgebung. Alle Streitigkeiten und Anspr\u00fcche, die sich aus dieser Datenschutzrichtlinie ergeben, werden von den zust\u00e4ndigen Gerichten entschieden.<\/p>\n<div><span style=\"font-size: 11pt; font-family: Arial, sans-serif; color: #000000; font-variant-numeric: normal; font-variant-east-asian: normal; font-variant-alternates: normal; white-space-collapse: preserve;\">&nbsp;<\/span><\/div>\t\t\t\t\t\t<\/div>\n\t\t\t\t<\/div>\n\t\t\t\t\t<\/div>\n\t\t<\/div>\n\t\t\t\t\t<\/div>\n\t\t<\/section>\n\t\t\t\t<section class=\"elementor-section elementor-top-section elementor-element elementor-element-7e1ca212 elementor-section-full_width elementor-section-stretched elementor-section-height-default elementor-section-height-default qodef-elementor-content-no\" data-id=\"7e1ca212\" data-element_type=\"section\" data-settings=\"{&quot;stretch_section&quot;:&quot;section-stretched&quot;}\">\n\t\t\t\t\t\t<div class=\"elementor-container elementor-column-gap-default\">\n\t\t\t\t\t<div class=\"elementor-column elementor-col-100 elementor-top-column elementor-element elementor-element-3d887a75\" data-id=\"3d887a75\" data-element_type=\"column\">\n\t\t\t<div class=\"elementor-widget-wrap elementor-element-populated\">\n\t\t\t\t\t\t<div class=\"elementor-element elementor-element-c683daa elementor-widget elementor-widget-text-editor\" data-id=\"c683daa\" data-element_type=\"widget\" data-widget_type=\"text-editor.default\">\n\t\t\t\t<div class=\"elementor-widget-container\">\n\t\t\t\t\t\t\t<p><span style=\"font-weight: 400;\"><a href=\"https:\/\/www.oxino.com\/de\/rechtshinweis\/\">Rechtshinweis<\/a> \u00b7 <a href=\"https:\/\/www.oxino.com\/de\/politica-de-cookies\/\">Cookies-Politik<\/a> \u00b7 <a href=\"https:\/\/www.oxino.com\/de\/datenschutzpolitik\/\">Datenschutzpolitik<\/a> \u00b7 <a href=\"https:\/\/www.oxino.com\/de\/tratamiento-de-datos-personales\/\">Verarbeitung von personenbezogenen Daten<\/a> \u00b7 <a href=\"https:\/\/www.oxino.com\/de\/verkaufsbedingungen\/\">Verkaufsbedingungen<\/a><\/span><\/p><p><span style=\"font-weight: 400;\">Copyright 2021 \u00b7 Werku Tools SA \u00b7 Carretera N-VI km 586 \u00b7 15176 Oleiros \u00b7 La Coru\u00f1a \u00b7 Espa\u00f1a \u00b7 info@werku.com\u00a0<\/span><\/p>\t\t\t\t\t\t<\/div>\n\t\t\t\t<\/div>\n\t\t\t\t\t<\/div>\n\t\t<\/div>\n\t\t\t\t\t<\/div>\n\t\t<\/section>\n\t\t\t\t<\/div>\n\t\t","protected":false},"excerpt":{"rendered":"<p>DATENSCHUTZPOLITIK IDENTIFIKATIONSDATEN DES EIGENT\u00dcMERS Der Eigent\u00fcmer der Website www.oxino.com ist Werku Tools SA (im Folgenden Werku), mit Sitz in Carretera N-VI km 586, Oleiros, La Coru\u00f1a, Spanien, europ\u00e4ische Steuernummer ESA15098205, eingetragen im Handelsregister von La Coru\u00f1a, Spanien, Band 477, Buch 256 der Sektion 3 der Gesellschaften auf Folio 60, Seite 2767 und Inschrift 1. E-Mail-Adresse [&hellip;]<\/p>\n","protected":false},"author":1,"featured_media":0,"parent":0,"menu_order":0,"comment_status":"closed","ping_status":"closed","template":"","meta":{"footnotes":""},"class_list":["post-11924","page","type-page","status-publish","hentry"],"yoast_head":"<!-- This site is optimized with the Yoast SEO plugin v23.1 - https:\/\/yoast.com\/wordpress\/plugins\/seo\/ -->\n<title>DATENSCHUTZPOLITIK - Oxi...no<\/title>\n<meta name=\"robots\" content=\"index, follow, max-snippet:-1, max-image-preview:large, max-video-preview:-1\" \/>\n<link rel=\"canonical\" href=\"https:\/\/www.oxino.com\/de\/datenschutzpolitik\/\" \/>\n<meta property=\"og:locale\" content=\"de_DE\" \/>\n<meta property=\"og:type\" content=\"article\" \/>\n<meta property=\"og:title\" content=\"DATENSCHUTZPOLITIK - Oxi...no\" \/>\n<meta property=\"og:description\" content=\"DATENSCHUTZPOLITIK IDENTIFIKATIONSDATEN DES EIGENT\u00dcMERS Der Eigent\u00fcmer der Website www.oxino.com ist Werku Tools SA (im Folgenden Werku), mit Sitz in Carretera N-VI km 586, Oleiros, La Coru\u00f1a, Spanien, europ\u00e4ische Steuernummer ESA15098205, eingetragen im Handelsregister von La Coru\u00f1a, Spanien, Band 477, Buch 256 der Sektion 3 der Gesellschaften auf Folio 60, Seite 2767 und Inschrift 1. E-Mail-Adresse [&hellip;]\" \/>\n<meta property=\"og:url\" content=\"https:\/\/www.oxino.com\/de\/datenschutzpolitik\/\" \/>\n<meta property=\"og:site_name\" content=\"Oxi...no\" \/>\n<meta property=\"article:modified_time\" content=\"2024-06-04T10:39:30+00:00\" \/>\n<meta name=\"twitter:card\" content=\"summary_large_image\" \/>\n<meta name=\"twitter:label1\" content=\"Gesch\u00e4tzte Lesezeit\" \/>\n\t<meta name=\"twitter:data1\" content=\"6\u00a0Minuten\" \/>\n<script type=\"application\/ld+json\" class=\"yoast-schema-graph\">{\"@context\":\"https:\/\/schema.org\",\"@graph\":[{\"@type\":\"WebPage\",\"@id\":\"https:\/\/www.oxino.com\/de\/datenschutzpolitik\/\",\"url\":\"https:\/\/www.oxino.com\/de\/datenschutzpolitik\/\",\"name\":\"DATENSCHUTZPOLITIK - Oxi...no\",\"isPartOf\":{\"@id\":\"https:\/\/www.oxino.com\/#website\"},\"datePublished\":\"2023-09-06T14:02:12+00:00\",\"dateModified\":\"2024-06-04T10:39:30+00:00\",\"breadcrumb\":{\"@id\":\"https:\/\/www.oxino.com\/de\/datenschutzpolitik\/#breadcrumb\"},\"inLanguage\":\"de\",\"potentialAction\":[{\"@type\":\"ReadAction\",\"target\":[\"https:\/\/www.oxino.com\/de\/datenschutzpolitik\/\"]}]},{\"@type\":\"BreadcrumbList\",\"@id\":\"https:\/\/www.oxino.com\/de\/datenschutzpolitik\/#breadcrumb\",\"itemListElement\":[{\"@type\":\"ListItem\",\"position\":1,\"name\":\"Portada\",\"item\":\"https:\/\/www.oxino.com\/de\/\"},{\"@type\":\"ListItem\",\"position\":2,\"name\":\"DATENSCHUTZPOLITIK\"}]},{\"@type\":\"WebSite\",\"@id\":\"https:\/\/www.oxino.com\/#website\",\"url\":\"https:\/\/www.oxino.com\/\",\"name\":\"Oxi...no\",\"description\":\"\",\"publisher\":{\"@id\":\"https:\/\/www.oxino.com\/#organization\"},\"potentialAction\":[{\"@type\":\"SearchAction\",\"target\":{\"@type\":\"EntryPoint\",\"urlTemplate\":\"https:\/\/www.oxino.com\/?s={search_term_string}\"},\"query-input\":\"required name=search_term_string\"}],\"inLanguage\":\"de\"},{\"@type\":\"Organization\",\"@id\":\"https:\/\/www.oxino.com\/#organization\",\"name\":\"Oxi...no\",\"url\":\"https:\/\/www.oxino.com\/\",\"logo\":{\"@type\":\"ImageObject\",\"inLanguage\":\"de\",\"@id\":\"https:\/\/www.oxino.com\/#\/schema\/logo\/image\/\",\"url\":\"https:\/\/www.oxino.com\/wp-content\/uploads\/2024\/01\/cropped-Logo_OXINO_Fondo_Blanco.webp\",\"contentUrl\":\"https:\/\/www.oxino.com\/wp-content\/uploads\/2024\/01\/cropped-Logo_OXINO_Fondo_Blanco.webp\",\"width\":512,\"height\":512,\"caption\":\"Oxi...no\"},\"image\":{\"@id\":\"https:\/\/www.oxino.com\/#\/schema\/logo\/image\/\"},\"sameAs\":[\"https:\/\/www.linkedin.com\/company\/oxi-no\/\"]}]}<\/script>\n<!-- \/ Yoast SEO plugin. -->","yoast_head_json":{"title":"DATENSCHUTZPOLITIK - Oxi...no","robots":{"index":"index","follow":"follow","max-snippet":"max-snippet:-1","max-image-preview":"max-image-preview:large","max-video-preview":"max-video-preview:-1"},"canonical":"https:\/\/www.oxino.com\/de\/datenschutzpolitik\/","og_locale":"de_DE","og_type":"article","og_title":"DATENSCHUTZPOLITIK - Oxi...no","og_description":"DATENSCHUTZPOLITIK IDENTIFIKATIONSDATEN DES EIGENT\u00dcMERS Der Eigent\u00fcmer der Website www.oxino.com ist Werku Tools SA (im Folgenden Werku), mit Sitz in Carretera N-VI km 586, Oleiros, La Coru\u00f1a, Spanien, europ\u00e4ische Steuernummer ESA15098205, eingetragen im Handelsregister von La Coru\u00f1a, Spanien, Band 477, Buch 256 der Sektion 3 der Gesellschaften auf Folio 60, Seite 2767 und Inschrift 1. E-Mail-Adresse [&hellip;]","og_url":"https:\/\/www.oxino.com\/de\/datenschutzpolitik\/","og_site_name":"Oxi...no","article_modified_time":"2024-06-04T10:39:30+00:00","twitter_card":"summary_large_image","twitter_misc":{"Gesch\u00e4tzte Lesezeit":"6\u00a0Minuten"},"schema":{"@context":"https:\/\/schema.org","@graph":[{"@type":"WebPage","@id":"https:\/\/www.oxino.com\/de\/datenschutzpolitik\/","url":"https:\/\/www.oxino.com\/de\/datenschutzpolitik\/","name":"DATENSCHUTZPOLITIK - Oxi...no","isPartOf":{"@id":"https:\/\/www.oxino.com\/#website"},"datePublished":"2023-09-06T14:02:12+00:00","dateModified":"2024-06-04T10:39:30+00:00","breadcrumb":{"@id":"https:\/\/www.oxino.com\/de\/datenschutzpolitik\/#breadcrumb"},"inLanguage":"de","potentialAction":[{"@type":"ReadAction","target":["https:\/\/www.oxino.com\/de\/datenschutzpolitik\/"]}]},{"@type":"BreadcrumbList","@id":"https:\/\/www.oxino.com\/de\/datenschutzpolitik\/#breadcrumb","itemListElement":[{"@type":"ListItem","position":1,"name":"Portada","item":"https:\/\/www.oxino.com\/de\/"},{"@type":"ListItem","position":2,"name":"DATENSCHUTZPOLITIK"}]},{"@type":"WebSite","@id":"https:\/\/www.oxino.com\/#website","url":"https:\/\/www.oxino.com\/","name":"Oxi...no","description":"","publisher":{"@id":"https:\/\/www.oxino.com\/#organization"},"potentialAction":[{"@type":"SearchAction","target":{"@type":"EntryPoint","urlTemplate":"https:\/\/www.oxino.com\/?s={search_term_string}"},"query-input":"required name=search_term_string"}],"inLanguage":"de"},{"@type":"Organization","@id":"https:\/\/www.oxino.com\/#organization","name":"Oxi...no","url":"https:\/\/www.oxino.com\/","logo":{"@type":"ImageObject","inLanguage":"de","@id":"https:\/\/www.oxino.com\/#\/schema\/logo\/image\/","url":"https:\/\/www.oxino.com\/wp-content\/uploads\/2024\/01\/cropped-Logo_OXINO_Fondo_Blanco.webp","contentUrl":"https:\/\/www.oxino.com\/wp-content\/uploads\/2024\/01\/cropped-Logo_OXINO_Fondo_Blanco.webp","width":512,"height":512,"caption":"Oxi...no"},"image":{"@id":"https:\/\/www.oxino.com\/#\/schema\/logo\/image\/"},"sameAs":["https:\/\/www.linkedin.com\/company\/oxi-no\/"]}]}},"_links":{"self":[{"href":"https:\/\/www.oxino.com\/de\/wp-json\/wp\/v2\/pages\/11924","targetHints":{"allow":["GET"]}}],"collection":[{"href":"https:\/\/www.oxino.com\/de\/wp-json\/wp\/v2\/pages"}],"about":[{"href":"https:\/\/www.oxino.com\/de\/wp-json\/wp\/v2\/types\/page"}],"author":[{"embeddable":true,"href":"https:\/\/www.oxino.com\/de\/wp-json\/wp\/v2\/users\/1"}],"replies":[{"embeddable":true,"href":"https:\/\/www.oxino.com\/de\/wp-json\/wp\/v2\/comments?post=11924"}],"version-history":[{"count":13,"href":"https:\/\/www.oxino.com\/de\/wp-json\/wp\/v2\/pages\/11924\/revisions"}],"predecessor-version":[{"id":12348,"href":"https:\/\/www.oxino.com\/de\/wp-json\/wp\/v2\/pages\/11924\/revisions\/12348"}],"wp:attachment":[{"href":"https:\/\/www.oxino.com\/de\/wp-json\/wp\/v2\/media?parent=11924"}],"curies":[{"name":"wp","href":"https:\/\/api.w.org\/{rel}","templated":true}]}}